{"id":996,"date":"2025-02-14T00:39:57","date_gmt":"2025-02-14T00:39:57","guid":{"rendered":"https:\/\/bacaratds.com.ar\/cosechatardia\/?post_type=product&#038;p=996"},"modified":"2025-09-06T22:58:25","modified_gmt":"2025-09-06T22:58:25","slug":"tequila-patron-xo-cafe-dark-cocoa-750-cm3-con-estuche","status":"publish","type":"product","link":"https:\/\/bacaratds.com.ar\/cosechatardia\/producto\/tequila-patron-xo-cafe-dark-cocoa-750-cm3-con-estuche\/","title":{"rendered":"Tequila Patr\u00f3n XO caf\u00e9 dark cocoa 750 cm3 con estuche"},"content":{"rendered":"<p>Licor de caf\u00e9 y chocolate elaborado con base de tequila Patr\u00f3n silver. De color marr\u00f3n intenso y tinta en la copa, el aroma afrutado sugiere la dulzura de la mora. En boca se hace eco de esa nota de mora, adem\u00e1s de miel y uva Concord, que se desvanece en el chocolate amargo.<\/p>\n<p>Aspecto: de color marr\u00f3n rojizo intenso, casi negro.<\/p>\n<p>Aroma: granos de caf\u00e9, tiramis\u00fa, espresso y chocolate amargo.<\/p>\n<p>Sabor: el ligero dulzor se equilibra con un espresso fuerte, seco y robusto con tiramis\u00fa cremoso, cacao en polvo, chocolate amargo y un sutil tequila herb\u00e1ceo y especiado.<\/p>\n<p>Final: rico final de chocolate y caf\u00e9 con pimienta negra molida y canela.<\/p>\n","protected":false},"excerpt":{"rendered":"<p>Licor de caf\u00e9 y chocolate elaborado con base de tequila Patr\u00f3n silver. De color marr\u00f3n intenso y tinta en la copa, el aroma afrutado sugiere la dulzura de la mora. En boca se hace eco de esa nota de mora, adem\u00e1s de miel y uva Concord, que se desvanece en el chocolate amargo. Aspecto: de&hellip;<\/p>\n","protected":false},"featured_media":997,"comment_status":"open","ping_status":"closed","template":"","meta":[],"product_brand":[151],"product_cat":[50,209,97],"product_tag":[],"class_list":{"0":"post-996","1":"product","2":"type-product","3":"status-publish","4":"has-post-thumbnail","6":"product_brand-patron","7":"product_cat-bebidas-blancas","8":"product_cat-regalos-dia-del-padre","9":"product_cat-tequila","10":"product_shipping_class-a-coordinar-con-cliente","12":"first","13":"instock","14":"purchasable","15":"product-type-simple"},"_links":{"self":[{"href":"https:\/\/bacaratds.com.ar\/cosechatardia\/wp-json\/wp\/v2\/product\/996","targetHints":{"allow":["GET"]}}],"collection":[{"href":"https:\/\/bacaratds.com.ar\/cosechatardia\/wp-json\/wp\/v2\/product"}],"about":[{"href":"https:\/\/bacaratds.com.ar\/cosechatardia\/wp-json\/wp\/v2\/types\/product"}],"replies":[{"embeddable":true,"href":"https:\/\/bacaratds.com.ar\/cosechatardia\/wp-json\/wp\/v2\/comments?post=996"}],"wp:featuredmedia":[{"embeddable":true,"href":"https:\/\/bacaratds.com.ar\/cosechatardia\/wp-json\/wp\/v2\/media\/997"}],"wp:attachment":[{"href":"https:\/\/bacaratds.com.ar\/cosechatardia\/wp-json\/wp\/v2\/media?parent=996"}],"wp:term":[{"taxonomy":"product_brand","embeddable":true,"href":"https:\/\/bacaratds.com.ar\/cosechatardia\/wp-json\/wp\/v2\/product_brand?post=996"},{"taxonomy":"product_cat","embeddable":true,"href":"https:\/\/bacaratds.com.ar\/cosechatardia\/wp-json\/wp\/v2\/product_cat?post=996"},{"taxonomy":"product_tag","embeddable":true,"href":"https:\/\/bacaratds.com.ar\/cosechatardia\/wp-json\/wp\/v2\/product_tag?post=996"}],"curies":[{"name":"wp","href":"https:\/\/api.w.org\/{rel}","templated":true}]}}