{"id":994,"date":"2025-02-14T00:38:43","date_gmt":"2025-02-14T00:38:43","guid":{"rendered":"https:\/\/bacaratds.com.ar\/cosechatardia\/?post_type=product&#038;p=994"},"modified":"2025-09-06T22:58:39","modified_gmt":"2025-09-06T22:58:39","slug":"tequila-patron-xo-cafe-750-cm3-con-estuche","status":"publish","type":"product","link":"https:\/\/bacaratds.com.ar\/cosechatardia\/producto\/tequila-patron-xo-cafe-750-cm3-con-estuche\/","title":{"rendered":"Tequila Patr\u00f3n XO Caf\u00e9 750 cm3 con estuche"},"content":{"rendered":"<p>Exquisita bebida de origen mexicano que combina la intensidad del caf\u00e9, el dulzor del chocolate y un toque picante de chile. Con una graduaci\u00f3n alcoh\u00f3lica del 30%, este tequila es perfecto para disfrutar en cualquier ocasi\u00f3n especial.<\/p>\n<p>Patr\u00f3n XO Caf\u00e9 se elabora combinando Patr\u00f3n Silver de primera calidad con esencia de caf\u00e9 natural del estado mexicano de Veracruz para crear un licor de caf\u00e9 seco, sin az\u00facar. Su alta graduaci\u00f3n alcoh\u00f3lica realza el sabor de la esencia de caf\u00e9 junto con las apreciadas notas de tequila y agave cocido.<\/p>\n<p>Color: marr\u00f3n oscuro<\/p>\n<p>Aroma: caf\u00e9 equilibrado con chocolate, vainilla y levemente tequila.<\/p>\n<p>Sabor: caf\u00e9 reci\u00e9n tostado, notas de chocolate y vainilla. Final suave, pero seco.<\/p>\n","protected":false},"excerpt":{"rendered":"<p>Exquisita bebida de origen mexicano que combina la intensidad del caf\u00e9, el dulzor del chocolate y un toque picante de chile. Con una graduaci\u00f3n alcoh\u00f3lica del 30%, este tequila es perfecto para disfrutar en cualquier ocasi\u00f3n especial. Patr\u00f3n XO Caf\u00e9 se elabora combinando Patr\u00f3n Silver de primera calidad con esencia de caf\u00e9 natural del estado&hellip;<\/p>\n","protected":false},"featured_media":995,"comment_status":"open","ping_status":"closed","template":"","meta":[],"product_brand":[151],"product_cat":[50,209,97],"product_tag":[],"class_list":{"0":"post-994","1":"product","2":"type-product","3":"status-publish","4":"has-post-thumbnail","6":"product_brand-patron","7":"product_cat-bebidas-blancas","8":"product_cat-regalos-dia-del-padre","9":"product_cat-tequila","10":"product_shipping_class-a-coordinar-con-cliente","12":"first","13":"instock","14":"purchasable","15":"product-type-simple"},"_links":{"self":[{"href":"https:\/\/bacaratds.com.ar\/cosechatardia\/wp-json\/wp\/v2\/product\/994","targetHints":{"allow":["GET"]}}],"collection":[{"href":"https:\/\/bacaratds.com.ar\/cosechatardia\/wp-json\/wp\/v2\/product"}],"about":[{"href":"https:\/\/bacaratds.com.ar\/cosechatardia\/wp-json\/wp\/v2\/types\/product"}],"replies":[{"embeddable":true,"href":"https:\/\/bacaratds.com.ar\/cosechatardia\/wp-json\/wp\/v2\/comments?post=994"}],"wp:featuredmedia":[{"embeddable":true,"href":"https:\/\/bacaratds.com.ar\/cosechatardia\/wp-json\/wp\/v2\/media\/995"}],"wp:attachment":[{"href":"https:\/\/bacaratds.com.ar\/cosechatardia\/wp-json\/wp\/v2\/media?parent=994"}],"wp:term":[{"taxonomy":"product_brand","embeddable":true,"href":"https:\/\/bacaratds.com.ar\/cosechatardia\/wp-json\/wp\/v2\/product_brand?post=994"},{"taxonomy":"product_cat","embeddable":true,"href":"https:\/\/bacaratds.com.ar\/cosechatardia\/wp-json\/wp\/v2\/product_cat?post=994"},{"taxonomy":"product_tag","embeddable":true,"href":"https:\/\/bacaratds.com.ar\/cosechatardia\/wp-json\/wp\/v2\/product_tag?post=994"}],"curies":[{"name":"wp","href":"https:\/\/api.w.org\/{rel}","templated":true}]}}