{"id":991,"date":"2025-02-14T00:33:34","date_gmt":"2025-02-14T00:33:34","guid":{"rendered":"https:\/\/bacaratds.com.ar\/cosechatardia\/?post_type=product&#038;p=991"},"modified":"2026-04-25T15:15:15","modified_gmt":"2026-04-25T15:15:15","slug":"tequila-el-jimador-silver-750-cm3","status":"publish","type":"product","link":"https:\/\/bacaratds.com.ar\/cosechatardia\/producto\/tequila-el-jimador-silver-750-cm3\/","title":{"rendered":"Tequila El Jimador silver 750 cm3"},"content":{"rendered":"<p>Es un tequila fresco y aut\u00e9ntico, elaborado a partir de Agave azul 100% cosechado a mano y sin reposo, destilado dos veces.<\/p>\n<p>Color: cristalino<\/p>\n<p>Aroma: predomina el Agave cocido, afrutado y con notas c\u00edtricas.<\/p>\n<p>Sabor: suave e inconfundible a agave con toques de dulzura c\u00edtrica. Final limpio y tibio con tonos suaves a c\u00edtricos.<\/p>\n","protected":false},"excerpt":{"rendered":"<p>Es un tequila fresco y aut\u00e9ntico, elaborado a partir de Agave azul 100% cosechado a mano y sin reposo, destilado dos veces. Color: cristalino Aroma: predomina el Agave cocido, afrutado y con notas c\u00edtricas. Sabor: suave e inconfundible a agave con toques de dulzura c\u00edtrica. Final limpio y tibio con tonos suaves a c\u00edtricos.<\/p>\n","protected":false},"featured_media":993,"comment_status":"open","ping_status":"closed","template":"","meta":[],"product_brand":[152],"product_cat":[50,97],"product_tag":[],"class_list":{"0":"post-991","1":"product","2":"type-product","3":"status-publish","4":"has-post-thumbnail","6":"product_brand-el-jimador","7":"product_cat-bebidas-blancas","8":"product_cat-tequila","9":"product_shipping_class-a-coordinar-con-cliente","11":"first","12":"instock","13":"purchasable","14":"product-type-simple"},"_links":{"self":[{"href":"https:\/\/bacaratds.com.ar\/cosechatardia\/wp-json\/wp\/v2\/product\/991","targetHints":{"allow":["GET"]}}],"collection":[{"href":"https:\/\/bacaratds.com.ar\/cosechatardia\/wp-json\/wp\/v2\/product"}],"about":[{"href":"https:\/\/bacaratds.com.ar\/cosechatardia\/wp-json\/wp\/v2\/types\/product"}],"replies":[{"embeddable":true,"href":"https:\/\/bacaratds.com.ar\/cosechatardia\/wp-json\/wp\/v2\/comments?post=991"}],"wp:featuredmedia":[{"embeddable":true,"href":"https:\/\/bacaratds.com.ar\/cosechatardia\/wp-json\/wp\/v2\/media\/993"}],"wp:attachment":[{"href":"https:\/\/bacaratds.com.ar\/cosechatardia\/wp-json\/wp\/v2\/media?parent=991"}],"wp:term":[{"taxonomy":"product_brand","embeddable":true,"href":"https:\/\/bacaratds.com.ar\/cosechatardia\/wp-json\/wp\/v2\/product_brand?post=991"},{"taxonomy":"product_cat","embeddable":true,"href":"https:\/\/bacaratds.com.ar\/cosechatardia\/wp-json\/wp\/v2\/product_cat?post=991"},{"taxonomy":"product_tag","embeddable":true,"href":"https:\/\/bacaratds.com.ar\/cosechatardia\/wp-json\/wp\/v2\/product_tag?post=991"}],"curies":[{"name":"wp","href":"https:\/\/api.w.org\/{rel}","templated":true}]}}