{"id":989,"date":"2025-02-14T00:30:03","date_gmt":"2025-02-14T00:30:03","guid":{"rendered":"https:\/\/bacaratds.com.ar\/cosechatardia\/?post_type=product&#038;p=989"},"modified":"2026-04-25T15:15:36","modified_gmt":"2026-04-25T15:15:36","slug":"tequila-jose-cuervo-silver-750-cm3","status":"publish","type":"product","link":"https:\/\/bacaratds.com.ar\/cosechatardia\/producto\/tequila-jose-cuervo-silver-750-cm3\/","title":{"rendered":"Tequila Jos\u00e9 Cuervo silver 750 cm3"},"content":{"rendered":"<p>Desde Destiler\u00edas Jos\u00e9 Cuervo, es un tequila plata con origen en M\u00e9xico. Se elabora con agave azul cosechado a mano, prensado y macerado antes de ser destilado para producir el tequila m\u00e1s puro.<\/p>\n<p>Vista: color transparente.<\/p>\n<p>Nariz: aroma floral, afrutado con toque de nuez, almendra y agave.<\/p>\n<p>Boca: es suave y dulce con toque de vainilla y agave, con final equilibrado.<\/p>\n","protected":false},"excerpt":{"rendered":"<p>Desde Destiler\u00edas Jos\u00e9 Cuervo, es un tequila plata con origen en M\u00e9xico. Se elabora con agave azul cosechado a mano, prensado y macerado antes de ser destilado para producir el tequila m\u00e1s puro. Vista: color transparente. Nariz: aroma floral, afrutado con toque de nuez, almendra y agave. Boca: es suave y dulce con toque de&hellip;<\/p>\n","protected":false},"featured_media":990,"comment_status":"open","ping_status":"closed","template":"","meta":[],"product_brand":[153],"product_cat":[50,97],"product_tag":[],"class_list":{"0":"post-989","1":"product","2":"type-product","3":"status-publish","4":"has-post-thumbnail","6":"product_brand-jose-cuervo","7":"product_cat-bebidas-blancas","8":"product_cat-tequila","9":"product_shipping_class-a-coordinar-con-cliente","11":"first","12":"instock","13":"purchasable","14":"product-type-simple"},"_links":{"self":[{"href":"https:\/\/bacaratds.com.ar\/cosechatardia\/wp-json\/wp\/v2\/product\/989","targetHints":{"allow":["GET"]}}],"collection":[{"href":"https:\/\/bacaratds.com.ar\/cosechatardia\/wp-json\/wp\/v2\/product"}],"about":[{"href":"https:\/\/bacaratds.com.ar\/cosechatardia\/wp-json\/wp\/v2\/types\/product"}],"replies":[{"embeddable":true,"href":"https:\/\/bacaratds.com.ar\/cosechatardia\/wp-json\/wp\/v2\/comments?post=989"}],"wp:featuredmedia":[{"embeddable":true,"href":"https:\/\/bacaratds.com.ar\/cosechatardia\/wp-json\/wp\/v2\/media\/990"}],"wp:attachment":[{"href":"https:\/\/bacaratds.com.ar\/cosechatardia\/wp-json\/wp\/v2\/media?parent=989"}],"wp:term":[{"taxonomy":"product_brand","embeddable":true,"href":"https:\/\/bacaratds.com.ar\/cosechatardia\/wp-json\/wp\/v2\/product_brand?post=989"},{"taxonomy":"product_cat","embeddable":true,"href":"https:\/\/bacaratds.com.ar\/cosechatardia\/wp-json\/wp\/v2\/product_cat?post=989"},{"taxonomy":"product_tag","embeddable":true,"href":"https:\/\/bacaratds.com.ar\/cosechatardia\/wp-json\/wp\/v2\/product_tag?post=989"}],"curies":[{"name":"wp","href":"https:\/\/api.w.org\/{rel}","templated":true}]}}