{"id":860,"date":"2025-01-23T13:00:57","date_gmt":"2025-01-23T13:00:57","guid":{"rendered":"https:\/\/bacaratds.com.ar\/cosechatardia\/?post_type=product&#038;p=860"},"modified":"2026-02-22T00:38:23","modified_gmt":"2026-02-22T00:38:23","slug":"jagermeister-700-cc","status":"publish","type":"product","link":"https:\/\/bacaratds.com.ar\/cosechatardia\/producto\/jagermeister-700-cc\/","title":{"rendered":"JAGERMEISTER 700 CC"},"content":{"rendered":"<p>Licor de hierbas alem\u00e1n de 35% vol. alc., elaborado con una receta secreta de 56 ingredientes bot\u00e1nicos (hierbas, ra\u00edces, frutas y especias).<\/p>\n<p>Elaboraci\u00f3n: se macera en alcohol durante varias semanas y luego madura durante un a\u00f1o en barricas de roble.<\/p>\n<p>Perfil de sabor: sabor intenso, complejo, dulce y amargo, con toques herb\u00e1ceos y anisados.<\/p>\n<p>&nbsp;<\/p>\n","protected":false},"excerpt":{"rendered":"<p>Licor de hierbas alem\u00e1n de 35% vol. alc., elaborado con una receta secreta de 56 ingredientes bot\u00e1nicos (hierbas, ra\u00edces, frutas y especias). Elaboraci\u00f3n: se macera en alcohol durante varias semanas y luego madura durante un a\u00f1o en barricas de roble. Perfil de sabor: sabor intenso, complejo, dulce y amargo, con toques herb\u00e1ceos y anisados. &nbsp;<\/p>\n","protected":false},"featured_media":862,"comment_status":"open","ping_status":"closed","template":"","meta":[],"product_brand":[],"product_cat":[50,51],"product_tag":[],"class_list":{"0":"post-860","1":"product","2":"type-product","3":"status-publish","4":"has-post-thumbnail","6":"product_cat-bebidas-blancas","7":"product_cat-licores","8":"product_shipping_class-a-coordinar-con-cliente","10":"first","11":"outofstock","12":"purchasable","13":"product-type-simple"},"_links":{"self":[{"href":"https:\/\/bacaratds.com.ar\/cosechatardia\/wp-json\/wp\/v2\/product\/860","targetHints":{"allow":["GET"]}}],"collection":[{"href":"https:\/\/bacaratds.com.ar\/cosechatardia\/wp-json\/wp\/v2\/product"}],"about":[{"href":"https:\/\/bacaratds.com.ar\/cosechatardia\/wp-json\/wp\/v2\/types\/product"}],"replies":[{"embeddable":true,"href":"https:\/\/bacaratds.com.ar\/cosechatardia\/wp-json\/wp\/v2\/comments?post=860"}],"wp:featuredmedia":[{"embeddable":true,"href":"https:\/\/bacaratds.com.ar\/cosechatardia\/wp-json\/wp\/v2\/media\/862"}],"wp:attachment":[{"href":"https:\/\/bacaratds.com.ar\/cosechatardia\/wp-json\/wp\/v2\/media?parent=860"}],"wp:term":[{"taxonomy":"product_brand","embeddable":true,"href":"https:\/\/bacaratds.com.ar\/cosechatardia\/wp-json\/wp\/v2\/product_brand?post=860"},{"taxonomy":"product_cat","embeddable":true,"href":"https:\/\/bacaratds.com.ar\/cosechatardia\/wp-json\/wp\/v2\/product_cat?post=860"},{"taxonomy":"product_tag","embeddable":true,"href":"https:\/\/bacaratds.com.ar\/cosechatardia\/wp-json\/wp\/v2\/product_tag?post=860"}],"curies":[{"name":"wp","href":"https:\/\/api.w.org\/{rel}","templated":true}]}}