{"id":858,"date":"2025-01-23T12:58:27","date_gmt":"2025-01-23T12:58:27","guid":{"rendered":"https:\/\/bacaratds.com.ar\/cosechatardia\/?post_type=product&#038;p=858"},"modified":"2025-09-04T21:32:14","modified_gmt":"2025-09-04T21:32:14","slug":"master-ship-c-2-vasos","status":"publish","type":"product","link":"https:\/\/bacaratds.com.ar\/cosechatardia\/producto\/master-ship-c-2-vasos\/","title":{"rendered":"MASTER SHIP C\/2 VASOS"},"content":{"rendered":"<p><span data-huuid=\"6225830490996707239\">Master Ship es un licor de hierbas de estilo alem\u00e1n, elaborado artesanalmente con una selecci\u00f3n de hierbas, frutas, especias, ra\u00edces y an\u00eds.\u00a0<\/span><span data-huuid=\"6225830490996706558\">Se produce en la destiler\u00eda Bebidas del SuR<\/span><\/p>\n<div class=\"WaaZC\">\n<div class=\"RJPOee EIJn2\">\n<div class=\"rPeykc uP58nb\" data-hveid=\"CCAQAQ\" data-ved=\"2ahUKEwj22byY8ouLAxW8AbkGHVcIOa4Qo_EKegQIIBAB\"><span data-huuid=\"6225830490996705196\"><span role=\"heading\" aria-level=\"2\">Caracter\u00edsticas:<\/span><span class=\"pjBG2e\" data-cid=\"08eeabbb-233f-482e-8d41-2f65e9a1c6d8\"><span class=\"UV3uM\">\u00a0<\/span><\/span><\/span><\/p>\n<div class=\"NPrrbc\" data-cid=\"08eeabbb-233f-482e-8d41-2f65e9a1c6d8\" data-uuids=\"6225830490996705196,6225830490996707249,6225830490996705887,6225830490996704525\">\n<div class=\"BMebGe btku5b fCrZyc LwdV0e FR7ZSc OJeuxf\" tabindex=\"0\" role=\"button\" aria-label=\"Ver v\u00ednculos relacionados\" data-hveid=\"CB4QAQ\" data-ved=\"2ahUKEwj22byY8ouLAxW8AbkGHVcIOa4Q3fYKegQIHhAB\">\n<div class=\"niO4u\">\n<div class=\"kHtcsd\"><\/div>\n<\/div>\n<\/div>\n<\/div>\n<\/div>\n<\/div>\n<\/div>\n<div class=\"WaaZC\">\n<div class=\"RJPOee EIJn2\">\n<ul data-hveid=\"CBUQAQ\" data-ved=\"2ahUKEwj22byY8ouLAxW8AbkGHVcIOa4Qm_YKegQIFRAB\">\n<li><span data-huuid=\"6225830490996707249\">Se macera durante un a\u00f1o y tres meses<\/span><\/li>\n<li><span data-huuid=\"6225830490996705887\">Su sabor es anisado intenso con notas de regaliz<\/span><\/li>\n<li><span data-huuid=\"6225830490996704525\">Es denso, dulce y robusto<\/span><\/li>\n<\/ul>\n<\/div>\n<\/div>\n<div class=\"WaaZC\">\n<div class=\"RJPOee EIJn2\">\n<div class=\"rPeykc uP58nb\" data-hveid=\"CCEQAQ\" data-ved=\"2ahUKEwj22byY8ouLAxW8AbkGHVcIOa4Qo_EKegQIIRAB\"><span data-huuid=\"6225830490996707259\"><span role=\"heading\" aria-level=\"2\">Se puede consumir de diversas formas:<\/span><span class=\"pjBG2e\" data-cid=\"4c3491a1-2171-480d-8434-390b714c03b0\"><span class=\"UV3uM\">\u00a0<\/span><\/span><\/span><\/p>\n<div class=\"NPrrbc\" data-cid=\"4c3491a1-2171-480d-8434-390b714c03b0\" data-uuids=\"6225830490996707259,6225830490996705216,6225830490996703854,6225830490996706588,6225830490996705226,6225830490996703864,6225830490996706598\">\n<div class=\"BMebGe btku5b fCrZyc LwdV0e FR7ZSc OJeuxf\" tabindex=\"0\" role=\"button\" aria-label=\"Ver v\u00ednculos relacionados\" data-hveid=\"CB0QAQ\" data-ved=\"2ahUKEwj22byY8ouLAxW8AbkGHVcIOa4Q3fYKegQIHRAB\">\n<div class=\"niO4u\">\n<div class=\"kHtcsd\"><\/div>\n<\/div>\n<\/div>\n<\/div>\n<\/div>\n<\/div>\n<\/div>\n<div class=\"WaaZC\">\n<div class=\"RJPOee EIJn2\">\n<ul data-hveid=\"CBwQAQ\" data-ved=\"2ahUKEwj22byY8ouLAxW8AbkGHVcIOa4Qm_YKegQIHBAB\">\n<li><span data-huuid=\"6225830490996705216\">Como shot a -18\u00ba grados Celsius<\/span><\/li>\n<li><span data-huuid=\"6225830490996703854\">Combinado con cerveza<\/span><\/li>\n<li><span data-huuid=\"6225830490996706588\">Con bebidas energ\u00e9ticas<\/span><\/li>\n<li><span data-huuid=\"6225830490996705226\">Como aperitivo antes de las comidas<\/span><\/li>\n<li><span data-huuid=\"6225830490996703864\">Como acompa\u00f1amiento de picadas y finger food<\/span><\/li>\n<li><span data-huuid=\"6225830490996706598\">Como digestivo despu\u00e9s de un plato principal<\/span><\/li>\n<\/ul>\n<\/div>\n<\/div>\n","protected":false},"excerpt":{"rendered":"<p>Master Ship es un licor de hierbas de estilo alem\u00e1n, elaborado artesanalmente con una selecci\u00f3n de hierbas, frutas, especias, ra\u00edces y an\u00eds.\u00a0Se produce en la destiler\u00eda Bebidas del SuR Caracter\u00edsticas:\u00a0 Se macera durante un a\u00f1o y tres meses Su sabor es anisado intenso con notas de regaliz Es denso, dulce y robusto Se puede consumir&hellip;<\/p>\n","protected":false},"featured_media":859,"comment_status":"open","ping_status":"closed","template":"","meta":[],"product_brand":[172],"product_cat":[50,51],"product_tag":[],"class_list":{"0":"post-858","1":"product","2":"type-product","3":"status-publish","4":"has-post-thumbnail","6":"product_brand-master-ship","7":"product_cat-bebidas-blancas","8":"product_cat-licores","9":"product_shipping_class-a-coordinar-con-cliente","11":"first","12":"outofstock","13":"taxable","14":"shipping-taxable","15":"product-type-simple"},"_links":{"self":[{"href":"https:\/\/bacaratds.com.ar\/cosechatardia\/wp-json\/wp\/v2\/product\/858","targetHints":{"allow":["GET"]}}],"collection":[{"href":"https:\/\/bacaratds.com.ar\/cosechatardia\/wp-json\/wp\/v2\/product"}],"about":[{"href":"https:\/\/bacaratds.com.ar\/cosechatardia\/wp-json\/wp\/v2\/types\/product"}],"replies":[{"embeddable":true,"href":"https:\/\/bacaratds.com.ar\/cosechatardia\/wp-json\/wp\/v2\/comments?post=858"}],"wp:featuredmedia":[{"embeddable":true,"href":"https:\/\/bacaratds.com.ar\/cosechatardia\/wp-json\/wp\/v2\/media\/859"}],"wp:attachment":[{"href":"https:\/\/bacaratds.com.ar\/cosechatardia\/wp-json\/wp\/v2\/media?parent=858"}],"wp:term":[{"taxonomy":"product_brand","embeddable":true,"href":"https:\/\/bacaratds.com.ar\/cosechatardia\/wp-json\/wp\/v2\/product_brand?post=858"},{"taxonomy":"product_cat","embeddable":true,"href":"https:\/\/bacaratds.com.ar\/cosechatardia\/wp-json\/wp\/v2\/product_cat?post=858"},{"taxonomy":"product_tag","embeddable":true,"href":"https:\/\/bacaratds.com.ar\/cosechatardia\/wp-json\/wp\/v2\/product_tag?post=858"}],"curies":[{"name":"wp","href":"https:\/\/api.w.org\/{rel}","templated":true}]}}