{"id":677,"date":"2024-11-27T13:02:21","date_gmt":"2024-11-27T13:02:21","guid":{"rendered":"https:\/\/bacaratds.com.ar\/cosechatardia\/?post_type=product&#038;p=677"},"modified":"2025-09-06T23:18:33","modified_gmt":"2025-09-06T23:18:33","slug":"tannat-siete-vacas-linea-origen-bodega-las-arcas-de-tolombon","status":"publish","type":"product","link":"https:\/\/bacaratds.com.ar\/cosechatardia\/producto\/tannat-siete-vacas-linea-origen-bodega-las-arcas-de-tolombon\/","title":{"rendered":"Tannat Siete Vacas &#8211; L\u00ednea Origen &#8211; Bodega Las Arcas de Tolomb\u00f3n"},"content":{"rendered":"<p>Varietal: 100% tannat.<\/p>\n<p>Procedencia: Valle Calchaqu\u00ed a 1750 msnm.<\/p>\n<p>De color violeta muy intenso. En nariz es muy frutado t\u00edpico de la regi\u00f3n, con notas de ciruelas, pasas de uva, higos, especias y chocolate amargo que se acent\u00faan cuando se estacionan. En boca es voluminoso, de estructura intensa, con taninos fuertes (concentrado, potente y astringente) excelente final y muy seco. Acompa\u00f1ar con carnes rojas, pastas con salsas preferentemente picantes, comidas regionales, asado, carnes en general, postres de chocolate y queso azul.<\/p>\n","protected":false},"excerpt":{"rendered":"<p>Varietal: 100% tannat. Procedencia: Valle Calchaqu\u00ed a 1750 msnm. De color violeta muy intenso. En nariz es muy frutado t\u00edpico de la regi\u00f3n, con notas de ciruelas, pasas de uva, higos, especias y chocolate amargo que se acent\u00faan cuando se estacionan. En boca es voluminoso, de estructura intensa, con taninos fuertes (concentrado, potente y astringente)&hellip;<\/p>\n","protected":false},"featured_media":1569,"comment_status":"open","ping_status":"closed","template":"","meta":[],"product_brand":[207,208],"product_cat":[63,65,62],"product_tag":[],"class_list":{"0":"post-677","1":"product","2":"type-product","3":"status-publish","4":"has-post-thumbnail","6":"product_brand-arcas-de-tolombon","7":"product_brand-siete-vacas","8":"product_cat-vino-joven","9":"product_cat-vino-joven-con-paso-x-barricas","10":"product_cat-vino-tinto","11":"product_shipping_class-a-coordinar-con-cliente","13":"first","14":"outofstock","15":"purchasable","16":"product-type-simple"},"_links":{"self":[{"href":"https:\/\/bacaratds.com.ar\/cosechatardia\/wp-json\/wp\/v2\/product\/677","targetHints":{"allow":["GET"]}}],"collection":[{"href":"https:\/\/bacaratds.com.ar\/cosechatardia\/wp-json\/wp\/v2\/product"}],"about":[{"href":"https:\/\/bacaratds.com.ar\/cosechatardia\/wp-json\/wp\/v2\/types\/product"}],"replies":[{"embeddable":true,"href":"https:\/\/bacaratds.com.ar\/cosechatardia\/wp-json\/wp\/v2\/comments?post=677"}],"wp:featuredmedia":[{"embeddable":true,"href":"https:\/\/bacaratds.com.ar\/cosechatardia\/wp-json\/wp\/v2\/media\/1569"}],"wp:attachment":[{"href":"https:\/\/bacaratds.com.ar\/cosechatardia\/wp-json\/wp\/v2\/media?parent=677"}],"wp:term":[{"taxonomy":"product_brand","embeddable":true,"href":"https:\/\/bacaratds.com.ar\/cosechatardia\/wp-json\/wp\/v2\/product_brand?post=677"},{"taxonomy":"product_cat","embeddable":true,"href":"https:\/\/bacaratds.com.ar\/cosechatardia\/wp-json\/wp\/v2\/product_cat?post=677"},{"taxonomy":"product_tag","embeddable":true,"href":"https:\/\/bacaratds.com.ar\/cosechatardia\/wp-json\/wp\/v2\/product_tag?post=677"}],"curies":[{"name":"wp","href":"https:\/\/api.w.org\/{rel}","templated":true}]}}