{"id":676,"date":"2024-11-27T13:01:50","date_gmt":"2024-11-27T13:01:50","guid":{"rendered":"https:\/\/bacaratds.com.ar\/cosechatardia\/?post_type=product&#038;p=676"},"modified":"2025-09-06T23:18:46","modified_gmt":"2025-09-06T23:18:46","slug":"cabernet-sauvignon-siete-vacas-linea-origen-bodega-las-arcas-de-tolombon","status":"publish","type":"product","link":"https:\/\/bacaratds.com.ar\/cosechatardia\/producto\/cabernet-sauvignon-siete-vacas-linea-origen-bodega-las-arcas-de-tolombon\/","title":{"rendered":"Cabernet Sauvignon Siete Vacas &#8211; L\u00ednea Origen &#8211; Bodega Las Arcas de Tolomb\u00f3n"},"content":{"rendered":"<p>Varietal: 100% Cabernet Sauvignon<\/p>\n<p>Procedencia: Valle Calchaqu\u00ed a 1750 msnm<\/p>\n<p>De color rojo rub\u00ed intenso con bordes viol\u00e1ceos. En nariz es frutado y t\u00edpico con notas de pimientos, pimienta y especies. En boca es de buen volumen y estructura arm\u00f3nica, con buen final de taninos suaves y maduros. Acompa\u00f1ar con carnes rojas, pastas con salsas, comidas regionales, asado, carnes en general y postres de chocolate.<\/p>\n","protected":false},"excerpt":{"rendered":"<p>Varietal: 100% Cabernet Sauvignon Procedencia: Valle Calchaqu\u00ed a 1750 msnm De color rojo rub\u00ed intenso con bordes viol\u00e1ceos. En nariz es frutado y t\u00edpico con notas de pimientos, pimienta y especies. En boca es de buen volumen y estructura arm\u00f3nica, con buen final de taninos suaves y maduros. Acompa\u00f1ar con carnes rojas, pastas con salsas,&hellip;<\/p>\n","protected":false},"featured_media":1567,"comment_status":"open","ping_status":"closed","template":"","meta":[],"product_brand":[207,208],"product_cat":[63,62],"product_tag":[],"class_list":{"0":"post-676","1":"product","2":"type-product","3":"status-publish","4":"has-post-thumbnail","6":"product_brand-arcas-de-tolombon","7":"product_brand-siete-vacas","8":"product_cat-vino-joven","9":"product_cat-vino-tinto","10":"product_shipping_class-a-coordinar-con-cliente","12":"first","13":"instock","14":"purchasable","15":"product-type-simple"},"_links":{"self":[{"href":"https:\/\/bacaratds.com.ar\/cosechatardia\/wp-json\/wp\/v2\/product\/676","targetHints":{"allow":["GET"]}}],"collection":[{"href":"https:\/\/bacaratds.com.ar\/cosechatardia\/wp-json\/wp\/v2\/product"}],"about":[{"href":"https:\/\/bacaratds.com.ar\/cosechatardia\/wp-json\/wp\/v2\/types\/product"}],"replies":[{"embeddable":true,"href":"https:\/\/bacaratds.com.ar\/cosechatardia\/wp-json\/wp\/v2\/comments?post=676"}],"wp:featuredmedia":[{"embeddable":true,"href":"https:\/\/bacaratds.com.ar\/cosechatardia\/wp-json\/wp\/v2\/media\/1567"}],"wp:attachment":[{"href":"https:\/\/bacaratds.com.ar\/cosechatardia\/wp-json\/wp\/v2\/media?parent=676"}],"wp:term":[{"taxonomy":"product_brand","embeddable":true,"href":"https:\/\/bacaratds.com.ar\/cosechatardia\/wp-json\/wp\/v2\/product_brand?post=676"},{"taxonomy":"product_cat","embeddable":true,"href":"https:\/\/bacaratds.com.ar\/cosechatardia\/wp-json\/wp\/v2\/product_cat?post=676"},{"taxonomy":"product_tag","embeddable":true,"href":"https:\/\/bacaratds.com.ar\/cosechatardia\/wp-json\/wp\/v2\/product_tag?post=676"}],"curies":[{"name":"wp","href":"https:\/\/api.w.org\/{rel}","templated":true}]}}