{"id":613,"date":"2024-11-25T20:56:37","date_gmt":"2024-11-25T20:56:37","guid":{"rendered":"https:\/\/bacaratds.com.ar\/cosechatardia\/?post_type=product&#038;p=613"},"modified":"2025-09-06T23:23:42","modified_gmt":"2025-09-06T23:23:42","slug":"malbec-jose-luis-mounier-linea-reserva-el-divisadero-cafayate-salta","status":"publish","type":"product","link":"https:\/\/bacaratds.com.ar\/cosechatardia\/producto\/malbec-jose-luis-mounier-linea-reserva-el-divisadero-cafayate-salta\/","title":{"rendered":"Malbec Jos\u00e9 Luis Mounier &#8211; L\u00ednea Reserva &#8211; El Divisadero &#8211; Cafayate &#8211; Salta"},"content":{"rendered":"<p>Varietal: 100% malbec.<\/p>\n<p>Vi\u00f1edos: provenientes de vi\u00f1edos de 25 a\u00f1os en los suelos de Cafayate; paraje El Divisadero.<\/p>\n<p>Se utilizan barricas francesas de 1\u00b0 y 2\u00b0 uso para su fermentaci\u00f3n, luego pasa a roble por 12 meses y finalmente un a\u00f1o de cava en botella.<\/p>\n<p>Vino de color rojo intenso con bordes viol\u00e1ceos, muy frutado y t\u00edpico, su paso por el roble le aporta importante fineza y complejidad. Gran volumen y estructura en boca, con largo y arm\u00f3nico final.<\/p>\n","protected":false},"excerpt":{"rendered":"<p>Varietal: 100% malbec. Vi\u00f1edos: provenientes de vi\u00f1edos de 25 a\u00f1os en los suelos de Cafayate; paraje El Divisadero. Se utilizan barricas francesas de 1\u00b0 y 2\u00b0 uso para su fermentaci\u00f3n, luego pasa a roble por 12 meses y finalmente un a\u00f1o de cava en botella. Vino de color rojo intenso con bordes viol\u00e1ceos, muy frutado&hellip;<\/p>\n","protected":false},"featured_media":1535,"comment_status":"open","ping_status":"closed","template":"","meta":[],"product_brand":[203],"product_cat":[57,62,91],"product_tag":[],"class_list":{"0":"post-613","1":"product","2":"type-product","3":"status-publish","4":"has-post-thumbnail","6":"product_brand-jose-luis-mounier","7":"product_cat-vino-reserva","8":"product_cat-vino-tinto","9":"product_cat-vino-tinto-fermentacion-en-barricas-de-roble","10":"product_shipping_class-a-coordinar-con-cliente","12":"first","13":"instock","14":"purchasable","15":"product-type-simple"},"_links":{"self":[{"href":"https:\/\/bacaratds.com.ar\/cosechatardia\/wp-json\/wp\/v2\/product\/613","targetHints":{"allow":["GET"]}}],"collection":[{"href":"https:\/\/bacaratds.com.ar\/cosechatardia\/wp-json\/wp\/v2\/product"}],"about":[{"href":"https:\/\/bacaratds.com.ar\/cosechatardia\/wp-json\/wp\/v2\/types\/product"}],"replies":[{"embeddable":true,"href":"https:\/\/bacaratds.com.ar\/cosechatardia\/wp-json\/wp\/v2\/comments?post=613"}],"wp:featuredmedia":[{"embeddable":true,"href":"https:\/\/bacaratds.com.ar\/cosechatardia\/wp-json\/wp\/v2\/media\/1535"}],"wp:attachment":[{"href":"https:\/\/bacaratds.com.ar\/cosechatardia\/wp-json\/wp\/v2\/media?parent=613"}],"wp:term":[{"taxonomy":"product_brand","embeddable":true,"href":"https:\/\/bacaratds.com.ar\/cosechatardia\/wp-json\/wp\/v2\/product_brand?post=613"},{"taxonomy":"product_cat","embeddable":true,"href":"https:\/\/bacaratds.com.ar\/cosechatardia\/wp-json\/wp\/v2\/product_cat?post=613"},{"taxonomy":"product_tag","embeddable":true,"href":"https:\/\/bacaratds.com.ar\/cosechatardia\/wp-json\/wp\/v2\/product_tag?post=613"}],"curies":[{"name":"wp","href":"https:\/\/api.w.org\/{rel}","templated":true}]}}