{"id":605,"date":"2024-11-25T20:42:41","date_gmt":"2024-11-25T20:42:41","guid":{"rendered":"https:\/\/bacaratds.com.ar\/cosechatardia\/?post_type=product&#038;p=605"},"modified":"2025-09-06T23:24:20","modified_gmt":"2025-09-06T23:24:20","slug":"courveaux-noir-collovatti-enologo-javier-collovatti-la-rioja","status":"publish","type":"product","link":"https:\/\/bacaratds.com.ar\/cosechatardia\/producto\/courveaux-noir-collovatti-enologo-javier-collovatti-la-rioja\/","title":{"rendered":"Corbeau Noir Collovati &#8211; En\u00f3logo Javier Collovati &#8211; La Rioja"},"content":{"rendered":"<p>Este vino nace en Sa\u00f1ogasta, La Rioja. Ah\u00ed se combinan altitud, temperatura, humedad y generan un microclima ideal para la producci\u00f3n de uvas.<\/p>\n<p>De color rojo intenso con reflejos viol\u00e1ceos. Los aromas complejos de la fruta roja madura, ciruela, cereza negra, frutilla y dulce de moras, bien integrados en un fondo especiados con sutiles dejos a vainilla, caramelo y regaliz. De gran cuerpo, entrada amable y jugosa, sus taninos bien presentes le dan car\u00e1cter y viveza, con buena untuosidad, y de final prolongado. Ideal para acompa\u00f1ar carnes magras con vegetales grillados, platos especiados o quesos de pasta semiduras o duras.<\/p>\n<p>Guarda en barricas de roble: 12 meses.<\/p>\n<p>Estiba en botella: 12 meses.<\/p>\n","protected":false},"excerpt":{"rendered":"<p>Este vino nace en Sa\u00f1ogasta, La Rioja. Ah\u00ed se combinan altitud, temperatura, humedad y generan un microclima ideal para la producci\u00f3n de uvas. De color rojo intenso con reflejos viol\u00e1ceos. Los aromas complejos de la fruta roja madura, ciruela, cereza negra, frutilla y dulce de moras, bien integrados en un fondo especiados con sutiles dejos&hellip;<\/p>\n","protected":false},"featured_media":599,"comment_status":"open","ping_status":"closed","template":"","meta":[],"product_brand":[202],"product_cat":[57,62],"product_tag":[],"class_list":{"0":"post-605","1":"product","2":"type-product","3":"status-publish","4":"has-post-thumbnail","6":"product_brand-javier-collovati","7":"product_cat-vino-reserva","8":"product_cat-vino-tinto","9":"product_shipping_class-a-coordinar-con-cliente","11":"first","12":"instock","13":"purchasable","14":"product-type-simple"},"_links":{"self":[{"href":"https:\/\/bacaratds.com.ar\/cosechatardia\/wp-json\/wp\/v2\/product\/605","targetHints":{"allow":["GET"]}}],"collection":[{"href":"https:\/\/bacaratds.com.ar\/cosechatardia\/wp-json\/wp\/v2\/product"}],"about":[{"href":"https:\/\/bacaratds.com.ar\/cosechatardia\/wp-json\/wp\/v2\/types\/product"}],"replies":[{"embeddable":true,"href":"https:\/\/bacaratds.com.ar\/cosechatardia\/wp-json\/wp\/v2\/comments?post=605"}],"wp:featuredmedia":[{"embeddable":true,"href":"https:\/\/bacaratds.com.ar\/cosechatardia\/wp-json\/wp\/v2\/media\/599"}],"wp:attachment":[{"href":"https:\/\/bacaratds.com.ar\/cosechatardia\/wp-json\/wp\/v2\/media?parent=605"}],"wp:term":[{"taxonomy":"product_brand","embeddable":true,"href":"https:\/\/bacaratds.com.ar\/cosechatardia\/wp-json\/wp\/v2\/product_brand?post=605"},{"taxonomy":"product_cat","embeddable":true,"href":"https:\/\/bacaratds.com.ar\/cosechatardia\/wp-json\/wp\/v2\/product_cat?post=605"},{"taxonomy":"product_tag","embeddable":true,"href":"https:\/\/bacaratds.com.ar\/cosechatardia\/wp-json\/wp\/v2\/product_tag?post=605"}],"curies":[{"name":"wp","href":"https:\/\/api.w.org\/{rel}","templated":true}]}}