{"id":597,"date":"2024-11-25T20:40:06","date_gmt":"2024-11-25T20:40:06","guid":{"rendered":"https:\/\/bacaratds.com.ar\/cosechatardia\/?post_type=product&#038;p=597"},"modified":"2025-09-06T23:24:55","modified_gmt":"2025-09-06T23:24:55","slug":"torrontes-collovatti-enologo-javier-collovatti-la-rioja","status":"publish","type":"product","link":"https:\/\/bacaratds.com.ar\/cosechatardia\/producto\/torrontes-collovatti-enologo-javier-collovatti-la-rioja\/","title":{"rendered":"Torront\u00e9s Collovati &#8211; En\u00f3logo Javier Collovati &#8211; La Rioja"},"content":{"rendered":"<p>Este vino nace en Sa\u00f1ogasta, Valle de Famatina, lugar \u00fanico de la provincia de La Rioja. Ah\u00ed se combinan altitud, temperatura, humedad y generan un microclima ideal para la producci\u00f3n de uvas.<\/p>\n<p>De color amarillo verdoso, aroma florar a rosas y azares, con matices de frutos c\u00edtricos y frutos blancos que recuerdan a pomelo, durazno y lichi. Tiene buena untuosidad y prolongada duraci\u00f3n en boca. Ideal como aperitivo, y tambi\u00e9n para acompa\u00f1ar snacks salados, comidas regionales como empanadas o bien pescados y mariscos.<\/p>\n","protected":false},"excerpt":{"rendered":"<p>Este vino nace en Sa\u00f1ogasta, Valle de Famatina, lugar \u00fanico de la provincia de La Rioja. Ah\u00ed se combinan altitud, temperatura, humedad y generan un microclima ideal para la producci\u00f3n de uvas. De color amarillo verdoso, aroma florar a rosas y azares, con matices de frutos c\u00edtricos y frutos blancos que recuerdan a pomelo, durazno&hellip;<\/p>\n","protected":false},"featured_media":603,"comment_status":"open","ping_status":"closed","template":"","meta":[],"product_brand":[202],"product_cat":[61,70],"product_tag":[],"class_list":{"0":"post-597","1":"product","2":"type-product","3":"status-publish","4":"has-post-thumbnail","6":"product_brand-javier-collovati","7":"product_cat-vino-blanco","8":"product_cat-vino-blanco-joven","9":"product_shipping_class-a-coordinar-con-cliente","11":"first","12":"instock","13":"purchasable","14":"product-type-simple"},"_links":{"self":[{"href":"https:\/\/bacaratds.com.ar\/cosechatardia\/wp-json\/wp\/v2\/product\/597","targetHints":{"allow":["GET"]}}],"collection":[{"href":"https:\/\/bacaratds.com.ar\/cosechatardia\/wp-json\/wp\/v2\/product"}],"about":[{"href":"https:\/\/bacaratds.com.ar\/cosechatardia\/wp-json\/wp\/v2\/types\/product"}],"replies":[{"embeddable":true,"href":"https:\/\/bacaratds.com.ar\/cosechatardia\/wp-json\/wp\/v2\/comments?post=597"}],"wp:featuredmedia":[{"embeddable":true,"href":"https:\/\/bacaratds.com.ar\/cosechatardia\/wp-json\/wp\/v2\/media\/603"}],"wp:attachment":[{"href":"https:\/\/bacaratds.com.ar\/cosechatardia\/wp-json\/wp\/v2\/media?parent=597"}],"wp:term":[{"taxonomy":"product_brand","embeddable":true,"href":"https:\/\/bacaratds.com.ar\/cosechatardia\/wp-json\/wp\/v2\/product_brand?post=597"},{"taxonomy":"product_cat","embeddable":true,"href":"https:\/\/bacaratds.com.ar\/cosechatardia\/wp-json\/wp\/v2\/product_cat?post=597"},{"taxonomy":"product_tag","embeddable":true,"href":"https:\/\/bacaratds.com.ar\/cosechatardia\/wp-json\/wp\/v2\/product_tag?post=597"}],"curies":[{"name":"wp","href":"https:\/\/api.w.org\/{rel}","templated":true}]}}