{"id":592,"date":"2024-11-25T16:03:06","date_gmt":"2024-11-25T16:03:06","guid":{"rendered":"https:\/\/bacaratds.com.ar\/cosechatardia\/?post_type=product&#038;p=592"},"modified":"2026-02-12T22:30:34","modified_gmt":"2026-02-12T22:30:34","slug":"cabernet-franc-reserva-linea-secreto-bodega-siete-fincas","status":"publish","type":"product","link":"https:\/\/bacaratds.com.ar\/cosechatardia\/producto\/cabernet-franc-reserva-linea-secreto-bodega-siete-fincas\/","title":{"rendered":"Cabernet Franc Reserva L\u00ednea Secreto &#8211; Bodega Siete Fincas"},"content":{"rendered":"<p>En este complejo y delicioso Cabernet Franc se esconde lo mejor del terroir y la uni\u00f3n entre la tecnolog\u00eda y la experiencia del en\u00f3logo para dar origen a un vino con aromas a mora, pimienta y eucaliptos.<\/p>\n<p>De buena extructura en boca con sabores a frambuesa y especias junto a una sutil presencia de taninos con notas de vainilla y chocolate aportados por su a\u00f1ejamiento en roble.<\/p>\n<p>Su paso por barrica de roble franc\u00e9s durante 12 meses y el tiempo de estiba en botella hacen que sea un vino de guarda. Ideal para disfrutar con quesos sabrosos, carnes sazonadas y pasta bolognesa.<\/p>\n<p>Se sugiere decantar una hora antes de servir.<\/p>\n","protected":false},"excerpt":{"rendered":"<p>En este complejo y delicioso Cabernet Franc se esconde lo mejor del terroir y la uni\u00f3n entre la tecnolog\u00eda y la experiencia del en\u00f3logo para dar origen a un vino con aromas a mora, pimienta y eucaliptos. De buena extructura en boca con sabores a frambuesa y especias junto a una sutil presencia de taninos&hellip;<\/p>\n","protected":false},"featured_media":588,"comment_status":"open","ping_status":"closed","template":"","meta":[],"product_brand":[199,197],"product_cat":[57,62],"product_tag":[],"class_list":{"0":"post-592","1":"product","2":"type-product","3":"status-publish","4":"has-post-thumbnail","6":"product_brand-linea-secreto","7":"product_brand-siete-fincas","8":"product_cat-vino-reserva","9":"product_cat-vino-tinto","10":"product_shipping_class-a-coordinar-con-cliente","12":"first","13":"instock","14":"purchasable","15":"product-type-simple"},"_links":{"self":[{"href":"https:\/\/bacaratds.com.ar\/cosechatardia\/wp-json\/wp\/v2\/product\/592","targetHints":{"allow":["GET"]}}],"collection":[{"href":"https:\/\/bacaratds.com.ar\/cosechatardia\/wp-json\/wp\/v2\/product"}],"about":[{"href":"https:\/\/bacaratds.com.ar\/cosechatardia\/wp-json\/wp\/v2\/types\/product"}],"replies":[{"embeddable":true,"href":"https:\/\/bacaratds.com.ar\/cosechatardia\/wp-json\/wp\/v2\/comments?post=592"}],"wp:featuredmedia":[{"embeddable":true,"href":"https:\/\/bacaratds.com.ar\/cosechatardia\/wp-json\/wp\/v2\/media\/588"}],"wp:attachment":[{"href":"https:\/\/bacaratds.com.ar\/cosechatardia\/wp-json\/wp\/v2\/media?parent=592"}],"wp:term":[{"taxonomy":"product_brand","embeddable":true,"href":"https:\/\/bacaratds.com.ar\/cosechatardia\/wp-json\/wp\/v2\/product_brand?post=592"},{"taxonomy":"product_cat","embeddable":true,"href":"https:\/\/bacaratds.com.ar\/cosechatardia\/wp-json\/wp\/v2\/product_cat?post=592"},{"taxonomy":"product_tag","embeddable":true,"href":"https:\/\/bacaratds.com.ar\/cosechatardia\/wp-json\/wp\/v2\/product_tag?post=592"}],"curies":[{"name":"wp","href":"https:\/\/api.w.org\/{rel}","templated":true}]}}