{"id":574,"date":"2024-11-25T13:04:48","date_gmt":"2024-11-25T13:04:48","guid":{"rendered":"https:\/\/bacaratds.com.ar\/cosechatardia\/?post_type=product&#038;p=574"},"modified":"2026-02-12T22:32:23","modified_gmt":"2026-02-12T22:32:23","slug":"espumante-brut-nature-chardonnay-pinot-noir-linea-siete-fincas","status":"publish","type":"product","link":"https:\/\/bacaratds.com.ar\/cosechatardia\/producto\/espumante-brut-nature-chardonnay-pinot-noir-linea-siete-fincas\/","title":{"rendered":"Espumante Brut Nature Chardonnay\/Pinot Noir &#8211; L\u00ednea Siete Fincas"},"content":{"rendered":"<p>Elaborado con uvas Chardonnay y Pinot Noir, seleccionadas de antiguas fincas de la primera zona de Mendoza. Su m\u00e9todo de fermentaci\u00f3n Charmat Lungo le brinda una gran expresi\u00f3n arom\u00e1tica de frutas maduras como durazno, coco y mango. En boca posee volumen y sucrosidad, que acompa\u00f1an su frescura y ligera sequedad. Ideal para maridar con pescados, salsas blancas y quesos.<\/p>\n<p>Az\u00facar total: 6,5 g\/l<\/p>\n<p>&nbsp;<\/p>\n","protected":false},"excerpt":{"rendered":"<p>Elaborado con uvas Chardonnay y Pinot Noir, seleccionadas de antiguas fincas de la primera zona de Mendoza. Su m\u00e9todo de fermentaci\u00f3n Charmat Lungo le brinda una gran expresi\u00f3n arom\u00e1tica de frutas maduras como durazno, coco y mango. En boca posee volumen y sucrosidad, que acompa\u00f1an su frescura y ligera sequedad. Ideal para maridar con pescados,&hellip;<\/p>\n","protected":false},"featured_media":1463,"comment_status":"open","ping_status":"closed","template":"","meta":[],"product_brand":[197],"product_cat":[79,81,87],"product_tag":[],"class_list":{"0":"post-574","1":"product","2":"type-product","3":"status-publish","4":"has-post-thumbnail","6":"product_brand-siete-fincas","7":"product_cat-vino-espumante","8":"product_cat-vino-espumante-brut-nature","9":"product_cat-vino-espumante-metodo-charmat","10":"product_shipping_class-a-coordinar-con-cliente","12":"first","13":"instock","14":"purchasable","15":"product-type-simple"},"_links":{"self":[{"href":"https:\/\/bacaratds.com.ar\/cosechatardia\/wp-json\/wp\/v2\/product\/574","targetHints":{"allow":["GET"]}}],"collection":[{"href":"https:\/\/bacaratds.com.ar\/cosechatardia\/wp-json\/wp\/v2\/product"}],"about":[{"href":"https:\/\/bacaratds.com.ar\/cosechatardia\/wp-json\/wp\/v2\/types\/product"}],"replies":[{"embeddable":true,"href":"https:\/\/bacaratds.com.ar\/cosechatardia\/wp-json\/wp\/v2\/comments?post=574"}],"wp:featuredmedia":[{"embeddable":true,"href":"https:\/\/bacaratds.com.ar\/cosechatardia\/wp-json\/wp\/v2\/media\/1463"}],"wp:attachment":[{"href":"https:\/\/bacaratds.com.ar\/cosechatardia\/wp-json\/wp\/v2\/media?parent=574"}],"wp:term":[{"taxonomy":"product_brand","embeddable":true,"href":"https:\/\/bacaratds.com.ar\/cosechatardia\/wp-json\/wp\/v2\/product_brand?post=574"},{"taxonomy":"product_cat","embeddable":true,"href":"https:\/\/bacaratds.com.ar\/cosechatardia\/wp-json\/wp\/v2\/product_cat?post=574"},{"taxonomy":"product_tag","embeddable":true,"href":"https:\/\/bacaratds.com.ar\/cosechatardia\/wp-json\/wp\/v2\/product_tag?post=574"}],"curies":[{"name":"wp","href":"https:\/\/api.w.org\/{rel}","templated":true}]}}