{"id":573,"date":"2024-11-25T12:59:01","date_gmt":"2024-11-25T12:59:01","guid":{"rendered":"https:\/\/bacaratds.com.ar\/cosechatardia\/?post_type=product&#038;p=573"},"modified":"2026-02-12T22:32:45","modified_gmt":"2026-02-12T22:32:45","slug":"malbec-rose-linea-siete-fincas-bodega-siete-fincas","status":"publish","type":"product","link":"https:\/\/bacaratds.com.ar\/cosechatardia\/producto\/malbec-rose-linea-siete-fincas-bodega-siete-fincas\/","title":{"rendered":"Malbec Ros\u00e9 L\u00ednea Siete Fincas &#8211; Bodega Siete Fincas"},"content":{"rendered":"<p>Vi\u00f1edos: Valle de Uco, Tupungato, Mendoza.<\/p>\n<p>Altura del vi\u00f1edo: 1100 msnm.<\/p>\n<p>EDAD PROMEDIO DE VI\u00d1EDOS: 16 a\u00f1os<\/p>\n<p>SISTEMA DE CONDUCCI\u00d3N: Espaldero bajo<\/p>\n<p>SUELO De origen aluvial. Arenoso y pedregoso, de excelente permeabilidad y drenaje.<\/p>\n<p>RENDIMIENTO HECT\u00c1REA 100 qq\/ha<\/p>\n<p>RECOLECCI\u00d3N Cosecha manual en bins de 400 kg<\/p>\n<p>VINIFICACI\u00d3N Cl\u00e1sica en tanques de acero inoxidable<\/p>\n<p>FERMENTACI\u00d3N 14 d\u00edas a temperatura controlada<\/p>\n<p>CRIANZA No tiene paso por madera<\/p>\n<p>ESTIBA EN BOTELLA 2 meses<\/p>\n<p>NOTAS DE CATA<\/p>\n<p>VISTA: Profundo color rosado.<\/p>\n<p>NARIZ: Variada gama de aromas frutales y florales con notas de cereza, guinda.<\/p>\n<p>BOCA Entrada dulce con final agradable.<\/p>\n","protected":false},"excerpt":{"rendered":"<p>Vi\u00f1edos: Valle de Uco, Tupungato, Mendoza. Altura del vi\u00f1edo: 1100 msnm. EDAD PROMEDIO DE VI\u00d1EDOS: 16 a\u00f1os SISTEMA DE CONDUCCI\u00d3N: Espaldero bajo SUELO De origen aluvial. Arenoso y pedregoso, de excelente permeabilidad y drenaje. RENDIMIENTO HECT\u00c1REA 100 qq\/ha RECOLECCI\u00d3N Cosecha manual en bins de 400 kg VINIFICACI\u00d3N Cl\u00e1sica en tanques de acero inoxidable FERMENTACI\u00d3N 14&hellip;<\/p>\n","protected":false},"featured_media":561,"comment_status":"open","ping_status":"closed","template":"","meta":[],"product_brand":[197],"product_cat":[75,76],"product_tag":[],"class_list":{"0":"post-573","1":"product","2":"type-product","3":"status-publish","4":"has-post-thumbnail","6":"product_brand-siete-fincas","7":"product_cat-vino-rosado","8":"product_cat-vino-rosado-seco","9":"product_shipping_class-a-coordinar-con-cliente","11":"first","12":"instock","13":"purchasable","14":"product-type-simple"},"_links":{"self":[{"href":"https:\/\/bacaratds.com.ar\/cosechatardia\/wp-json\/wp\/v2\/product\/573","targetHints":{"allow":["GET"]}}],"collection":[{"href":"https:\/\/bacaratds.com.ar\/cosechatardia\/wp-json\/wp\/v2\/product"}],"about":[{"href":"https:\/\/bacaratds.com.ar\/cosechatardia\/wp-json\/wp\/v2\/types\/product"}],"replies":[{"embeddable":true,"href":"https:\/\/bacaratds.com.ar\/cosechatardia\/wp-json\/wp\/v2\/comments?post=573"}],"wp:featuredmedia":[{"embeddable":true,"href":"https:\/\/bacaratds.com.ar\/cosechatardia\/wp-json\/wp\/v2\/media\/561"}],"wp:attachment":[{"href":"https:\/\/bacaratds.com.ar\/cosechatardia\/wp-json\/wp\/v2\/media?parent=573"}],"wp:term":[{"taxonomy":"product_brand","embeddable":true,"href":"https:\/\/bacaratds.com.ar\/cosechatardia\/wp-json\/wp\/v2\/product_brand?post=573"},{"taxonomy":"product_cat","embeddable":true,"href":"https:\/\/bacaratds.com.ar\/cosechatardia\/wp-json\/wp\/v2\/product_cat?post=573"},{"taxonomy":"product_tag","embeddable":true,"href":"https:\/\/bacaratds.com.ar\/cosechatardia\/wp-json\/wp\/v2\/product_tag?post=573"}],"curies":[{"name":"wp","href":"https:\/\/api.w.org\/{rel}","templated":true}]}}