{"id":571,"date":"2024-11-25T12:52:08","date_gmt":"2024-11-25T12:52:08","guid":{"rendered":"https:\/\/bacaratds.com.ar\/cosechatardia\/?post_type=product&#038;p=571"},"modified":"2026-02-12T22:33:20","modified_gmt":"2026-02-12T22:33:20","slug":"torrontes-linea-siete-fincas-bodega-siete-fincas","status":"publish","type":"product","link":"https:\/\/bacaratds.com.ar\/cosechatardia\/producto\/torrontes-linea-siete-fincas-bodega-siete-fincas\/","title":{"rendered":"Torront\u00e9s L\u00ednea Siete Fincas &#8211; Bodega Siete Fincas"},"content":{"rendered":"<p>Varietal: 100% torront\u00e9s.<\/p>\n<p>Vi\u00f1edos: Cafayate, Salta.<\/p>\n<p>Altura del vi\u00f1edo: 1600 msnm<\/p>\n<p>EDAD PROMEDIO DE VI\u00d1EDOS: 17 a\u00f1os<\/p>\n<p>SISTEMA DE CONDUCCI\u00d3N: Espaldero bajo<\/p>\n<p>SUELO Franco, arenoso, pedregoso con drenaje moderado.<\/p>\n<p>RENDIMIENTO HECT\u00c1REA 110 qq\/ha<\/p>\n<p>RECOLECCI\u00d3N Cosecha manual en bins de 400 kg<\/p>\n<p>VINIFICACI\u00d3N Cl\u00e1sica en tanques de acero inoxidable<\/p>\n<p>FERMENTACI\u00d3N 14 d\u00edas a temperatura controlada<\/p>\n<p>CRIANZA Tanque de acero inoxidable<\/p>\n<p>ESTIBA EN BOTELLA 2 meses<\/p>\n<p>NOTAS DE CATA<\/p>\n<p>VISTA: Elegante amarillo de intensidad media.<\/p>\n<p>NARIZ: Te ofrece notas fragantes de manzanilla, lychee y durazno blanco.<\/p>\n<p>BOCA Es muy refrescante y entrega sabores como la mandarina, p\u00e9talos de rosa y damascos. Con notas de mineralidad y un final vibrante en boca.<\/p>\n","protected":false},"excerpt":{"rendered":"<p>Varietal: 100% torront\u00e9s. Vi\u00f1edos: Cafayate, Salta. Altura del vi\u00f1edo: 1600 msnm EDAD PROMEDIO DE VI\u00d1EDOS: 17 a\u00f1os SISTEMA DE CONDUCCI\u00d3N: Espaldero bajo SUELO Franco, arenoso, pedregoso con drenaje moderado. RENDIMIENTO HECT\u00c1REA 110 qq\/ha RECOLECCI\u00d3N Cosecha manual en bins de 400 kg VINIFICACI\u00d3N Cl\u00e1sica en tanques de acero inoxidable FERMENTACI\u00d3N 14 d\u00edas a temperatura controlada CRIANZA&hellip;<\/p>\n","protected":false},"featured_media":565,"comment_status":"open","ping_status":"closed","template":"","meta":[],"product_brand":[197],"product_cat":[61,70],"product_tag":[],"class_list":{"0":"post-571","1":"product","2":"type-product","3":"status-publish","4":"has-post-thumbnail","6":"product_brand-siete-fincas","7":"product_cat-vino-blanco","8":"product_cat-vino-blanco-joven","9":"product_shipping_class-a-coordinar-con-cliente","11":"first","12":"instock","13":"purchasable","14":"product-type-simple"},"_links":{"self":[{"href":"https:\/\/bacaratds.com.ar\/cosechatardia\/wp-json\/wp\/v2\/product\/571","targetHints":{"allow":["GET"]}}],"collection":[{"href":"https:\/\/bacaratds.com.ar\/cosechatardia\/wp-json\/wp\/v2\/product"}],"about":[{"href":"https:\/\/bacaratds.com.ar\/cosechatardia\/wp-json\/wp\/v2\/types\/product"}],"replies":[{"embeddable":true,"href":"https:\/\/bacaratds.com.ar\/cosechatardia\/wp-json\/wp\/v2\/comments?post=571"}],"wp:featuredmedia":[{"embeddable":true,"href":"https:\/\/bacaratds.com.ar\/cosechatardia\/wp-json\/wp\/v2\/media\/565"}],"wp:attachment":[{"href":"https:\/\/bacaratds.com.ar\/cosechatardia\/wp-json\/wp\/v2\/media?parent=571"}],"wp:term":[{"taxonomy":"product_brand","embeddable":true,"href":"https:\/\/bacaratds.com.ar\/cosechatardia\/wp-json\/wp\/v2\/product_brand?post=571"},{"taxonomy":"product_cat","embeddable":true,"href":"https:\/\/bacaratds.com.ar\/cosechatardia\/wp-json\/wp\/v2\/product_cat?post=571"},{"taxonomy":"product_tag","embeddable":true,"href":"https:\/\/bacaratds.com.ar\/cosechatardia\/wp-json\/wp\/v2\/product_tag?post=571"}],"curies":[{"name":"wp","href":"https:\/\/api.w.org\/{rel}","templated":true}]}}