{"id":570,"date":"2024-11-25T12:51:23","date_gmt":"2024-11-25T12:51:23","guid":{"rendered":"https:\/\/bacaratds.com.ar\/cosechatardia\/?post_type=product&#038;p=570"},"modified":"2026-02-12T22:33:39","modified_gmt":"2026-02-12T22:33:39","slug":"sauvignon-blanc-linea-siete-fincas-bodega-siete-fincas","status":"publish","type":"product","link":"https:\/\/bacaratds.com.ar\/cosechatardia\/producto\/sauvignon-blanc-linea-siete-fincas-bodega-siete-fincas\/","title":{"rendered":"Sauvignon Blanc L\u00ednea Siete Fincas &#8211; Bodega Siete Fincas"},"content":{"rendered":"<p>Varietal: 100% sauvignon blanc<\/p>\n<p>Vi\u00f1edos: Valle de Uco, Tupungato, Mendoza.<\/p>\n<p>Altura del vi\u00f1edo: 1100 msnm<\/p>\n<p>EDAD PROMEDIO DE VI\u00d1EDOS: 17 a\u00f1os<\/p>\n<p>SISTEMA DE CONDUCCI\u00d3N: Espaldero bajo<\/p>\n<p>SUELO De origen aluvial. Arenoso y pedregoso, de excelente permeabilidad y drenaje.<\/p>\n<p>RENDIMIENTO HECT\u00c1REA 120 qq\/ha<\/p>\n<p>RECOLECCI\u00d3N Cosecha manual en bins de 400 kg<\/p>\n<p>VINIFICACI\u00d3N Cl\u00e1sica en tanques de acero inoxidable<\/p>\n<p>FERMENTACI\u00d3N 14 d\u00edas a temperatura controlada.<\/p>\n<p>CRIANZA Tanque de acero inoxidable.<\/p>\n<p>ESTIBA EN BOTELLA 2 meses<\/p>\n<p>NOTAS DE CATA<\/p>\n<p>VISTA: Elegante amarillo verdoso de intensidad media.<\/p>\n<p>NARIZ Gran concentraci\u00f3n de aromas tropicales y vegetales que saben a pomelo rosado, lima, esp\u00e1rragos y heno.<\/p>\n<p>BOCA En boca es muy fresco y persistente<\/p>\n","protected":false},"excerpt":{"rendered":"<p>Varietal: 100% sauvignon blanc Vi\u00f1edos: Valle de Uco, Tupungato, Mendoza. Altura del vi\u00f1edo: 1100 msnm EDAD PROMEDIO DE VI\u00d1EDOS: 17 a\u00f1os SISTEMA DE CONDUCCI\u00d3N: Espaldero bajo SUELO De origen aluvial. Arenoso y pedregoso, de excelente permeabilidad y drenaje. RENDIMIENTO HECT\u00c1REA 120 qq\/ha RECOLECCI\u00d3N Cosecha manual en bins de 400 kg VINIFICACI\u00d3N Cl\u00e1sica en tanques de&hellip;<\/p>\n","protected":false},"featured_media":563,"comment_status":"open","ping_status":"closed","template":"","meta":[],"product_brand":[197],"product_cat":[61,70],"product_tag":[],"class_list":{"0":"post-570","1":"product","2":"type-product","3":"status-publish","4":"has-post-thumbnail","6":"product_brand-siete-fincas","7":"product_cat-vino-blanco","8":"product_cat-vino-blanco-joven","9":"product_shipping_class-a-coordinar-con-cliente","11":"first","12":"outofstock","13":"purchasable","14":"product-type-simple"},"_links":{"self":[{"href":"https:\/\/bacaratds.com.ar\/cosechatardia\/wp-json\/wp\/v2\/product\/570","targetHints":{"allow":["GET"]}}],"collection":[{"href":"https:\/\/bacaratds.com.ar\/cosechatardia\/wp-json\/wp\/v2\/product"}],"about":[{"href":"https:\/\/bacaratds.com.ar\/cosechatardia\/wp-json\/wp\/v2\/types\/product"}],"replies":[{"embeddable":true,"href":"https:\/\/bacaratds.com.ar\/cosechatardia\/wp-json\/wp\/v2\/comments?post=570"}],"wp:featuredmedia":[{"embeddable":true,"href":"https:\/\/bacaratds.com.ar\/cosechatardia\/wp-json\/wp\/v2\/media\/563"}],"wp:attachment":[{"href":"https:\/\/bacaratds.com.ar\/cosechatardia\/wp-json\/wp\/v2\/media?parent=570"}],"wp:term":[{"taxonomy":"product_brand","embeddable":true,"href":"https:\/\/bacaratds.com.ar\/cosechatardia\/wp-json\/wp\/v2\/product_brand?post=570"},{"taxonomy":"product_cat","embeddable":true,"href":"https:\/\/bacaratds.com.ar\/cosechatardia\/wp-json\/wp\/v2\/product_cat?post=570"},{"taxonomy":"product_tag","embeddable":true,"href":"https:\/\/bacaratds.com.ar\/cosechatardia\/wp-json\/wp\/v2\/product_tag?post=570"}],"curies":[{"name":"wp","href":"https:\/\/api.w.org\/{rel}","templated":true}]}}