{"id":530,"date":"2024-11-23T23:36:28","date_gmt":"2024-11-23T23:36:28","guid":{"rendered":"https:\/\/bacaratds.com.ar\/cosechatardia\/?post_type=product&#038;p=530"},"modified":"2025-11-06T23:46:35","modified_gmt":"2025-11-06T23:46:35","slug":"espumante-rossatto-extra-dulce-metodo-charmat-miguel-minni","status":"publish","type":"product","link":"https:\/\/bacaratds.com.ar\/cosechatardia\/producto\/espumante-rossatto-extra-dulce-metodo-charmat-miguel-minni\/","title":{"rendered":"Espumante Rosatto Extra Dulce M\u00e9todo Charmat &#8211; Miguel Minni"},"content":{"rendered":"<p><strong>Categor\u00eda:<\/strong>\u00a0Vino espumante rosado dulce<br \/>\n<strong>Composici\u00f3n varietal:<\/strong>\u00a0Cofermentaci\u00f3n<\/p>\n<p><strong>Ubicaci\u00f3n del Vi\u00f1edo<\/strong><\/p>\n<ul>\n<li>Provincia: Mendoza<\/li>\n<li>Departamento: Luj\u00e1n de Cuyo<\/li>\n<li>Distrito: Perdriel<\/li>\n<li>Edad del Vi\u00f1edo: 90 a\u00f1os<\/li>\n<li>Sistema de conducci\u00f3n: Espaldera alta<\/li>\n<li>Sistema de riego: A manto, con agua de deshielo proveniente del R\u00edo Mendoza<\/li>\n<li>Otros comentarios: Vi\u00f1edo de vigor medio y buen equilibrio vegetativoproductivo<\/li>\n<li>Modo de Cosecha: totalmente manual en cajas pl\u00e1sticas de 20kg<\/li>\n<\/ul>\n<p><strong>Notas de Cata<\/strong><\/p>\n<p>Es un rosado obtenido de cofermentaci\u00f3n delicadamente dulce. Realizado con sangr\u00eda de malbec (maceraci\u00f3n en fr\u00edo) y mosto de uva blanca.<\/p>\n<p><em>Vista<\/em>: De color rosado medio.<br \/>\n<em>Nariz<\/em>: Predominan las cerezas y frambuesas.<br \/>\n<em>Boca<\/em>: Se manifiesta con mucha propiedad debido a su dulzura y acidez equilibrada.<\/p>\n<p>Rosatto es fuera de lo com\u00fan, por finas burbujas que lo hacen suave y f\u00e1cil de tomar.<br \/>\nIdeal para acompa\u00f1ar platos livianos, postres y momentos de ocio. Es una verdadera entrada al mundo del vino para aquellos consumidores que buscan la frescura en una bebida.<\/p>\n<p><strong>Se recomienda beber de 4\u00ba a 6\u00ba C. El az\u00facar es 100% natural de la uva.<\/strong><\/p>\n","protected":false},"excerpt":{"rendered":"<p>Categor\u00eda:\u00a0Vino espumante rosado dulce Composici\u00f3n varietal:\u00a0Cofermentaci\u00f3n Ubicaci\u00f3n del Vi\u00f1edo Provincia: Mendoza Departamento: Luj\u00e1n de Cuyo Distrito: Perdriel Edad del Vi\u00f1edo: 90 a\u00f1os Sistema de conducci\u00f3n: Espaldera alta Sistema de riego: A manto, con agua de deshielo proveniente del R\u00edo Mendoza Otros comentarios: Vi\u00f1edo de vigor medio y buen equilibrio vegetativoproductivo Modo de Cosecha: totalmente manual&hellip;<\/p>\n","protected":false},"featured_media":1450,"comment_status":"open","ping_status":"closed","template":"","meta":[],"product_brand":[195],"product_cat":[79,86,87],"product_tag":[],"class_list":{"0":"post-530","1":"product","2":"type-product","3":"status-publish","4":"has-post-thumbnail","6":"product_brand-miguel-minni","7":"product_cat-vino-espumante","8":"product_cat-vino-espumante-extra-dulce","9":"product_cat-vino-espumante-metodo-charmat","10":"product_shipping_class-a-coordinar-con-cliente","12":"first","13":"instock","14":"purchasable","15":"product-type-simple"},"_links":{"self":[{"href":"https:\/\/bacaratds.com.ar\/cosechatardia\/wp-json\/wp\/v2\/product\/530","targetHints":{"allow":["GET"]}}],"collection":[{"href":"https:\/\/bacaratds.com.ar\/cosechatardia\/wp-json\/wp\/v2\/product"}],"about":[{"href":"https:\/\/bacaratds.com.ar\/cosechatardia\/wp-json\/wp\/v2\/types\/product"}],"replies":[{"embeddable":true,"href":"https:\/\/bacaratds.com.ar\/cosechatardia\/wp-json\/wp\/v2\/comments?post=530"}],"wp:featuredmedia":[{"embeddable":true,"href":"https:\/\/bacaratds.com.ar\/cosechatardia\/wp-json\/wp\/v2\/media\/1450"}],"wp:attachment":[{"href":"https:\/\/bacaratds.com.ar\/cosechatardia\/wp-json\/wp\/v2\/media?parent=530"}],"wp:term":[{"taxonomy":"product_brand","embeddable":true,"href":"https:\/\/bacaratds.com.ar\/cosechatardia\/wp-json\/wp\/v2\/product_brand?post=530"},{"taxonomy":"product_cat","embeddable":true,"href":"https:\/\/bacaratds.com.ar\/cosechatardia\/wp-json\/wp\/v2\/product_cat?post=530"},{"taxonomy":"product_tag","embeddable":true,"href":"https:\/\/bacaratds.com.ar\/cosechatardia\/wp-json\/wp\/v2\/product_tag?post=530"}],"curies":[{"name":"wp","href":"https:\/\/api.w.org\/{rel}","templated":true}]}}