{"id":529,"date":"2024-11-23T23:01:32","date_gmt":"2024-11-23T23:01:32","guid":{"rendered":"https:\/\/bacaratds.com.ar\/cosechatardia\/?post_type=product&#038;p=529"},"modified":"2025-11-06T23:46:52","modified_gmt":"2025-11-06T23:46:52","slug":"espumante-dulce-tardio-metodo-charmat-miguel-minni","status":"publish","type":"product","link":"https:\/\/bacaratds.com.ar\/cosechatardia\/producto\/espumante-dulce-tardio-metodo-charmat-miguel-minni\/","title":{"rendered":"Espumante Dulce Tard\u00edo M\u00e9todo Charmat &#8211; Miguel Minni"},"content":{"rendered":"<p class=\"western\"><strong>Categor\u00eda:<\/strong>\u00a0Vino espumante blanco dulce<br \/>\n<strong>Composici\u00f3n varietal:<\/strong>\u00a0100% Torront\u00e9s Argentino<\/p>\n<p class=\"western\"><strong>Ubicaci\u00f3n del Vi\u00f1edo<\/strong><\/p>\n<ul>\n<li class=\"western\">Lugar: Valle de Famatina | La Rioja<\/li>\n<li class=\"western\">Sistema de conducci\u00f3n: Espaldera alta<\/li>\n<li class=\"western\">Sistema de riego: por goteo<\/li>\n<li class=\"western\">Otros comentarios: Vi\u00f1edo de vigor medio y buen equilibrio vegetativoproductivo<\/li>\n<li class=\"western\">Modo de Cosecha: mec\u00e1nica<\/li>\n<\/ul>\n<p class=\"western\"><strong>Notas de Cata<\/strong><\/p>\n<p class=\"western\">Este espumante nace de la mejor selecci\u00f3n de uvas Torront\u00e9s. De color amarillo con destellos verdosos y brillantes, destacan sus aromas florales, notas c\u00edtricas y frutales como anan\u00e1, maracuy\u00e1, mel\u00f3n y durazno blanco. Su sabor es fresco, dulce y con un final delicado. De burbuja fina, delicada y persistente. Ideal como aperitivo, para acompa\u00f1ar postres y ocasiones especiales.<\/p>\n<p class=\"western\"><strong>Se recomienda beber de 4\u00ba a 6\u00ba C. El az\u00facar es 100% natural de la uva.<\/strong><\/p>\n","protected":false},"excerpt":{"rendered":"<p>Una l\u00ednea fresca, frutada y con estilo atractivo. Sus finas burbujas logran seducir cualquier paladar.<\/p>\n<p>a base de uva Torront\u00e9s<\/p>\n","protected":false},"featured_media":1448,"comment_status":"open","ping_status":"closed","template":"","meta":[],"product_brand":[195],"product_cat":[79,85,87],"product_tag":[],"class_list":{"0":"post-529","1":"product","2":"type-product","3":"status-publish","4":"has-post-thumbnail","6":"product_brand-miguel-minni","7":"product_cat-vino-espumante","8":"product_cat-vino-espumante-dulce","9":"product_cat-vino-espumante-metodo-charmat","10":"product_shipping_class-a-coordinar-con-cliente","12":"first","13":"instock","14":"purchasable","15":"product-type-simple"},"_links":{"self":[{"href":"https:\/\/bacaratds.com.ar\/cosechatardia\/wp-json\/wp\/v2\/product\/529","targetHints":{"allow":["GET"]}}],"collection":[{"href":"https:\/\/bacaratds.com.ar\/cosechatardia\/wp-json\/wp\/v2\/product"}],"about":[{"href":"https:\/\/bacaratds.com.ar\/cosechatardia\/wp-json\/wp\/v2\/types\/product"}],"replies":[{"embeddable":true,"href":"https:\/\/bacaratds.com.ar\/cosechatardia\/wp-json\/wp\/v2\/comments?post=529"}],"wp:featuredmedia":[{"embeddable":true,"href":"https:\/\/bacaratds.com.ar\/cosechatardia\/wp-json\/wp\/v2\/media\/1448"}],"wp:attachment":[{"href":"https:\/\/bacaratds.com.ar\/cosechatardia\/wp-json\/wp\/v2\/media?parent=529"}],"wp:term":[{"taxonomy":"product_brand","embeddable":true,"href":"https:\/\/bacaratds.com.ar\/cosechatardia\/wp-json\/wp\/v2\/product_brand?post=529"},{"taxonomy":"product_cat","embeddable":true,"href":"https:\/\/bacaratds.com.ar\/cosechatardia\/wp-json\/wp\/v2\/product_cat?post=529"},{"taxonomy":"product_tag","embeddable":true,"href":"https:\/\/bacaratds.com.ar\/cosechatardia\/wp-json\/wp\/v2\/product_tag?post=529"}],"curies":[{"name":"wp","href":"https:\/\/api.w.org\/{rel}","templated":true}]}}