{"id":472,"date":"2024-11-23T15:28:37","date_gmt":"2024-11-23T15:28:37","guid":{"rendered":"https:\/\/bacaratds.com.ar\/cosechatardia\/?post_type=product&#038;p=472"},"modified":"2025-11-06T23:50:22","modified_gmt":"2025-11-06T23:50:22","slug":"chardonnay-linea-premium-miguel-minni","status":"publish","type":"product","link":"https:\/\/bacaratds.com.ar\/cosechatardia\/producto\/chardonnay-linea-premium-miguel-minni\/","title":{"rendered":"Chardonnay Linea Premium &#8211; Miguel Minni"},"content":{"rendered":"<p class=\"western\"><strong>Composici\u00f3n varietal:<\/strong>\u00a0100% Chardonnay<br \/>\n<strong>Categor\u00eda:<\/strong>\u00a0Vino de guarda media<\/p>\n<p class=\"western\"><strong>Ubicaci\u00f3n del Vi\u00f1edo<\/strong><\/p>\n<ul>\n<li class=\"western\">Provincia: Mendoza<\/li>\n<li class=\"western\">Departamento: Chapanay<\/li>\n<li class=\"western\">Distrito: San Mart\u00edn<\/li>\n<li class=\"western\">Edad del Vi\u00f1edo: 25 a\u00f1os<\/li>\n<li class=\"western\">Sistema de conducci\u00f3n: Espaldera alta.<\/li>\n<li class=\"western\">Sistema de riego: a manto, con agua de deshielo proveniente de la Cordillera de Los Andes<\/li>\n<li class=\"western\">Otros comentarios: Vi\u00f1edo de vigor medio y buen equilibrio vegetativo productivo<\/li>\n<li class=\"western\">Modo de Cosecha: totalmente manual en cajas pl\u00e1sticas de 20kg<\/li>\n<\/ul>\n","protected":false},"excerpt":{"rendered":"<p class=\"western\"><strong>Notas de Cata<\/strong><\/p>\n<p class=\"western\"><em>Vista<\/em>: De color dorado con ligeros tintes verdosos que lo hace muy atractivo.<br \/>\n<em>Nariz<\/em>: Predominan los aromas a manzana verdes, peras, anan\u00e1, pl\u00e1tanos y las notas a mantequilla aportadas por la fermentaci\u00f3n malol\u00e1ctica. Tiene un pasaje por barricas neutras durante 3 meses.<br \/>\n<em>Boca<\/em>: Es muy suave, s\u00f3lido, untuoso y de gran estructura, con un final prolongado con notas a miel.<\/p>\n<p class=\"western\"><strong>Tiempo de Guarda:<\/strong>\u00a05 a\u00f1os<\/p>\n","protected":false},"featured_media":473,"comment_status":"open","ping_status":"closed","template":"","meta":[],"product_brand":[195],"product_cat":[61,70],"product_tag":[],"class_list":{"0":"post-472","1":"product","2":"type-product","3":"status-publish","4":"has-post-thumbnail","6":"product_brand-miguel-minni","7":"product_cat-vino-blanco","8":"product_cat-vino-blanco-joven","9":"product_shipping_class-a-coordinar-con-cliente","11":"first","12":"instock","13":"purchasable","14":"product-type-simple"},"_links":{"self":[{"href":"https:\/\/bacaratds.com.ar\/cosechatardia\/wp-json\/wp\/v2\/product\/472","targetHints":{"allow":["GET"]}}],"collection":[{"href":"https:\/\/bacaratds.com.ar\/cosechatardia\/wp-json\/wp\/v2\/product"}],"about":[{"href":"https:\/\/bacaratds.com.ar\/cosechatardia\/wp-json\/wp\/v2\/types\/product"}],"replies":[{"embeddable":true,"href":"https:\/\/bacaratds.com.ar\/cosechatardia\/wp-json\/wp\/v2\/comments?post=472"}],"wp:featuredmedia":[{"embeddable":true,"href":"https:\/\/bacaratds.com.ar\/cosechatardia\/wp-json\/wp\/v2\/media\/473"}],"wp:attachment":[{"href":"https:\/\/bacaratds.com.ar\/cosechatardia\/wp-json\/wp\/v2\/media?parent=472"}],"wp:term":[{"taxonomy":"product_brand","embeddable":true,"href":"https:\/\/bacaratds.com.ar\/cosechatardia\/wp-json\/wp\/v2\/product_brand?post=472"},{"taxonomy":"product_cat","embeddable":true,"href":"https:\/\/bacaratds.com.ar\/cosechatardia\/wp-json\/wp\/v2\/product_cat?post=472"},{"taxonomy":"product_tag","embeddable":true,"href":"https:\/\/bacaratds.com.ar\/cosechatardia\/wp-json\/wp\/v2\/product_tag?post=472"}],"curies":[{"name":"wp","href":"https:\/\/api.w.org\/{rel}","templated":true}]}}