{"id":460,"date":"2024-11-21T16:36:10","date_gmt":"2024-11-21T16:36:10","guid":{"rendered":"https:\/\/bacaratds.com.ar\/cosechatardia\/?post_type=product&#038;p=460"},"modified":"2025-11-06T23:51:24","modified_gmt":"2025-11-06T23:51:24","slug":"malbec-joven-miguel-mini","status":"publish","type":"product","link":"https:\/\/bacaratds.com.ar\/cosechatardia\/producto\/malbec-joven-miguel-mini\/","title":{"rendered":"Malbec Linea Joven &#8211; Miguel Minni"},"content":{"rendered":"<h3>Malbec<\/h3>\n<p class=\"western\"><strong>Composici\u00f3n varietal:<\/strong>\u00a0100% Malbec<br \/>\n<strong>Ubicaci\u00f3n del Vi\u00f1edo<\/strong><\/p>\n<ul>\n<li class=\"western\">Provincia: Mendoza<\/li>\n<li class=\"western\">Departamento: Luj\u00e1n de Cuyo<\/li>\n<li class=\"western\">Distrito: Perdriel<\/li>\n<li class=\"western\">Edad del Vi\u00f1edo: 104 a\u00f1os<\/li>\n<li class=\"western\">Sistema de conducci\u00f3n: Espaldera alta<\/li>\n<li class=\"western\">Sistema de riego: a manto, con agua de deshielo proveniente del R\u00edo Mendoza<\/li>\n<li class=\"western\">Otros comentarios: Vi\u00f1edo de vigor medio y buen equilibrio vegetativoproductivo<\/li>\n<li class=\"western\">Modo de Cosecha: totalmente manual en cajas pl\u00e1sticas\n<p class=\"western\"><strong>Notas de Cata<\/strong><\/p>\n<p class=\"western\"><em>Vista<\/em>: Se presenta con color rojo rub\u00ed, brillante, de buena intensidad y tonalidad, muy atractivo.<br \/>\n<em>Nariz<\/em>: Buena intensidad arom\u00e1tica, limpio, con notas frutales a ciruela, cerezas y floral.<br \/>\n<em>Boca<\/em>: Buen ingreso, ataque dulce, limpio, suave, equilibrado, frutado con taninos dulces.<\/p>\n<p class=\"western\"><strong>Tiempo de Guarda:<\/strong> 3 a 5 a\u00f1os<\/p>\n<\/li>\n<\/ul>\n","protected":false},"excerpt":{"rendered":"<p>Malbec Composici\u00f3n varietal:\u00a0100% Malbec Ubicaci\u00f3n del Vi\u00f1edo Provincia: Mendoza Departamento: Luj\u00e1n de Cuyo Distrito: Perdriel Edad del Vi\u00f1edo: 104 a\u00f1os Sistema de conducci\u00f3n: Espaldera alta Sistema de riego: a manto, con agua de deshielo proveniente del R\u00edo Mendoza Otros comentarios: Vi\u00f1edo de vigor medio y buen equilibrio vegetativoproductivo Modo de Cosecha: totalmente manual en cajas&hellip;<\/p>\n","protected":false},"featured_media":465,"comment_status":"open","ping_status":"closed","template":"","meta":[],"product_brand":[195],"product_cat":[63,62],"product_tag":[],"class_list":{"0":"post-460","1":"product","2":"type-product","3":"status-publish","4":"has-post-thumbnail","6":"product_brand-miguel-minni","7":"product_cat-vino-joven","8":"product_cat-vino-tinto","9":"product_shipping_class-a-coordinar-con-cliente","11":"first","12":"instock","13":"purchasable","14":"product-type-simple"},"_links":{"self":[{"href":"https:\/\/bacaratds.com.ar\/cosechatardia\/wp-json\/wp\/v2\/product\/460","targetHints":{"allow":["GET"]}}],"collection":[{"href":"https:\/\/bacaratds.com.ar\/cosechatardia\/wp-json\/wp\/v2\/product"}],"about":[{"href":"https:\/\/bacaratds.com.ar\/cosechatardia\/wp-json\/wp\/v2\/types\/product"}],"replies":[{"embeddable":true,"href":"https:\/\/bacaratds.com.ar\/cosechatardia\/wp-json\/wp\/v2\/comments?post=460"}],"wp:featuredmedia":[{"embeddable":true,"href":"https:\/\/bacaratds.com.ar\/cosechatardia\/wp-json\/wp\/v2\/media\/465"}],"wp:attachment":[{"href":"https:\/\/bacaratds.com.ar\/cosechatardia\/wp-json\/wp\/v2\/media?parent=460"}],"wp:term":[{"taxonomy":"product_brand","embeddable":true,"href":"https:\/\/bacaratds.com.ar\/cosechatardia\/wp-json\/wp\/v2\/product_brand?post=460"},{"taxonomy":"product_cat","embeddable":true,"href":"https:\/\/bacaratds.com.ar\/cosechatardia\/wp-json\/wp\/v2\/product_cat?post=460"},{"taxonomy":"product_tag","embeddable":true,"href":"https:\/\/bacaratds.com.ar\/cosechatardia\/wp-json\/wp\/v2\/product_tag?post=460"}],"curies":[{"name":"wp","href":"https:\/\/api.w.org\/{rel}","templated":true}]}}