{"id":1622,"date":"2025-05-30T00:26:18","date_gmt":"2025-05-30T00:26:18","guid":{"rendered":"https:\/\/bacaratds.com.ar\/cosechatardia\/?post_type=product&#038;p=1622"},"modified":"2026-02-20T18:50:40","modified_gmt":"2026-02-20T18:50:40","slug":"regalo-05-dia-del-padre","status":"publish","type":"product","link":"https:\/\/bacaratds.com.ar\/cosechatardia\/producto\/regalo-05-dia-del-padre\/","title":{"rendered":"Regalo 05 D\u00eda del Padre"},"content":{"rendered":"<p>Estuche de cart\u00f3n negro que contiene:<\/p>\n<p>1 Blend (malbec, cabernet sauvignon, tannat) del en\u00f3logo Alejandro Pepa.<\/p>\n<p>1 copa Bordeaux grande con inscripci\u00f3n \u00abFeliz d\u00eda\u00bb.<\/p>\n<p>Incluye bolsa para regalo.<\/p>\n","protected":false},"excerpt":{"rendered":"<p>Estuche de cart\u00f3n negro que contiene: 1 Blend (malbec, cabernet sauvignon, tannat) del en\u00f3logo Alejandro Pepa. 1 copa Bordeaux grande con inscripci\u00f3n \u00abFeliz d\u00eda\u00bb. Incluye bolsa para regalo.<\/p>\n","protected":false},"featured_media":1623,"comment_status":"open","ping_status":"closed","template":"","meta":[],"product_brand":[],"product_cat":[209],"product_tag":[],"class_list":{"0":"post-1622","1":"product","2":"type-product","3":"status-publish","4":"has-post-thumbnail","6":"product_cat-regalos-dia-del-padre","7":"product_shipping_class-a-coordinar-con-cliente","9":"first","10":"instock","11":"taxable","12":"shipping-taxable","13":"purchasable","14":"product-type-simple"},"_links":{"self":[{"href":"https:\/\/bacaratds.com.ar\/cosechatardia\/wp-json\/wp\/v2\/product\/1622","targetHints":{"allow":["GET"]}}],"collection":[{"href":"https:\/\/bacaratds.com.ar\/cosechatardia\/wp-json\/wp\/v2\/product"}],"about":[{"href":"https:\/\/bacaratds.com.ar\/cosechatardia\/wp-json\/wp\/v2\/types\/product"}],"replies":[{"embeddable":true,"href":"https:\/\/bacaratds.com.ar\/cosechatardia\/wp-json\/wp\/v2\/comments?post=1622"}],"wp:featuredmedia":[{"embeddable":true,"href":"https:\/\/bacaratds.com.ar\/cosechatardia\/wp-json\/wp\/v2\/media\/1623"}],"wp:attachment":[{"href":"https:\/\/bacaratds.com.ar\/cosechatardia\/wp-json\/wp\/v2\/media?parent=1622"}],"wp:term":[{"taxonomy":"product_brand","embeddable":true,"href":"https:\/\/bacaratds.com.ar\/cosechatardia\/wp-json\/wp\/v2\/product_brand?post=1622"},{"taxonomy":"product_cat","embeddable":true,"href":"https:\/\/bacaratds.com.ar\/cosechatardia\/wp-json\/wp\/v2\/product_cat?post=1622"},{"taxonomy":"product_tag","embeddable":true,"href":"https:\/\/bacaratds.com.ar\/cosechatardia\/wp-json\/wp\/v2\/product_tag?post=1622"}],"curies":[{"name":"wp","href":"https:\/\/api.w.org\/{rel}","templated":true}]}}