{"id":1618,"date":"2025-05-30T00:07:35","date_gmt":"2025-05-30T00:07:35","guid":{"rendered":"https:\/\/bacaratds.com.ar\/cosechatardia\/?post_type=product&#038;p=1618"},"modified":"2026-02-20T18:55:43","modified_gmt":"2026-02-20T18:55:43","slug":"regalo-03-dia-del-padre","status":"publish","type":"product","link":"https:\/\/bacaratds.com.ar\/cosechatardia\/producto\/regalo-03-dia-del-padre\/","title":{"rendered":"Regalo 03 D\u00eda del Padre"},"content":{"rendered":"<p>Estuche de cart\u00f3n que contiene:<\/p>\n<p>1 bonarda Serie A Familia Zuccardi.<\/p>\n<p>1 malbec Serie A Familia Zuccardi.<\/p>\n<p>1 mostaza de Dij\u00f3n al estrag\u00f3n y finas hierbas Brennan.<\/p>\n<p>1 escabeche Sabores Correntinos de 500 gramos (variedad a elegir).<\/p>\n<p>Incluye bolsa para regalo.<\/p>\n","protected":false},"excerpt":{"rendered":"<p>Estuche de cart\u00f3n que contiene: 1 bonarda Serie A Familia Zuccardi. 1 malbec Serie A Familia Zuccardi. 1 mostaza de Dij\u00f3n al estrag\u00f3n y finas hierbas Brennan. 1 escabeche Sabores Correntinos de 500 gramos (variedad a elegir). Incluye bolsa para regalo.<\/p>\n","protected":false},"featured_media":1619,"comment_status":"open","ping_status":"closed","template":"","meta":[],"product_brand":[],"product_cat":[209],"product_tag":[],"class_list":{"0":"post-1618","1":"product","2":"type-product","3":"status-publish","4":"has-post-thumbnail","6":"product_cat-regalos-dia-del-padre","7":"product_shipping_class-a-coordinar-con-cliente","9":"first","10":"instock","11":"taxable","12":"shipping-taxable","13":"purchasable","14":"product-type-simple"},"_links":{"self":[{"href":"https:\/\/bacaratds.com.ar\/cosechatardia\/wp-json\/wp\/v2\/product\/1618","targetHints":{"allow":["GET"]}}],"collection":[{"href":"https:\/\/bacaratds.com.ar\/cosechatardia\/wp-json\/wp\/v2\/product"}],"about":[{"href":"https:\/\/bacaratds.com.ar\/cosechatardia\/wp-json\/wp\/v2\/types\/product"}],"replies":[{"embeddable":true,"href":"https:\/\/bacaratds.com.ar\/cosechatardia\/wp-json\/wp\/v2\/comments?post=1618"}],"wp:featuredmedia":[{"embeddable":true,"href":"https:\/\/bacaratds.com.ar\/cosechatardia\/wp-json\/wp\/v2\/media\/1619"}],"wp:attachment":[{"href":"https:\/\/bacaratds.com.ar\/cosechatardia\/wp-json\/wp\/v2\/media?parent=1618"}],"wp:term":[{"taxonomy":"product_brand","embeddable":true,"href":"https:\/\/bacaratds.com.ar\/cosechatardia\/wp-json\/wp\/v2\/product_brand?post=1618"},{"taxonomy":"product_cat","embeddable":true,"href":"https:\/\/bacaratds.com.ar\/cosechatardia\/wp-json\/wp\/v2\/product_cat?post=1618"},{"taxonomy":"product_tag","embeddable":true,"href":"https:\/\/bacaratds.com.ar\/cosechatardia\/wp-json\/wp\/v2\/product_tag?post=1618"}],"curies":[{"name":"wp","href":"https:\/\/api.w.org\/{rel}","templated":true}]}}