{"id":1433,"date":"2025-03-17T22:49:05","date_gmt":"2025-03-17T22:49:05","guid":{"rendered":"https:\/\/bacaratds.com.ar\/cosechatardia\/?post_type=product&#038;p=1433"},"modified":"2025-11-07T00:10:05","modified_gmt":"2025-11-07T00:10:05","slug":"malbec-reserva-marcelo-bocardo","status":"publish","type":"product","link":"https:\/\/bacaratds.com.ar\/cosechatardia\/producto\/malbec-reserva-marcelo-bocardo\/","title":{"rendered":"Malbec reserva Marcelo Bocardo"},"content":{"rendered":"<p>Varietal: 100% malbec.<\/p>\n<p>Origen: Maip\u00fa (800 msnm), Mendoza.<\/p>\n<p>Edad de los vi\u00f1edos: 10 a\u00f1os.<\/p>\n<p>Desarrollo sustentable y certificado org\u00e1nico.<\/p>\n<p>Crianza: durante 10 meses en barricas de roble franc\u00e9s.<\/p>\n<p>Un tinto lineal y firme con notas de mora y chocolate ligero, as\u00ed como avellanas. Cuerpo medio. Final firme y cremoso.<\/p>\n","protected":false},"excerpt":{"rendered":"<p>Varietal: 100% malbec. Origen: Maip\u00fa (800 msnm), Mendoza. Edad de los vi\u00f1edos: 10 a\u00f1os. Desarrollo sustentable y certificado org\u00e1nico. Crianza: durante 10 meses en barricas de roble franc\u00e9s. Un tinto lineal y firme con notas de mora y chocolate ligero, as\u00ed como avellanas. Cuerpo medio. Final firme y cremoso.<\/p>\n","protected":false},"featured_media":1434,"comment_status":"open","ping_status":"closed","template":"","meta":[],"product_brand":[194,147],"product_cat":[57,62],"product_tag":[],"class_list":{"0":"post-1433","1":"product","2":"type-product","3":"status-publish","4":"has-post-thumbnail","6":"product_brand-marcelo-bocardo","7":"product_brand-proemio-wines","8":"product_cat-vino-reserva","9":"product_cat-vino-tinto","10":"product_shipping_class-a-coordinar-con-cliente","12":"first","13":"instock","14":"taxable","15":"shipping-taxable","16":"purchasable","17":"product-type-simple"},"_links":{"self":[{"href":"https:\/\/bacaratds.com.ar\/cosechatardia\/wp-json\/wp\/v2\/product\/1433","targetHints":{"allow":["GET"]}}],"collection":[{"href":"https:\/\/bacaratds.com.ar\/cosechatardia\/wp-json\/wp\/v2\/product"}],"about":[{"href":"https:\/\/bacaratds.com.ar\/cosechatardia\/wp-json\/wp\/v2\/types\/product"}],"replies":[{"embeddable":true,"href":"https:\/\/bacaratds.com.ar\/cosechatardia\/wp-json\/wp\/v2\/comments?post=1433"}],"wp:featuredmedia":[{"embeddable":true,"href":"https:\/\/bacaratds.com.ar\/cosechatardia\/wp-json\/wp\/v2\/media\/1434"}],"wp:attachment":[{"href":"https:\/\/bacaratds.com.ar\/cosechatardia\/wp-json\/wp\/v2\/media?parent=1433"}],"wp:term":[{"taxonomy":"product_brand","embeddable":true,"href":"https:\/\/bacaratds.com.ar\/cosechatardia\/wp-json\/wp\/v2\/product_brand?post=1433"},{"taxonomy":"product_cat","embeddable":true,"href":"https:\/\/bacaratds.com.ar\/cosechatardia\/wp-json\/wp\/v2\/product_cat?post=1433"},{"taxonomy":"product_tag","embeddable":true,"href":"https:\/\/bacaratds.com.ar\/cosechatardia\/wp-json\/wp\/v2\/product_tag?post=1433"}],"curies":[{"name":"wp","href":"https:\/\/api.w.org\/{rel}","templated":true}]}}