{"id":1431,"date":"2025-03-17T22:34:42","date_gmt":"2025-03-17T22:34:42","guid":{"rendered":"https:\/\/bacaratds.com.ar\/cosechatardia\/?post_type=product&#038;p=1431"},"modified":"2025-11-07T00:10:13","modified_gmt":"2025-11-07T00:10:13","slug":"cabernet-sauvignon-varietal-marcelo-bocardo","status":"publish","type":"product","link":"https:\/\/bacaratds.com.ar\/cosechatardia\/producto\/cabernet-sauvignon-varietal-marcelo-bocardo\/","title":{"rendered":"Cabernet Sauvignon Varietal Marcelo Bocardo"},"content":{"rendered":"<p>Varietal: 100% cabernet sauvignon.<\/p>\n<p>Origen: Maip\u00fa (800 msnm), Mendoza.<\/p>\n<p>Edad de los vi\u00f1edos: 10 a\u00f1os.<\/p>\n<p>Sin roble, cultivado de forma sostenible y org\u00e1nico certificado.<br \/>\nCon un color Rub\u00ed rojo brillante, un aroma a moras y pimienta con una gran sensaci\u00f3n de frutos rojos que llena la boca.<br \/>\nCon una mezcla dulce y equilibrada de frutos rojos con taninos azules para finalizar.<\/p>\n","protected":false},"excerpt":{"rendered":"<p>Varietal: 100% cabernet sauvignon. Origen: Maip\u00fa (800 msnm), Mendoza. Edad de los vi\u00f1edos: 10 a\u00f1os. Sin roble, cultivado de forma sostenible y org\u00e1nico certificado. Con un color Rub\u00ed rojo brillante, un aroma a moras y pimienta con una gran sensaci\u00f3n de frutos rojos que llena la boca. Con una mezcla dulce y equilibrada de frutos&hellip;<\/p>\n","protected":false},"featured_media":1432,"comment_status":"open","ping_status":"closed","template":"","meta":[],"product_brand":[194,147],"product_cat":[63,62],"product_tag":[],"class_list":{"0":"post-1431","1":"product","2":"type-product","3":"status-publish","4":"has-post-thumbnail","6":"product_brand-marcelo-bocardo","7":"product_brand-proemio-wines","8":"product_cat-vino-joven","9":"product_cat-vino-tinto","10":"product_shipping_class-a-coordinar-con-cliente","12":"first","13":"instock","14":"taxable","15":"shipping-taxable","16":"purchasable","17":"product-type-simple"},"_links":{"self":[{"href":"https:\/\/bacaratds.com.ar\/cosechatardia\/wp-json\/wp\/v2\/product\/1431","targetHints":{"allow":["GET"]}}],"collection":[{"href":"https:\/\/bacaratds.com.ar\/cosechatardia\/wp-json\/wp\/v2\/product"}],"about":[{"href":"https:\/\/bacaratds.com.ar\/cosechatardia\/wp-json\/wp\/v2\/types\/product"}],"replies":[{"embeddable":true,"href":"https:\/\/bacaratds.com.ar\/cosechatardia\/wp-json\/wp\/v2\/comments?post=1431"}],"wp:featuredmedia":[{"embeddable":true,"href":"https:\/\/bacaratds.com.ar\/cosechatardia\/wp-json\/wp\/v2\/media\/1432"}],"wp:attachment":[{"href":"https:\/\/bacaratds.com.ar\/cosechatardia\/wp-json\/wp\/v2\/media?parent=1431"}],"wp:term":[{"taxonomy":"product_brand","embeddable":true,"href":"https:\/\/bacaratds.com.ar\/cosechatardia\/wp-json\/wp\/v2\/product_brand?post=1431"},{"taxonomy":"product_cat","embeddable":true,"href":"https:\/\/bacaratds.com.ar\/cosechatardia\/wp-json\/wp\/v2\/product_cat?post=1431"},{"taxonomy":"product_tag","embeddable":true,"href":"https:\/\/bacaratds.com.ar\/cosechatardia\/wp-json\/wp\/v2\/product_tag?post=1431"}],"curies":[{"name":"wp","href":"https:\/\/api.w.org\/{rel}","templated":true}]}}