{"id":1425,"date":"2025-03-17T21:57:45","date_gmt":"2025-03-17T21:57:45","guid":{"rendered":"https:\/\/bacaratds.com.ar\/cosechatardia\/?post_type=product&#038;p=1425"},"modified":"2025-12-17T16:26:55","modified_gmt":"2025-12-17T16:26:55","slug":"espumante-extra-brut-freixenet-x","status":"publish","type":"product","link":"https:\/\/bacaratds.com.ar\/cosechatardia\/producto\/espumante-extra-brut-freixenet-x\/","title":{"rendered":"Espumante extra brut Freixenet X"},"content":{"rendered":"<p>Corte: chardonnay &#8211; pinot noir.<\/p>\n<p>Origen: Gualtallary, Valle de Uco, Mendoza.<\/p>\n<div class=\"title\">ELABORACI\u00d3N<\/div>\n<div class=\"value\">Fermentaci\u00f3n de cada variedad por separado a baja temperatura, en tanques de acero inoxidable para capturar todas las bondades de cada cepa. El vino realiza la toma de espuma bajo el m\u00e9todo Charmat, permaneciendo sobre sus l\u00edas durante varias semanas, para luego ser embotellado.<\/div>\n<div>\n<h2 class=\"txt-c\"><b>FICHA T\u00c9CNICA<\/b><\/h2>\n<div class=\"product-description\">L\u00edmpido, claro y brillante. Delicado color rosa p\u00e1lido proveniente del Pinot Noir, con reflejos acerados. Con burbujas peque\u00f1as y persistentes que forman una ligera corona.<br \/>\nAromas de frutos rojos como cerezas, fresas y cassis, combinados luego con toques de pomelo y sutiles notas minerales tipicas de Gualtallary.<br \/>\nDelicado y agradable en boca, con una acidez vibrante bien compensada por el az\u00facar. Suaves notas de frutas c\u00edtricas al retrogusto.<\/div>\n<div id=\"producer-small-logo\"><\/div>\n<\/div>\n","protected":false},"excerpt":{"rendered":"<p>Corte: chardonnay &#8211; pinot noir. Origen: Gualtallary, Valle de Uco, Mendoza. ELABORACI\u00d3N Fermentaci\u00f3n de cada variedad por separado a baja temperatura, en tanques de acero inoxidable para capturar todas las bondades de cada cepa. El vino realiza la toma de espuma bajo el m\u00e9todo Charmat, permaneciendo sobre sus l\u00edas durante varias semanas, para luego ser&hellip;<\/p>\n","protected":false},"featured_media":1426,"comment_status":"open","ping_status":"closed","template":"","meta":[],"product_brand":[193,190],"product_cat":[79,82,87],"product_tag":[],"class_list":{"0":"post-1425","1":"product","2":"type-product","3":"status-publish","4":"has-post-thumbnail","6":"product_brand-finca-ferrer","7":"product_brand-freixenet","8":"product_cat-vino-espumante","9":"product_cat-vino-espumante-extra-brut","10":"product_cat-vino-espumante-metodo-charmat","11":"product_shipping_class-a-coordinar-con-cliente","13":"first","14":"instock","15":"taxable","16":"shipping-taxable","17":"purchasable","18":"product-type-simple"},"_links":{"self":[{"href":"https:\/\/bacaratds.com.ar\/cosechatardia\/wp-json\/wp\/v2\/product\/1425","targetHints":{"allow":["GET"]}}],"collection":[{"href":"https:\/\/bacaratds.com.ar\/cosechatardia\/wp-json\/wp\/v2\/product"}],"about":[{"href":"https:\/\/bacaratds.com.ar\/cosechatardia\/wp-json\/wp\/v2\/types\/product"}],"replies":[{"embeddable":true,"href":"https:\/\/bacaratds.com.ar\/cosechatardia\/wp-json\/wp\/v2\/comments?post=1425"}],"wp:featuredmedia":[{"embeddable":true,"href":"https:\/\/bacaratds.com.ar\/cosechatardia\/wp-json\/wp\/v2\/media\/1426"}],"wp:attachment":[{"href":"https:\/\/bacaratds.com.ar\/cosechatardia\/wp-json\/wp\/v2\/media?parent=1425"}],"wp:term":[{"taxonomy":"product_brand","embeddable":true,"href":"https:\/\/bacaratds.com.ar\/cosechatardia\/wp-json\/wp\/v2\/product_brand?post=1425"},{"taxonomy":"product_cat","embeddable":true,"href":"https:\/\/bacaratds.com.ar\/cosechatardia\/wp-json\/wp\/v2\/product_cat?post=1425"},{"taxonomy":"product_tag","embeddable":true,"href":"https:\/\/bacaratds.com.ar\/cosechatardia\/wp-json\/wp\/v2\/product_tag?post=1425"}],"curies":[{"name":"wp","href":"https:\/\/api.w.org\/{rel}","templated":true}]}}