{"id":1421,"date":"2025-03-17T21:21:30","date_gmt":"2025-03-17T21:21:30","guid":{"rendered":"https:\/\/bacaratds.com.ar\/cosechatardia\/?post_type=product&#038;p=1421"},"modified":"2025-12-17T16:27:45","modified_gmt":"2025-12-17T16:27:45","slug":"cava-segura-viudas-brut-reserva","status":"publish","type":"product","link":"https:\/\/bacaratds.com.ar\/cosechatardia\/producto\/cava-segura-viudas-brut-reserva\/","title":{"rendered":"Cava Segura Viudas Brut reserva"},"content":{"rendered":"<p>Composici\u00f3n Varietal: 50% Macabeo 30% Parellada 20% Xarel\u00b7lo<\/p>\n<p>PROCESO DE CREACI\u00d3N<br \/>\n\u2022 Dominio de la uva Macabeo que le aporta una acidez equilibrada y el car\u00e1cter afrutado. Es la responsable de la finura y elegancia que buscamos en nuestras creaciones.<br \/>\n\u2022 Las uvas con las que se elabora Brut Reserva proceden de una gran diversidad de<br \/>\nvi\u00f1edos de la regi\u00f3n. De esta forma se puede aprovechar lo peculiar de cada zona para<br \/>\nlograr un cava complejo y arm\u00f3nico.<br \/>\n\u2022 Prensado de la uva entera para mantener la identidad del producto y evitar oxidaciones.<br \/>\n\u2022 Decantaci\u00f3n natural del mosto durante 24 horas para conseguir vinos m\u00e1s afrutados y elegantes.<br \/>\n\u2022 Primera y segunda fermentaci\u00f3n realizada con nuestras propias levaduras seleccionadas. Estas levaduras aportan estructura, suavidad en boca, aromas m\u00e1s complejos (miel, frutos secos, flores) y una burbuja elegante y persistente.<br \/>\n\u2022 El coupage procede de 10 vinos diferentes, de los cuales cuatro, una vez terminada la fermentaci\u00f3n, siguen un proceso de crianza con sus l\u00edas en dep\u00f3sito durante 3 meses.<br \/>\n\u2022 M\u00ednimo de 15 meses de crianza en botella, en condiciones de total oscuridad y<br \/>\nreposo, a 20 metros bajo el suelo, y a una temperatura constante y natural entre 14 y 16\u00baC.<\/p>\n<p>La carta de presentaci\u00f3n de Brut Reserva Segura Viudas es su burbuja elegante y<br \/>\npersistente. Aroma a frutos blancos, tropicales y c\u00edtricos, y moderadas notas florales.<br \/>\nSu paladar es exquisito, complejo y sabroso, con buena acidez y sabor a lima y pi\u00f1a.<br \/>\nPaso de boca seco y buena persistencia al paladar.<\/p>\n","protected":false},"excerpt":{"rendered":"<p>Composici\u00f3n Varietal: 50% Macabeo 30% Parellada 20% Xarel\u00b7lo PROCESO DE CREACI\u00d3N \u2022 Dominio de la uva Macabeo que le aporta una acidez equilibrada y el car\u00e1cter afrutado. Es la responsable de la finura y elegancia que buscamos en nuestras creaciones. \u2022 Las uvas con las que se elabora Brut Reserva proceden de una gran diversidad&hellip;<\/p>\n","protected":false},"featured_media":1422,"comment_status":"open","ping_status":"closed","template":"","meta":[],"product_brand":[190,192],"product_cat":[79,83,88],"product_tag":[],"class_list":{"0":"post-1421","1":"product","2":"type-product","3":"status-publish","4":"has-post-thumbnail","6":"product_brand-freixenet","7":"product_brand-segura-viudas","8":"product_cat-vino-espumante","9":"product_cat-vino-espumante-brut","10":"product_cat-vino-espumante-metodo-champegnoise","11":"product_shipping_class-a-coordinar-con-cliente","13":"first","14":"instock","15":"taxable","16":"shipping-taxable","17":"purchasable","18":"product-type-simple"},"_links":{"self":[{"href":"https:\/\/bacaratds.com.ar\/cosechatardia\/wp-json\/wp\/v2\/product\/1421","targetHints":{"allow":["GET"]}}],"collection":[{"href":"https:\/\/bacaratds.com.ar\/cosechatardia\/wp-json\/wp\/v2\/product"}],"about":[{"href":"https:\/\/bacaratds.com.ar\/cosechatardia\/wp-json\/wp\/v2\/types\/product"}],"replies":[{"embeddable":true,"href":"https:\/\/bacaratds.com.ar\/cosechatardia\/wp-json\/wp\/v2\/comments?post=1421"}],"wp:featuredmedia":[{"embeddable":true,"href":"https:\/\/bacaratds.com.ar\/cosechatardia\/wp-json\/wp\/v2\/media\/1422"}],"wp:attachment":[{"href":"https:\/\/bacaratds.com.ar\/cosechatardia\/wp-json\/wp\/v2\/media?parent=1421"}],"wp:term":[{"taxonomy":"product_brand","embeddable":true,"href":"https:\/\/bacaratds.com.ar\/cosechatardia\/wp-json\/wp\/v2\/product_brand?post=1421"},{"taxonomy":"product_cat","embeddable":true,"href":"https:\/\/bacaratds.com.ar\/cosechatardia\/wp-json\/wp\/v2\/product_cat?post=1421"},{"taxonomy":"product_tag","embeddable":true,"href":"https:\/\/bacaratds.com.ar\/cosechatardia\/wp-json\/wp\/v2\/product_tag?post=1421"}],"curies":[{"name":"wp","href":"https:\/\/api.w.org\/{rel}","templated":true}]}}