{"id":1398,"date":"2025-03-13T22:01:46","date_gmt":"2025-03-13T22:01:46","guid":{"rendered":"https:\/\/bacaratds.com.ar\/cosechatardia\/?post_type=product&#038;p=1398"},"modified":"2026-02-20T19:01:44","modified_gmt":"2026-02-20T19:01:44","slug":"tannat-malbec-reserva-familia-perulan","status":"publish","type":"product","link":"https:\/\/bacaratds.com.ar\/cosechatardia\/producto\/tannat-malbec-reserva-familia-perulan\/","title":{"rendered":"Tannat Malbec reserva Familia Perulan"},"content":{"rendered":"<p>Vino de color violeta, complejo, en el cual se une la dulzura del malbec y el cuerpo del tannat. En boca es untuoso, con taninos dulces que le aportan volumen y persistencia; acompa\u00f1ado de una suave vainilla, resultado de su paso por roble de m\u00e1s de 12 meses.<\/p>\n<p>Coquimbito, Maip\u00fa, Mendoza.<\/p>\n","protected":false},"excerpt":{"rendered":"<p>Vino de color violeta, complejo, en el cual se une la dulzura del malbec y el cuerpo del tannat. En boca es untuoso, con taninos dulces que le aportan volumen y persistencia; acompa\u00f1ado de una suave vainilla, resultado de su paso por roble de m\u00e1s de 12 meses. Coquimbito, Maip\u00fa, Mendoza.<\/p>\n","protected":false},"featured_media":1399,"comment_status":"open","ping_status":"closed","template":"","meta":[],"product_brand":[103],"product_cat":[57,62],"product_tag":[],"class_list":{"0":"post-1398","1":"product","2":"type-product","3":"status-publish","4":"has-post-thumbnail","6":"product_brand-familia-perulan","7":"product_cat-vino-reserva","8":"product_cat-vino-tinto","9":"product_shipping_class-a-coordinar-con-cliente","11":"first","12":"outofstock","13":"purchasable","14":"product-type-simple"},"_links":{"self":[{"href":"https:\/\/bacaratds.com.ar\/cosechatardia\/wp-json\/wp\/v2\/product\/1398","targetHints":{"allow":["GET"]}}],"collection":[{"href":"https:\/\/bacaratds.com.ar\/cosechatardia\/wp-json\/wp\/v2\/product"}],"about":[{"href":"https:\/\/bacaratds.com.ar\/cosechatardia\/wp-json\/wp\/v2\/types\/product"}],"replies":[{"embeddable":true,"href":"https:\/\/bacaratds.com.ar\/cosechatardia\/wp-json\/wp\/v2\/comments?post=1398"}],"wp:featuredmedia":[{"embeddable":true,"href":"https:\/\/bacaratds.com.ar\/cosechatardia\/wp-json\/wp\/v2\/media\/1399"}],"wp:attachment":[{"href":"https:\/\/bacaratds.com.ar\/cosechatardia\/wp-json\/wp\/v2\/media?parent=1398"}],"wp:term":[{"taxonomy":"product_brand","embeddable":true,"href":"https:\/\/bacaratds.com.ar\/cosechatardia\/wp-json\/wp\/v2\/product_brand?post=1398"},{"taxonomy":"product_cat","embeddable":true,"href":"https:\/\/bacaratds.com.ar\/cosechatardia\/wp-json\/wp\/v2\/product_cat?post=1398"},{"taxonomy":"product_tag","embeddable":true,"href":"https:\/\/bacaratds.com.ar\/cosechatardia\/wp-json\/wp\/v2\/product_tag?post=1398"}],"curies":[{"name":"wp","href":"https:\/\/api.w.org\/{rel}","templated":true}]}}