{"id":1392,"date":"2025-03-12T22:34:14","date_gmt":"2025-03-12T22:34:14","guid":{"rendered":"https:\/\/bacaratds.com.ar\/cosechatardia\/?post_type=product&#038;p=1392"},"modified":"2025-12-06T00:26:05","modified_gmt":"2025-12-06T00:26:05","slug":"espumante-extra-brut-de-tannat-malbec-familia-perulan","status":"publish","type":"product","link":"https:\/\/bacaratds.com.ar\/cosechatardia\/producto\/espumante-extra-brut-de-tannat-malbec-familia-perulan\/","title":{"rendered":"Espumante extra brut de tannat malbec Familia Perulan"},"content":{"rendered":"<p><strong>COMPOSICI\u00d3N<\/strong>: Tannat &#8211; Malbec<\/p>\n<p><strong>ORIGEN:<\/strong>\u00a0Maip\u00fa- Mendoza- Argentina<\/p>\n<p><strong>BODEGA<\/strong>: Familia Perulan<\/p>\n<p>Vino espumoso elaborado a trav\u00e9s del m\u00e9todo tradicional Champenoise. Es un blend de Tannat Malbec de color rosado intenso, acompa\u00f1ado de burbujas atractivas delicadas y persistentes. En boca es explosivo y untuoso, con taninos dulces que aportan gran volumen<\/p>\n","protected":false},"excerpt":{"rendered":"<p>COMPOSICI\u00d3N: Tannat &#8211; Malbec ORIGEN:\u00a0Maip\u00fa- Mendoza- Argentina BODEGA: Familia Perulan Vino espumoso elaborado a trav\u00e9s del m\u00e9todo tradicional Champenoise. Es un blend de Tannat Malbec de color rosado intenso, acompa\u00f1ado de burbujas atractivas delicadas y persistentes. En boca es explosivo y untuoso, con taninos dulces que aportan gran volumen<\/p>\n","protected":false},"featured_media":1393,"comment_status":"open","ping_status":"closed","template":"","meta":[],"product_brand":[103],"product_cat":[79,82,88],"product_tag":[],"class_list":{"0":"post-1392","1":"product","2":"type-product","3":"status-publish","4":"has-post-thumbnail","6":"product_brand-familia-perulan","7":"product_cat-vino-espumante","8":"product_cat-vino-espumante-extra-brut","9":"product_cat-vino-espumante-metodo-champegnoise","10":"product_shipping_class-a-coordinar-con-cliente","12":"first","13":"instock","14":"purchasable","15":"product-type-simple"},"_links":{"self":[{"href":"https:\/\/bacaratds.com.ar\/cosechatardia\/wp-json\/wp\/v2\/product\/1392","targetHints":{"allow":["GET"]}}],"collection":[{"href":"https:\/\/bacaratds.com.ar\/cosechatardia\/wp-json\/wp\/v2\/product"}],"about":[{"href":"https:\/\/bacaratds.com.ar\/cosechatardia\/wp-json\/wp\/v2\/types\/product"}],"replies":[{"embeddable":true,"href":"https:\/\/bacaratds.com.ar\/cosechatardia\/wp-json\/wp\/v2\/comments?post=1392"}],"wp:featuredmedia":[{"embeddable":true,"href":"https:\/\/bacaratds.com.ar\/cosechatardia\/wp-json\/wp\/v2\/media\/1393"}],"wp:attachment":[{"href":"https:\/\/bacaratds.com.ar\/cosechatardia\/wp-json\/wp\/v2\/media?parent=1392"}],"wp:term":[{"taxonomy":"product_brand","embeddable":true,"href":"https:\/\/bacaratds.com.ar\/cosechatardia\/wp-json\/wp\/v2\/product_brand?post=1392"},{"taxonomy":"product_cat","embeddable":true,"href":"https:\/\/bacaratds.com.ar\/cosechatardia\/wp-json\/wp\/v2\/product_cat?post=1392"},{"taxonomy":"product_tag","embeddable":true,"href":"https:\/\/bacaratds.com.ar\/cosechatardia\/wp-json\/wp\/v2\/product_tag?post=1392"}],"curies":[{"name":"wp","href":"https:\/\/api.w.org\/{rel}","templated":true}]}}