{"id":1372,"date":"2025-03-11T20:16:14","date_gmt":"2025-03-11T20:16:14","guid":{"rendered":"https:\/\/bacaratds.com.ar\/cosechatardia\/?post_type=product&#038;p=1372"},"modified":"2025-09-05T22:17:39","modified_gmt":"2025-09-05T22:17:39","slug":"espumante-extra-brut-bodega-lagarde","status":"publish","type":"product","link":"https:\/\/bacaratds.com.ar\/cosechatardia\/producto\/espumante-extra-brut-bodega-lagarde\/","title":{"rendered":"Espumante Extra Brut Bodega Lagarde"},"content":{"rendered":"<div class=\"winerow\">\n<div class=\"wrt\">Composici\u00f3n Varietal: 50% Chardonnay &#8211; 50% Pinot Noir<\/div>\n<\/div>\n<div class=\"winerow\">\n<div class=\"wrt\">Vi\u00f1edos: Perdriel, Luj\u00e1n de Cuyo y Vista Flores, Tunuy\u00e1n &#8211; Mendoza.<\/div>\n<\/div>\n<div class=\"winerow\">\n<div class=\"wrt\">Fermentaci\u00f3n: m\u00e9todo tradicional champenoise. El vino base se fermenta en dep\u00f3sitos de acero inoxidable a una temperatura inferior a 17 \u00b0C. La segunda fermentaci\u00f3n se realiza en botella y se guarda a temperatura controlada. M\u00e9todo de a\u00f1ejamiento: se mantiene en contacto con sus l\u00edas durante al menos 18 meses antes del deg\u00fcelle.<\/div>\n<\/div>\n<div class=\"winerow\">\n<div class=\"wrt\">Guarda en Botella: m\u00e1s de 5 a\u00f1os.<\/div>\n<\/div>\n<div class=\"winerow\">\n<table width=\"560\">\n<tbody>\n<tr>\n<td width=\"280\">ALCOHOL 12,2%<\/td>\n<td width=\"280\">ACIDEZ TOTAL 7,58 g\/l<\/td>\n<\/tr>\n<tr>\n<td width=\"280\">AZ\u00daCAR RESIDUAL 5,32 g\/l.<\/td>\n<td width=\"280\">PRODUCCI\u00d3N<\/td>\n<\/tr>\n<\/tbody>\n<\/table>\n<\/div>\n<div class=\"winerow\">\n<div class=\"wrt\">Notas de Cata<\/div>\n<div>COLOR: A la vista, posee un color amarillo suave con reflejos dorados.<br \/>\nEl perlado es delicado y muy persistente.<\/div>\n<div>AROMA: Aromas a miel y pan tostado, c\u00edtricos y frutas tropicales.<\/div>\n<div>SABOR: Muy complejo con una sensaci\u00f3n en boca fresca y untuosa<\/div>\n<\/div>\n<div class=\"winerow\">\n<div class=\"wrt\">Maridaje Sugerido: Ideal para momentos festivos y para servir postres cremosos o helados. Tambi\u00e9n funciona muy bien como aperitivo y para maridar entradas elaboradas con verduras frescas o ingredientes como salm\u00f3n ahumado, marisco o queso de cabra.<\/div>\n<\/div>\n<div class=\"clearfix\"><\/div>\n","protected":false},"excerpt":{"rendered":"<p>Composici\u00f3n Varietal: 50% Chardonnay &#8211; 50% Pinot Noir Vi\u00f1edos: Perdriel, Luj\u00e1n de Cuyo y Vista Flores, Tunuy\u00e1n &#8211; Mendoza. Fermentaci\u00f3n: m\u00e9todo tradicional champenoise. El vino base se fermenta en dep\u00f3sitos de acero inoxidable a una temperatura inferior a 17 \u00b0C. La segunda fermentaci\u00f3n se realiza en botella y se guarda a temperatura controlada. M\u00e9todo de&hellip;<\/p>\n","protected":false},"featured_media":1373,"comment_status":"open","ping_status":"closed","template":"","meta":[],"product_brand":[108],"product_cat":[79,82,88],"product_tag":[],"class_list":{"0":"post-1372","1":"product","2":"type-product","3":"status-publish","4":"has-post-thumbnail","6":"product_brand-bodega-lagarde","7":"product_cat-vino-espumante","8":"product_cat-vino-espumante-extra-brut","9":"product_cat-vino-espumante-metodo-champegnoise","10":"product_shipping_class-a-coordinar-con-cliente","12":"first","13":"instock","14":"purchasable","15":"product-type-simple"},"_links":{"self":[{"href":"https:\/\/bacaratds.com.ar\/cosechatardia\/wp-json\/wp\/v2\/product\/1372","targetHints":{"allow":["GET"]}}],"collection":[{"href":"https:\/\/bacaratds.com.ar\/cosechatardia\/wp-json\/wp\/v2\/product"}],"about":[{"href":"https:\/\/bacaratds.com.ar\/cosechatardia\/wp-json\/wp\/v2\/types\/product"}],"replies":[{"embeddable":true,"href":"https:\/\/bacaratds.com.ar\/cosechatardia\/wp-json\/wp\/v2\/comments?post=1372"}],"wp:featuredmedia":[{"embeddable":true,"href":"https:\/\/bacaratds.com.ar\/cosechatardia\/wp-json\/wp\/v2\/media\/1373"}],"wp:attachment":[{"href":"https:\/\/bacaratds.com.ar\/cosechatardia\/wp-json\/wp\/v2\/media?parent=1372"}],"wp:term":[{"taxonomy":"product_brand","embeddable":true,"href":"https:\/\/bacaratds.com.ar\/cosechatardia\/wp-json\/wp\/v2\/product_brand?post=1372"},{"taxonomy":"product_cat","embeddable":true,"href":"https:\/\/bacaratds.com.ar\/cosechatardia\/wp-json\/wp\/v2\/product_cat?post=1372"},{"taxonomy":"product_tag","embeddable":true,"href":"https:\/\/bacaratds.com.ar\/cosechatardia\/wp-json\/wp\/v2\/product_tag?post=1372"}],"curies":[{"name":"wp","href":"https:\/\/api.w.org\/{rel}","templated":true}]}}