{"id":1368,"date":"2025-03-11T20:06:49","date_gmt":"2025-03-11T20:06:49","guid":{"rendered":"https:\/\/bacaratds.com.ar\/cosechatardia\/?post_type=product&#038;p=1368"},"modified":"2026-02-21T00:29:52","modified_gmt":"2026-02-21T00:29:52","slug":"rose-goes-pink-bodega-lagarde","status":"publish","type":"product","link":"https:\/\/bacaratds.com.ar\/cosechatardia\/producto\/rose-goes-pink-bodega-lagarde\/","title":{"rendered":"Ros\u00e9 Goes Pink Bodega Lagarde"},"content":{"rendered":"<div class=\"winerow\">\n<div class=\"wrt\">Composici\u00f3n Varietal: 50% Malbec, 50% Pinot Noir<\/div>\n<\/div>\n<div class=\"winerow\">\n<div class=\"wrt\">Vi\u00f1edos: Perdriel, Luj\u00e1n de Cuyo, y Vista Flores, Tunuy\u00e1n &#8211; Mendoza. Plantados en: 1995 y 1999. Altitud: 980 y 1.050 msnm.<\/div>\n<\/div>\n<div class=\"winerow\">\n<div class=\"wrt\">Estructura del vi\u00f1edo\/rendimiento: Malbec: Espaldero bajo. Riego superficial. Poda pit\u00f3n y cargador. Alta densidad de plantaci\u00f3n. Pinot Noir y parte de malbec espaldero alto. Riego por goteo. Poda cord\u00f3n con pitones. Rendimientos promedio: 100 qq\/ha.<\/div>\n<\/div>\n<div class=\"winerow\">\n<div class=\"wrt\">Fermentaci\u00f3n: Se elaboran el malbec y el pinot noir por separado. Maceraci\u00f3n en fr\u00edo previo a la fermentaci\u00f3n de 24 hs. Fermentado en tanques de acero inoxidable a temperaturas por de bajo de 18\u00b0C. Sin fermentaci\u00f3n malol\u00e1ctica.<\/div>\n<\/div>\n<div class=\"winerow\">\n<div class=\"wrt\">A\u00f1ejamiento: Sin contacto con madera.<\/div>\n<\/div>\n<div class=\"winerow\">\n<div class=\"wrt\">Guarda en Botella: hasta 4 a\u00f1os desde la cosecha.<\/div>\n<\/div>\n<div class=\"winerow\">\n<table width=\"560\">\n<tbody>\n<tr>\n<td width=\"280\">ALCOHOL 12,1%%<\/td>\n<td width=\"280\">ACIDEZ TOTAL 6.75 g\/l. g\/l<\/td>\n<\/tr>\n<tr>\n<td width=\"280\">AZ\u00daCAR RESIDUAL 1,30 g\/l.<\/td>\n<td width=\"280\">PRODUCCI\u00d3N<\/td>\n<\/tr>\n<\/tbody>\n<\/table>\n<\/div>\n<div class=\"winerow\">\n<div class=\"wrt\">Notas de Cata<\/div>\n<div>COLOR: Rosado tenue con reflejos apenas anaranjados, similar a la piel del durazno<\/div>\n<div>AROMA: Aromas delicados y frescos con notas a frutos como la guinda, la cereza<br \/>\ny la frambuesa.<\/div>\n<div>SABOR: Un vino puro, fresco y balanceado perfecto para maridar con verano, amigos<br \/>\ny el mar.<\/div>\n<\/div>\n<div class=\"winerow\">\n<div class=\"wrt\">Maridaje Sugerido: Armoniza a la perfecci\u00f3n con ensaladas frescas de verano, sushi, pastas con<\/div>\n<p>vegetales o pescado fresco a la parrilla.<\/p>\n<\/div>\n","protected":false},"excerpt":{"rendered":"<p>Composici\u00f3n Varietal: 50% Malbec, 50% Pinot Noir Vi\u00f1edos: Perdriel, Luj\u00e1n de Cuyo, y Vista Flores, Tunuy\u00e1n &#8211; Mendoza. Plantados en: 1995 y 1999. Altitud: 980 y 1.050 msnm. Estructura del vi\u00f1edo\/rendimiento: Malbec: Espaldero bajo. Riego superficial. Poda pit\u00f3n y cargador. Alta densidad de plantaci\u00f3n. Pinot Noir y parte de malbec espaldero alto. Riego por goteo.&hellip;<\/p>\n","protected":false},"featured_media":1369,"comment_status":"open","ping_status":"closed","template":"","meta":[],"product_brand":[108],"product_cat":[75,76],"product_tag":[],"class_list":{"0":"post-1368","1":"product","2":"type-product","3":"status-publish","4":"has-post-thumbnail","6":"product_brand-bodega-lagarde","7":"product_cat-vino-rosado","8":"product_cat-vino-rosado-seco","9":"product_shipping_class-a-coordinar-con-cliente","11":"first","12":"outofstock","13":"purchasable","14":"product-type-simple"},"_links":{"self":[{"href":"https:\/\/bacaratds.com.ar\/cosechatardia\/wp-json\/wp\/v2\/product\/1368","targetHints":{"allow":["GET"]}}],"collection":[{"href":"https:\/\/bacaratds.com.ar\/cosechatardia\/wp-json\/wp\/v2\/product"}],"about":[{"href":"https:\/\/bacaratds.com.ar\/cosechatardia\/wp-json\/wp\/v2\/types\/product"}],"replies":[{"embeddable":true,"href":"https:\/\/bacaratds.com.ar\/cosechatardia\/wp-json\/wp\/v2\/comments?post=1368"}],"wp:featuredmedia":[{"embeddable":true,"href":"https:\/\/bacaratds.com.ar\/cosechatardia\/wp-json\/wp\/v2\/media\/1369"}],"wp:attachment":[{"href":"https:\/\/bacaratds.com.ar\/cosechatardia\/wp-json\/wp\/v2\/media?parent=1368"}],"wp:term":[{"taxonomy":"product_brand","embeddable":true,"href":"https:\/\/bacaratds.com.ar\/cosechatardia\/wp-json\/wp\/v2\/product_brand?post=1368"},{"taxonomy":"product_cat","embeddable":true,"href":"https:\/\/bacaratds.com.ar\/cosechatardia\/wp-json\/wp\/v2\/product_cat?post=1368"},{"taxonomy":"product_tag","embeddable":true,"href":"https:\/\/bacaratds.com.ar\/cosechatardia\/wp-json\/wp\/v2\/product_tag?post=1368"}],"curies":[{"name":"wp","href":"https:\/\/api.w.org\/{rel}","templated":true}]}}