{"id":1366,"date":"2025-03-11T20:00:18","date_gmt":"2025-03-11T20:00:18","guid":{"rendered":"https:\/\/bacaratds.com.ar\/cosechatardia\/?post_type=product&#038;p=1366"},"modified":"2026-02-21T00:30:05","modified_gmt":"2026-02-21T00:30:05","slug":"merlot-bodega-lagarde","status":"publish","type":"product","link":"https:\/\/bacaratds.com.ar\/cosechatardia\/producto\/merlot-bodega-lagarde\/","title":{"rendered":"Merlot Bodega Lagarde"},"content":{"rendered":"<div class=\"winerow\">\n<div class=\"wrt\">Composici\u00f3n Varietal: 100% Merlot.<\/div>\n<\/div>\n<div class=\"winerow\">\n<div class=\"wrt\">Vi\u00f1edos: Luj\u00e1n de Cuyo \u2013 Mendoza. Plantados en 1983 y 1998. Altitud 980 msnm.<\/div>\n<\/div>\n<div class=\"winerow\">\n<div class=\"wrt\">Estructura del vi\u00f1edo\/rendimiento: Espaldero Alto. Riego por goteo. Poda cord\u00f3n con pitones. Rendimientos promedio: 90-100 qq\/ha.<\/div>\n<\/div>\n<div class=\"winerow\">\n<div class=\"wrt\">Fermentaci\u00f3n: En tanques de acero inoxidable con remontajes diarios y temperatura controlada por debajo de 30 \u00b0C. La maceraci\u00f3n dura entre 12 y 18 d\u00edas, dependiendo de degustaciones diarias. La fermentaci\u00f3n malol\u00e1ctica se produce espont\u00e1neamente.<\/div>\n<\/div>\n<div class=\"winerow\">\n<div class=\"wrt\">A\u00f1ejamiento: Un 50% del vino pas\u00f3 entre 8 y 10 meses en barricas de roble franc\u00e9s.<\/div>\n<\/div>\n<div class=\"winerow\">\n<div class=\"wrt\">Guarda en Botella: M\u00e1s de 5 a\u00f1os.<\/div>\n<\/div>\n<div class=\"winerow\">\n<table width=\"560\">\n<tbody>\n<tr>\n<td width=\"280\">ALCOHOL 13.9%<\/td>\n<td width=\"280\">ACIDEZ TOTAL 5.1 g\/l<\/td>\n<\/tr>\n<tr>\n<td width=\"280\">AZ\u00daCAR RESIDUAL 1.8<\/td>\n<td width=\"280\">PRODUCCI\u00d3N<\/td>\n<\/tr>\n<\/tbody>\n<\/table>\n<\/div>\n<div class=\"winerow\">\n<div class=\"wrt\">Notas de Cata<\/div>\n<div>COLOR: rojo rub\u00ed intenso con matices bord\u00f3.<\/div>\n<div>AROMA: a frutos rojos y negros muy maduros y mermeladas. Algunas notas a aceitunas negras y eucaliptos.<\/div>\n<div>SABOR: untuoso y elegante. Estructurado, redondo y persistente.<\/div>\n<\/div>\n<div class=\"winerow\">\n<div class=\"wrt\">Maridaje Sugerido: Ideal para acompa\u00f1ar con carnes de caza, como conejo o cordero, y quesos duros. Tambi\u00e9n va muy bien con carne vacuna a la parrilla.<\/div>\n<\/div>\n","protected":false},"excerpt":{"rendered":"<p>Composici\u00f3n Varietal: 100% Merlot. Vi\u00f1edos: Luj\u00e1n de Cuyo \u2013 Mendoza. Plantados en 1983 y 1998. Altitud 980 msnm. Estructura del vi\u00f1edo\/rendimiento: Espaldero Alto. Riego por goteo. Poda cord\u00f3n con pitones. Rendimientos promedio: 90-100 qq\/ha. Fermentaci\u00f3n: En tanques de acero inoxidable con remontajes diarios y temperatura controlada por debajo de 30 \u00b0C. La maceraci\u00f3n dura entre&hellip;<\/p>\n","protected":false},"featured_media":1367,"comment_status":"open","ping_status":"closed","template":"","meta":[],"product_brand":[108],"product_cat":[65,62],"product_tag":[],"class_list":{"0":"post-1366","1":"product","2":"type-product","3":"status-publish","4":"has-post-thumbnail","6":"product_brand-bodega-lagarde","7":"product_cat-vino-joven-con-paso-x-barricas","8":"product_cat-vino-tinto","9":"product_shipping_class-a-coordinar-con-cliente","11":"first","12":"instock","13":"purchasable","14":"product-type-simple"},"_links":{"self":[{"href":"https:\/\/bacaratds.com.ar\/cosechatardia\/wp-json\/wp\/v2\/product\/1366","targetHints":{"allow":["GET"]}}],"collection":[{"href":"https:\/\/bacaratds.com.ar\/cosechatardia\/wp-json\/wp\/v2\/product"}],"about":[{"href":"https:\/\/bacaratds.com.ar\/cosechatardia\/wp-json\/wp\/v2\/types\/product"}],"replies":[{"embeddable":true,"href":"https:\/\/bacaratds.com.ar\/cosechatardia\/wp-json\/wp\/v2\/comments?post=1366"}],"wp:featuredmedia":[{"embeddable":true,"href":"https:\/\/bacaratds.com.ar\/cosechatardia\/wp-json\/wp\/v2\/media\/1367"}],"wp:attachment":[{"href":"https:\/\/bacaratds.com.ar\/cosechatardia\/wp-json\/wp\/v2\/media?parent=1366"}],"wp:term":[{"taxonomy":"product_brand","embeddable":true,"href":"https:\/\/bacaratds.com.ar\/cosechatardia\/wp-json\/wp\/v2\/product_brand?post=1366"},{"taxonomy":"product_cat","embeddable":true,"href":"https:\/\/bacaratds.com.ar\/cosechatardia\/wp-json\/wp\/v2\/product_cat?post=1366"},{"taxonomy":"product_tag","embeddable":true,"href":"https:\/\/bacaratds.com.ar\/cosechatardia\/wp-json\/wp\/v2\/product_tag?post=1366"}],"curies":[{"name":"wp","href":"https:\/\/api.w.org\/{rel}","templated":true}]}}