{"id":1360,"date":"2025-03-11T19:44:03","date_gmt":"2025-03-11T19:44:03","guid":{"rendered":"https:\/\/bacaratds.com.ar\/cosechatardia\/?post_type=product&#038;p=1360"},"modified":"2026-02-21T00:30:43","modified_gmt":"2026-02-21T00:30:43","slug":"malbec-bodega-lagarde","status":"publish","type":"product","link":"https:\/\/bacaratds.com.ar\/cosechatardia\/producto\/malbec-bodega-lagarde\/","title":{"rendered":"Malbec Bodega Lagarde"},"content":{"rendered":"<div class=\"winerow\">\n<div class=\"wrt\">Composici\u00f3n Varietal: 100% Malbec.<\/div>\n<\/div>\n<div class=\"winerow\">\n<div class=\"wrt\">Vi\u00f1edos: Luj\u00e1n de Cuyo &#8211; Mendoza. Plantado: 1906, 1930, 1995. Altitud: 850 y 980 msnm.<\/div>\n<\/div>\n<div class=\"winerow\">\n<div class=\"wrt\">Estructura del vi\u00f1edo\/rendimiento: Dos tipos de plantaciones: Espaldero bajo, Riego superficial Poda piton y cargador. Alta densidad de plantaci\u00f3n. Espaldero Alto, Riego por goteo. Poda cord\u00f3n con pitones. Rendimientos promedio: 100 qq\/ha.<\/div>\n<\/div>\n<div class=\"winerow\">\n<div class=\"wrt\">Fermentaci\u00f3n: En tanques de acero inoxidable con remontajes diarios y temperatura controlada por debajo de 30\u00b0. La maceraci\u00f3n dura entre 15 y 20 d\u00edas, dependiendo de degustaciones diarias. Fermentaci\u00f3n malol\u00e1ctica se produce espont\u00e1neamente.<\/div>\n<\/div>\n<div class=\"winerow\">\n<div class=\"wrt\">A\u00f1ejamiento: Un 50% del vino pas\u00f3 entre 8 y 10 meses en barrica de roble (80% franc\u00e9s y 20% americano).<\/div>\n<\/div>\n<div class=\"winerow\">\n<div class=\"wrt\">Guarda en Botella: M\u00e1s de 5 a\u00f1os.<\/div>\n<\/div>\n<div class=\"winerow\">\n<table width=\"560\">\n<tbody>\n<tr>\n<td width=\"280\">ALCOHOL 14.2%<\/td>\n<td width=\"280\">ACIDEZ TOTAL 5.9 g\/l<\/td>\n<\/tr>\n<tr>\n<td width=\"280\">AZ\u00daCAR RESIDUAL 2.9<\/td>\n<td width=\"280\">PRODUCCI\u00d3N<\/td>\n<\/tr>\n<\/tbody>\n<\/table>\n<\/div>\n<div class=\"winerow\">\n<div class=\"wrt\">Notas de Cata<\/div>\n<div>COLOR: rojo viol\u00e1ceo intenso.<\/div>\n<div>AROMA: a frutas rojas maduras y confituras, tambi\u00e9n recuerda a algo floral y fresco. Combinado con toques de vainilla y chocolate.<\/div>\n<div>SABOR: equilibrado con muy buen cuerpo. La presencia de taninos maduros lo hacen muy untuoso y persistente.<\/div>\n<\/div>\n<div class=\"winerow\">\n<div class=\"wrt\">Maridaje Sugerido: Ideal para acompa\u00f1ar carnes a las brasas o pastas con salsas rojas.<\/div>\n<\/div>\n","protected":false},"excerpt":{"rendered":"<p>Composici\u00f3n Varietal: 100% Malbec. Vi\u00f1edos: Luj\u00e1n de Cuyo &#8211; Mendoza. Plantado: 1906, 1930, 1995. Altitud: 850 y 980 msnm. Estructura del vi\u00f1edo\/rendimiento: Dos tipos de plantaciones: Espaldero bajo, Riego superficial Poda piton y cargador. Alta densidad de plantaci\u00f3n. Espaldero Alto, Riego por goteo. Poda cord\u00f3n con pitones. Rendimientos promedio: 100 qq\/ha. Fermentaci\u00f3n: En tanques de&hellip;<\/p>\n","protected":false},"featured_media":1361,"comment_status":"open","ping_status":"closed","template":"","meta":[],"product_brand":[108],"product_cat":[67,62],"product_tag":[],"class_list":{"0":"post-1360","1":"product","2":"type-product","3":"status-publish","4":"has-post-thumbnail","6":"product_brand-bodega-lagarde","7":"product_cat-vino-premium-vino-tinto","8":"product_cat-vino-tinto","9":"product_shipping_class-a-coordinar-con-cliente","11":"first","12":"instock","13":"purchasable","14":"product-type-simple"},"_links":{"self":[{"href":"https:\/\/bacaratds.com.ar\/cosechatardia\/wp-json\/wp\/v2\/product\/1360","targetHints":{"allow":["GET"]}}],"collection":[{"href":"https:\/\/bacaratds.com.ar\/cosechatardia\/wp-json\/wp\/v2\/product"}],"about":[{"href":"https:\/\/bacaratds.com.ar\/cosechatardia\/wp-json\/wp\/v2\/types\/product"}],"replies":[{"embeddable":true,"href":"https:\/\/bacaratds.com.ar\/cosechatardia\/wp-json\/wp\/v2\/comments?post=1360"}],"wp:featuredmedia":[{"embeddable":true,"href":"https:\/\/bacaratds.com.ar\/cosechatardia\/wp-json\/wp\/v2\/media\/1361"}],"wp:attachment":[{"href":"https:\/\/bacaratds.com.ar\/cosechatardia\/wp-json\/wp\/v2\/media?parent=1360"}],"wp:term":[{"taxonomy":"product_brand","embeddable":true,"href":"https:\/\/bacaratds.com.ar\/cosechatardia\/wp-json\/wp\/v2\/product_brand?post=1360"},{"taxonomy":"product_cat","embeddable":true,"href":"https:\/\/bacaratds.com.ar\/cosechatardia\/wp-json\/wp\/v2\/product_cat?post=1360"},{"taxonomy":"product_tag","embeddable":true,"href":"https:\/\/bacaratds.com.ar\/cosechatardia\/wp-json\/wp\/v2\/product_tag?post=1360"}],"curies":[{"name":"wp","href":"https:\/\/api.w.org\/{rel}","templated":true}]}}