{"id":1349,"date":"2025-03-06T21:21:45","date_gmt":"2025-03-06T21:21:45","guid":{"rendered":"https:\/\/bacaratds.com.ar\/cosechatardia\/?post_type=product&#038;p=1349"},"modified":"2025-09-05T22:20:17","modified_gmt":"2025-09-05T22:20:17","slug":"blend-cofermentado-la-isabel-bodega-huentala","status":"publish","type":"product","link":"https:\/\/bacaratds.com.ar\/cosechatardia\/producto\/blend-cofermentado-la-isabel-bodega-huentala\/","title":{"rendered":"Blend cofermentado La Isabel Bodega Huentala"},"content":{"rendered":"<p>Varietal: 60% Malbec &#8211; 40% Cabernet Franc<\/p>\n<p>Origen: Este vino fue elaborado por el en\u00f3logo Jos\u00e9 \u201cPepe\u201d Morales a partir de la cofermentaci\u00f3n conjunta de uvas Malbec de nuestra finca \u201cLa Isabel Estate\u201d en Gualtallary, a 1.400 msnm; y uvas Cabernet Franc provenientes de San Carlos, a 1.050 msnm.<\/p>\n<p>Elaboraci\u00f3n: Maceraci\u00f3n en fr\u00edo durante 24 horas a 8\u00b0 C. Fermentaci\u00f3n alcoh\u00f3lica durante 7 d\u00edas a temperatura controlada entre 27\u00b0 y 29\u00b0. Maceraci\u00f3n post- fermentativa durante 18 d\u00edas luego de la fermentaci\u00f3n alcoh\u00f3lica. Fermentaci\u00f3n malol\u00e1ctica 100% natural.<\/p>\n<p>Crianza: 14 meses en barricas de roble franc\u00e9s, 30% de primer uso. Un m\u00ednimo de 6 meses en botella antes de salir al mercado.<\/p>\n<p>Notas de Cata: De color rojo viol\u00e1ceo con tintes azulados brillantes profundos, en nariz se aprecian expresivas notas de frutas rojas y negras, como frambuesas, frutillas maduras, guindas, cerezas y moras, en combinaci\u00f3n con aromas a hierbas silvestres, vainilla, canela y tabaco. En boca es din\u00e1mico, envolvente, de amable acidez. Presenta taninos con textura dulce y un final en el que aparecen reminiscencias frutales y florales.<\/p>\n","protected":false},"excerpt":{"rendered":"<p>Varietal: 60% Malbec &#8211; 40% Cabernet Franc Origen: Este vino fue elaborado por el en\u00f3logo Jos\u00e9 \u201cPepe\u201d Morales a partir de la cofermentaci\u00f3n conjunta de uvas Malbec de nuestra finca \u201cLa Isabel Estate\u201d en Gualtallary, a 1.400 msnm; y uvas Cabernet Franc provenientes de San Carlos, a 1.050 msnm. Elaboraci\u00f3n: Maceraci\u00f3n en fr\u00edo durante 24&hellip;<\/p>\n","protected":false},"featured_media":1350,"comment_status":"open","ping_status":"closed","template":"","meta":[],"product_brand":[109],"product_cat":[57,62],"product_tag":[],"class_list":{"0":"post-1349","1":"product","2":"type-product","3":"status-publish","4":"has-post-thumbnail","6":"product_brand-bodega-huentala","7":"product_cat-vino-reserva","8":"product_cat-vino-tinto","9":"product_shipping_class-a-coordinar-con-cliente","11":"first","12":"instock","13":"purchasable","14":"product-type-simple"},"_links":{"self":[{"href":"https:\/\/bacaratds.com.ar\/cosechatardia\/wp-json\/wp\/v2\/product\/1349","targetHints":{"allow":["GET"]}}],"collection":[{"href":"https:\/\/bacaratds.com.ar\/cosechatardia\/wp-json\/wp\/v2\/product"}],"about":[{"href":"https:\/\/bacaratds.com.ar\/cosechatardia\/wp-json\/wp\/v2\/types\/product"}],"replies":[{"embeddable":true,"href":"https:\/\/bacaratds.com.ar\/cosechatardia\/wp-json\/wp\/v2\/comments?post=1349"}],"wp:featuredmedia":[{"embeddable":true,"href":"https:\/\/bacaratds.com.ar\/cosechatardia\/wp-json\/wp\/v2\/media\/1350"}],"wp:attachment":[{"href":"https:\/\/bacaratds.com.ar\/cosechatardia\/wp-json\/wp\/v2\/media?parent=1349"}],"wp:term":[{"taxonomy":"product_brand","embeddable":true,"href":"https:\/\/bacaratds.com.ar\/cosechatardia\/wp-json\/wp\/v2\/product_brand?post=1349"},{"taxonomy":"product_cat","embeddable":true,"href":"https:\/\/bacaratds.com.ar\/cosechatardia\/wp-json\/wp\/v2\/product_cat?post=1349"},{"taxonomy":"product_tag","embeddable":true,"href":"https:\/\/bacaratds.com.ar\/cosechatardia\/wp-json\/wp\/v2\/product_tag?post=1349"}],"curies":[{"name":"wp","href":"https:\/\/api.w.org\/{rel}","templated":true}]}}