{"id":1347,"date":"2025-03-06T21:05:37","date_gmt":"2025-03-06T21:05:37","guid":{"rendered":"https:\/\/bacaratds.com.ar\/cosechatardia\/?post_type=product&#038;p=1347"},"modified":"2025-09-05T22:20:39","modified_gmt":"2025-09-05T22:20:39","slug":"malbec-la-isabel-estate-bodega-huentala","status":"publish","type":"product","link":"https:\/\/bacaratds.com.ar\/cosechatardia\/producto\/malbec-la-isabel-estate-bodega-huentala\/","title":{"rendered":"Malbec La Isabel Estate Bodega Huentala"},"content":{"rendered":"<p>Varietal: 100% malbec<\/p>\n<p>Origen: Gualtallary, Valle de Uco, Mendoza<\/p>\n<p>Elaboraci\u00f3n: fermentaci\u00f3n en fr\u00edo durante 4 d\u00edas. Fermentaci\u00f3n durante 12 d\u00edas a una temperatura de entre 26\u00b0 a 28\u00b0 C. Maceraci\u00f3n post &#8211; fermentativa durante 8 d\u00edas.<\/p>\n<p>Crianza: 12 meses en barricas de roble franc\u00e9s.<\/p>\n<p>De color rojo profundo que denota gran concentraci\u00f3n y matiz con destellos viol\u00e1ceos. En nariz se\u00a0caracteriza por sus aromas florales, donde predominan sensaciones de violetas y notas herbales, t\u00edpicas de\u00a0los Malbec de Gualtallary. En boca su textura es fina, con taninos sumamente equilibrados. Es fresco y con\u00a0sensaciones dulces aportadas por taninos de gran calidad. Las notas de nariz y boca est\u00e1n armoniosamente\u00a0complementadas por su paso por madera. Este Malbec es un corte de barricas cuidadosamente\u00a0seleccionadas.<\/p>\n","protected":false},"excerpt":{"rendered":"<p>Varietal: 100% malbec Origen: Gualtallary, Valle de Uco, Mendoza Elaboraci\u00f3n: fermentaci\u00f3n en fr\u00edo durante 4 d\u00edas. Fermentaci\u00f3n durante 12 d\u00edas a una temperatura de entre 26\u00b0 a 28\u00b0 C. Maceraci\u00f3n post &#8211; fermentativa durante 8 d\u00edas. Crianza: 12 meses en barricas de roble franc\u00e9s. De color rojo profundo que denota gran concentraci\u00f3n y matiz con&hellip;<\/p>\n","protected":false},"featured_media":1348,"comment_status":"open","ping_status":"closed","template":"","meta":[],"product_brand":[109],"product_cat":[57,62],"product_tag":[],"class_list":{"0":"post-1347","1":"product","2":"type-product","3":"status-publish","4":"has-post-thumbnail","6":"product_brand-bodega-huentala","7":"product_cat-vino-reserva","8":"product_cat-vino-tinto","9":"product_shipping_class-a-coordinar-con-cliente","11":"first","12":"instock","13":"purchasable","14":"product-type-simple"},"_links":{"self":[{"href":"https:\/\/bacaratds.com.ar\/cosechatardia\/wp-json\/wp\/v2\/product\/1347","targetHints":{"allow":["GET"]}}],"collection":[{"href":"https:\/\/bacaratds.com.ar\/cosechatardia\/wp-json\/wp\/v2\/product"}],"about":[{"href":"https:\/\/bacaratds.com.ar\/cosechatardia\/wp-json\/wp\/v2\/types\/product"}],"replies":[{"embeddable":true,"href":"https:\/\/bacaratds.com.ar\/cosechatardia\/wp-json\/wp\/v2\/comments?post=1347"}],"wp:featuredmedia":[{"embeddable":true,"href":"https:\/\/bacaratds.com.ar\/cosechatardia\/wp-json\/wp\/v2\/media\/1348"}],"wp:attachment":[{"href":"https:\/\/bacaratds.com.ar\/cosechatardia\/wp-json\/wp\/v2\/media?parent=1347"}],"wp:term":[{"taxonomy":"product_brand","embeddable":true,"href":"https:\/\/bacaratds.com.ar\/cosechatardia\/wp-json\/wp\/v2\/product_brand?post=1347"},{"taxonomy":"product_cat","embeddable":true,"href":"https:\/\/bacaratds.com.ar\/cosechatardia\/wp-json\/wp\/v2\/product_cat?post=1347"},{"taxonomy":"product_tag","embeddable":true,"href":"https:\/\/bacaratds.com.ar\/cosechatardia\/wp-json\/wp\/v2\/product_tag?post=1347"}],"curies":[{"name":"wp","href":"https:\/\/api.w.org\/{rel}","templated":true}]}}