{"id":1340,"date":"2025-02-28T20:40:13","date_gmt":"2025-02-28T20:40:13","guid":{"rendered":"https:\/\/bacaratds.com.ar\/cosechatardia\/?post_type=product&#038;p=1340"},"modified":"2025-09-05T22:21:48","modified_gmt":"2025-09-05T22:21:48","slug":"malbec-gran-sombrero-bodega-huentala","status":"publish","type":"product","link":"https:\/\/bacaratds.com.ar\/cosechatardia\/producto\/malbec-gran-sombrero-bodega-huentala\/","title":{"rendered":"Malbec Gran Sombrero Bodega Huentala"},"content":{"rendered":"<p>Varietal: 100% malbec.<\/p>\n<p>Origen: Gualtallary, Valle de Uco, Mendoza. 1400 msnm<\/p>\n<p>Elaboraci\u00f3n: maceraci\u00f3n en fr\u00edo durante 4 d\u00edas a 12\u00b0 c. Fermentaci\u00f3n 12 d\u00edas, entre 26\u00b0 a 28\u00b0 C. Maceraci\u00f3n post-fermentaci\u00f3n durante 8 d\u00edas. Fermentaci\u00f3n malol\u00e1ctica 100% natural.<\/p>\n<p>Crianza: 12 meses en barricas y luego 6 meses en botella.<\/p>\n<p>De color rojo viol\u00e1ceo profundo, con seductores ribetes negros. Nariz amplia, elegante y compleja, con marcada tipicidad varietal. Sobresalen notas a ciruela negra, moras, frutillas, grosellas y sutiles aromas florales (violetas y rosa mosqueta); con un dejo especiado, que nos recuerda su paso por barricas de roble franc\u00e9s. En boca es equilibrado, con taninos dulces, amables y envolventes. De acidez balanceada, muy arm\u00f3nico y de textura sedosa; con final largo, frutal y persistente.<\/p>\n","protected":false},"excerpt":{"rendered":"<p>Varietal: 100% malbec. Origen: Gualtallary, Valle de Uco, Mendoza. 1400 msnm Elaboraci\u00f3n: maceraci\u00f3n en fr\u00edo durante 4 d\u00edas a 12\u00b0 c. Fermentaci\u00f3n 12 d\u00edas, entre 26\u00b0 a 28\u00b0 C. Maceraci\u00f3n post-fermentaci\u00f3n durante 8 d\u00edas. Fermentaci\u00f3n malol\u00e1ctica 100% natural. Crianza: 12 meses en barricas y luego 6 meses en botella. De color rojo viol\u00e1ceo profundo, con&hellip;<\/p>\n","protected":false},"featured_media":1341,"comment_status":"open","ping_status":"closed","template":"","meta":[],"product_brand":[109,111],"product_cat":[57,62],"product_tag":[],"class_list":{"0":"post-1340","1":"product","2":"type-product","3":"status-publish","4":"has-post-thumbnail","6":"product_brand-bodega-huentala","7":"product_brand-gran-sombrero","8":"product_cat-vino-reserva","9":"product_cat-vino-tinto","10":"product_shipping_class-a-coordinar-con-cliente","12":"first","13":"instock","14":"purchasable","15":"product-type-simple"},"_links":{"self":[{"href":"https:\/\/bacaratds.com.ar\/cosechatardia\/wp-json\/wp\/v2\/product\/1340","targetHints":{"allow":["GET"]}}],"collection":[{"href":"https:\/\/bacaratds.com.ar\/cosechatardia\/wp-json\/wp\/v2\/product"}],"about":[{"href":"https:\/\/bacaratds.com.ar\/cosechatardia\/wp-json\/wp\/v2\/types\/product"}],"replies":[{"embeddable":true,"href":"https:\/\/bacaratds.com.ar\/cosechatardia\/wp-json\/wp\/v2\/comments?post=1340"}],"wp:featuredmedia":[{"embeddable":true,"href":"https:\/\/bacaratds.com.ar\/cosechatardia\/wp-json\/wp\/v2\/media\/1341"}],"wp:attachment":[{"href":"https:\/\/bacaratds.com.ar\/cosechatardia\/wp-json\/wp\/v2\/media?parent=1340"}],"wp:term":[{"taxonomy":"product_brand","embeddable":true,"href":"https:\/\/bacaratds.com.ar\/cosechatardia\/wp-json\/wp\/v2\/product_brand?post=1340"},{"taxonomy":"product_cat","embeddable":true,"href":"https:\/\/bacaratds.com.ar\/cosechatardia\/wp-json\/wp\/v2\/product_cat?post=1340"},{"taxonomy":"product_tag","embeddable":true,"href":"https:\/\/bacaratds.com.ar\/cosechatardia\/wp-json\/wp\/v2\/product_tag?post=1340"}],"curies":[{"name":"wp","href":"https:\/\/api.w.org\/{rel}","templated":true}]}}