{"id":1338,"date":"2025-02-28T20:27:36","date_gmt":"2025-02-28T20:27:36","guid":{"rendered":"https:\/\/bacaratds.com.ar\/cosechatardia\/?post_type=product&#038;p=1338"},"modified":"2025-09-05T22:22:32","modified_gmt":"2025-09-05T22:22:32","slug":"malbec-sombrero-bodega-huentala","status":"publish","type":"product","link":"https:\/\/bacaratds.com.ar\/cosechatardia\/producto\/malbec-sombrero-bodega-huentala\/","title":{"rendered":"Malbec Sombrero Bodega Huentala"},"content":{"rendered":"<p>Varietal: 100% malbec.<\/p>\n<p>Origen: Gualtallary, Valle de Uco, Mendoza. 1400 msnm<\/p>\n<p>Elaboraci\u00f3n: maceraci\u00f3n en fr\u00edo: prefermentativa durante 3 d\u00edas. Fermentaci\u00f3n con levaduras seleccionadas, durante 15 d\u00edas. Maceraci\u00f3n post-fermentativa durante 5 d\u00edas. Fermentaci\u00f3n malol\u00e1ctica completa con bacterias ind\u00edgenas.<\/p>\n<p>Crianza: 6 meses en barricas de roble franc\u00e9s y luego 3 meses en botella.<\/p>\n<p>Es un vino frutado y de buena intensidad. Con entrada dulce y largo final en boca. En nariz se percibe fresco, intenso y complejo. Se destacan aromas a frutos rojos, bayas negras y delicadas notas minerales. Rojo rub\u00ed brillante, con tonalidades azuladas.<\/p>\n","protected":false},"excerpt":{"rendered":"<p>Varietal: 100% malbec. Origen: Gualtallary, Valle de Uco, Mendoza. 1400 msnm Elaboraci\u00f3n: maceraci\u00f3n en fr\u00edo: prefermentativa durante 3 d\u00edas. Fermentaci\u00f3n con levaduras seleccionadas, durante 15 d\u00edas. Maceraci\u00f3n post-fermentativa durante 5 d\u00edas. Fermentaci\u00f3n malol\u00e1ctica completa con bacterias ind\u00edgenas. Crianza: 6 meses en barricas de roble franc\u00e9s y luego 3 meses en botella. Es un vino frutado&hellip;<\/p>\n","protected":false},"featured_media":1339,"comment_status":"open","ping_status":"closed","template":"","meta":[],"product_brand":[109,110],"product_cat":[65,62],"product_tag":[],"class_list":{"0":"post-1338","1":"product","2":"type-product","3":"status-publish","4":"has-post-thumbnail","6":"product_brand-bodega-huentala","7":"product_brand-sombrero","8":"product_cat-vino-joven-con-paso-x-barricas","9":"product_cat-vino-tinto","10":"product_shipping_class-a-coordinar-con-cliente","12":"first","13":"instock","14":"purchasable","15":"product-type-simple"},"_links":{"self":[{"href":"https:\/\/bacaratds.com.ar\/cosechatardia\/wp-json\/wp\/v2\/product\/1338","targetHints":{"allow":["GET"]}}],"collection":[{"href":"https:\/\/bacaratds.com.ar\/cosechatardia\/wp-json\/wp\/v2\/product"}],"about":[{"href":"https:\/\/bacaratds.com.ar\/cosechatardia\/wp-json\/wp\/v2\/types\/product"}],"replies":[{"embeddable":true,"href":"https:\/\/bacaratds.com.ar\/cosechatardia\/wp-json\/wp\/v2\/comments?post=1338"}],"wp:featuredmedia":[{"embeddable":true,"href":"https:\/\/bacaratds.com.ar\/cosechatardia\/wp-json\/wp\/v2\/media\/1339"}],"wp:attachment":[{"href":"https:\/\/bacaratds.com.ar\/cosechatardia\/wp-json\/wp\/v2\/media?parent=1338"}],"wp:term":[{"taxonomy":"product_brand","embeddable":true,"href":"https:\/\/bacaratds.com.ar\/cosechatardia\/wp-json\/wp\/v2\/product_brand?post=1338"},{"taxonomy":"product_cat","embeddable":true,"href":"https:\/\/bacaratds.com.ar\/cosechatardia\/wp-json\/wp\/v2\/product_cat?post=1338"},{"taxonomy":"product_tag","embeddable":true,"href":"https:\/\/bacaratds.com.ar\/cosechatardia\/wp-json\/wp\/v2\/product_tag?post=1338"}],"curies":[{"name":"wp","href":"https:\/\/api.w.org\/{rel}","templated":true}]}}