{"id":1331,"date":"2025-02-26T20:20:41","date_gmt":"2025-02-26T20:20:41","guid":{"rendered":"https:\/\/bacaratds.com.ar\/cosechatardia\/?post_type=product&#038;p=1331"},"modified":"2025-09-05T22:24:10","modified_gmt":"2025-09-05T22:24:10","slug":"cuatrivarietal-yeta-bodega-domingo-molina","status":"publish","type":"product","link":"https:\/\/bacaratds.com.ar\/cosechatardia\/producto\/cuatrivarietal-yeta-bodega-domingo-molina\/","title":{"rendered":"Cuatrivarietal Yeta Bodega Domingo Molina"},"content":{"rendered":"<p>\u00abContra todo prejuicio, la Yeta puede ser la causa para grandes descubrimientos, como este vino \u00fanico que no se repetir\u00e1 jam\u00e1s\u00bb.<\/p>\n<p>Composici\u00f3n varietal: 25% Petit Verdot &#8211; 25% Merlot &#8211; 25% Cabernet Sauvignon &#8211; 25% Tannat<\/p>\n<p>Vi\u00f1edo: Valle Rupestre\/ Cafayate, Salta<\/p>\n<p>Altitud: 2000\/ 2200 msnm.<\/p>\n<p>Crianza: Petit Verdot y Merlot en barricas de 225 litros de tercer uso por 10 meses.<\/p>\n<p>Cosecha 2018 &#8211; 2696 botellas<\/p>\n","protected":false},"excerpt":{"rendered":"<p>\u00abContra todo prejuicio, la Yeta puede ser la causa para grandes descubrimientos, como este vino \u00fanico que no se repetir\u00e1 jam\u00e1s\u00bb. Composici\u00f3n varietal: 25% Petit Verdot &#8211; 25% Merlot &#8211; 25% Cabernet Sauvignon &#8211; 25% Tannat Vi\u00f1edo: Valle Rupestre\/ Cafayate, Salta Altitud: 2000\/ 2200 msnm. Crianza: Petit Verdot y Merlot en barricas de 225 litros&hellip;<\/p>\n","protected":false},"featured_media":1328,"comment_status":"open","ping_status":"closed","template":"","meta":[],"product_brand":[117,118],"product_cat":[65,62],"product_tag":[],"class_list":{"0":"post-1331","1":"product","2":"type-product","3":"status-publish","4":"has-post-thumbnail","6":"product_brand-domingo-molina","7":"product_brand-yeta","8":"product_cat-vino-joven-con-paso-x-barricas","9":"product_cat-vino-tinto","10":"product_shipping_class-a-coordinar-con-cliente","12":"first","13":"instock","14":"purchasable","15":"product-type-simple"},"_links":{"self":[{"href":"https:\/\/bacaratds.com.ar\/cosechatardia\/wp-json\/wp\/v2\/product\/1331","targetHints":{"allow":["GET"]}}],"collection":[{"href":"https:\/\/bacaratds.com.ar\/cosechatardia\/wp-json\/wp\/v2\/product"}],"about":[{"href":"https:\/\/bacaratds.com.ar\/cosechatardia\/wp-json\/wp\/v2\/types\/product"}],"replies":[{"embeddable":true,"href":"https:\/\/bacaratds.com.ar\/cosechatardia\/wp-json\/wp\/v2\/comments?post=1331"}],"wp:featuredmedia":[{"embeddable":true,"href":"https:\/\/bacaratds.com.ar\/cosechatardia\/wp-json\/wp\/v2\/media\/1328"}],"wp:attachment":[{"href":"https:\/\/bacaratds.com.ar\/cosechatardia\/wp-json\/wp\/v2\/media?parent=1331"}],"wp:term":[{"taxonomy":"product_brand","embeddable":true,"href":"https:\/\/bacaratds.com.ar\/cosechatardia\/wp-json\/wp\/v2\/product_brand?post=1331"},{"taxonomy":"product_cat","embeddable":true,"href":"https:\/\/bacaratds.com.ar\/cosechatardia\/wp-json\/wp\/v2\/product_cat?post=1331"},{"taxonomy":"product_tag","embeddable":true,"href":"https:\/\/bacaratds.com.ar\/cosechatardia\/wp-json\/wp\/v2\/product_tag?post=1331"}],"curies":[{"name":"wp","href":"https:\/\/api.w.org\/{rel}","templated":true}]}}