{"id":1330,"date":"2025-02-26T20:15:45","date_gmt":"2025-02-26T20:15:45","guid":{"rendered":"https:\/\/bacaratds.com.ar\/cosechatardia\/?post_type=product&#038;p=1330"},"modified":"2025-09-05T22:24:29","modified_gmt":"2025-09-05T22:24:29","slug":"malbec-85-merlot-15-yeta-bodega-domingo-molina","status":"publish","type":"product","link":"https:\/\/bacaratds.com.ar\/cosechatardia\/producto\/malbec-85-merlot-15-yeta-bodega-domingo-molina\/","title":{"rendered":"Malbec 85% Merlot 15% Yeta Bodega Domingo Molina"},"content":{"rendered":"<p>\u00abContra todo prejuicio, la Yeta puede ser la causa para grandes descubrimientos, como este vino \u00fanico que no se repetir\u00e1 jam\u00e1s\u00bb.<\/p>\n<p>Composici\u00f3n varietal: Malbec 85% &#8211; Merlot 15%<\/p>\n<p>Vi\u00f1edo: Valle de Cafayate, Salta.<\/p>\n<p>Sistema conducci\u00f3n: parral.<\/p>\n<p>Altitud: 2000 msnm.<\/p>\n<p>Elaboraci\u00f3n: fermentaci\u00f3n en bins de 600 litros con levaduras aut\u00f3ctonas.<\/p>\n<p>Crianza del 25% del malbec en barricas de roble franc\u00e9s de 4\u00b0 uso.<\/p>\n<p>Cosecha 2017 &#8211; 1800 botellas<\/p>\n","protected":false},"excerpt":{"rendered":"<p>\u00abContra todo prejuicio, la Yeta puede ser la causa para grandes descubrimientos, como este vino \u00fanico que no se repetir\u00e1 jam\u00e1s\u00bb. Composici\u00f3n varietal: Malbec 85% &#8211; Merlot 15% Vi\u00f1edo: Valle de Cafayate, Salta. Sistema conducci\u00f3n: parral. Altitud: 2000 msnm. Elaboraci\u00f3n: fermentaci\u00f3n en bins de 600 litros con levaduras aut\u00f3ctonas. Crianza del 25% del malbec en&hellip;<\/p>\n","protected":false},"featured_media":1328,"comment_status":"open","ping_status":"closed","template":"","meta":[],"product_brand":[117,118],"product_cat":[65,62],"product_tag":[],"class_list":{"0":"post-1330","1":"product","2":"type-product","3":"status-publish","4":"has-post-thumbnail","6":"product_brand-domingo-molina","7":"product_brand-yeta","8":"product_cat-vino-joven-con-paso-x-barricas","9":"product_cat-vino-tinto","10":"product_shipping_class-a-coordinar-con-cliente","12":"first","13":"instock","14":"purchasable","15":"product-type-simple"},"_links":{"self":[{"href":"https:\/\/bacaratds.com.ar\/cosechatardia\/wp-json\/wp\/v2\/product\/1330","targetHints":{"allow":["GET"]}}],"collection":[{"href":"https:\/\/bacaratds.com.ar\/cosechatardia\/wp-json\/wp\/v2\/product"}],"about":[{"href":"https:\/\/bacaratds.com.ar\/cosechatardia\/wp-json\/wp\/v2\/types\/product"}],"replies":[{"embeddable":true,"href":"https:\/\/bacaratds.com.ar\/cosechatardia\/wp-json\/wp\/v2\/comments?post=1330"}],"wp:featuredmedia":[{"embeddable":true,"href":"https:\/\/bacaratds.com.ar\/cosechatardia\/wp-json\/wp\/v2\/media\/1328"}],"wp:attachment":[{"href":"https:\/\/bacaratds.com.ar\/cosechatardia\/wp-json\/wp\/v2\/media?parent=1330"}],"wp:term":[{"taxonomy":"product_brand","embeddable":true,"href":"https:\/\/bacaratds.com.ar\/cosechatardia\/wp-json\/wp\/v2\/product_brand?post=1330"},{"taxonomy":"product_cat","embeddable":true,"href":"https:\/\/bacaratds.com.ar\/cosechatardia\/wp-json\/wp\/v2\/product_cat?post=1330"},{"taxonomy":"product_tag","embeddable":true,"href":"https:\/\/bacaratds.com.ar\/cosechatardia\/wp-json\/wp\/v2\/product_tag?post=1330"}],"curies":[{"name":"wp","href":"https:\/\/api.w.org\/{rel}","templated":true}]}}