{"id":1329,"date":"2025-02-26T20:11:08","date_gmt":"2025-02-26T20:11:08","guid":{"rendered":"https:\/\/bacaratds.com.ar\/cosechatardia\/?post_type=product&#038;p=1329"},"modified":"2025-09-05T22:24:48","modified_gmt":"2025-09-05T22:24:48","slug":"malbec-92-petit-verdot-8-yeta-bodega-domingo-molina","status":"publish","type":"product","link":"https:\/\/bacaratds.com.ar\/cosechatardia\/producto\/malbec-92-petit-verdot-8-yeta-bodega-domingo-molina\/","title":{"rendered":"Malbec 92% Petit Verdot 8% Yeta Bodega Domingo Molina"},"content":{"rendered":"<p>\u00abContra todo prejuicio, la Yeta puede ser la causa para grandes descubrimientos, como este vino \u00fanico que no se repetir\u00e1 jam\u00e1s\u00bb.<\/p>\n<p>Composici\u00f3n varietal: Malbec 92% Petit Verdot 8%<\/p>\n<p>Vi\u00f1edo: Valle de Cafayate, Salta.<\/p>\n<p>Altitud: 2000 msnm<\/p>\n<p>Elaboraci\u00f3n: cofermentaci\u00f3n en bins de 600 litros con levaduras seleccionadas.<\/p>\n<p>Sin crianza en madera.<\/p>\n<p>Cosecha 2016 &#8211; 1400 botellas<\/p>\n","protected":false},"excerpt":{"rendered":"<p>\u00abContra todo prejuicio, la Yeta puede ser la causa para grandes descubrimientos, como este vino \u00fanico que no se repetir\u00e1 jam\u00e1s\u00bb. Composici\u00f3n varietal: Malbec 92% Petit Verdot 8% Vi\u00f1edo: Valle de Cafayate, Salta. Altitud: 2000 msnm Elaboraci\u00f3n: cofermentaci\u00f3n en bins de 600 litros con levaduras seleccionadas. Sin crianza en madera. Cosecha 2016 &#8211; 1400 botellas<\/p>\n","protected":false},"featured_media":1328,"comment_status":"open","ping_status":"closed","template":"","meta":[],"product_brand":[117,118],"product_cat":[63,62],"product_tag":[],"class_list":{"0":"post-1329","1":"product","2":"type-product","3":"status-publish","4":"has-post-thumbnail","6":"product_brand-domingo-molina","7":"product_brand-yeta","8":"product_cat-vino-joven","9":"product_cat-vino-tinto","10":"product_shipping_class-a-coordinar-con-cliente","12":"first","13":"instock","14":"purchasable","15":"product-type-simple"},"_links":{"self":[{"href":"https:\/\/bacaratds.com.ar\/cosechatardia\/wp-json\/wp\/v2\/product\/1329","targetHints":{"allow":["GET"]}}],"collection":[{"href":"https:\/\/bacaratds.com.ar\/cosechatardia\/wp-json\/wp\/v2\/product"}],"about":[{"href":"https:\/\/bacaratds.com.ar\/cosechatardia\/wp-json\/wp\/v2\/types\/product"}],"replies":[{"embeddable":true,"href":"https:\/\/bacaratds.com.ar\/cosechatardia\/wp-json\/wp\/v2\/comments?post=1329"}],"wp:featuredmedia":[{"embeddable":true,"href":"https:\/\/bacaratds.com.ar\/cosechatardia\/wp-json\/wp\/v2\/media\/1328"}],"wp:attachment":[{"href":"https:\/\/bacaratds.com.ar\/cosechatardia\/wp-json\/wp\/v2\/media?parent=1329"}],"wp:term":[{"taxonomy":"product_brand","embeddable":true,"href":"https:\/\/bacaratds.com.ar\/cosechatardia\/wp-json\/wp\/v2\/product_brand?post=1329"},{"taxonomy":"product_cat","embeddable":true,"href":"https:\/\/bacaratds.com.ar\/cosechatardia\/wp-json\/wp\/v2\/product_cat?post=1329"},{"taxonomy":"product_tag","embeddable":true,"href":"https:\/\/bacaratds.com.ar\/cosechatardia\/wp-json\/wp\/v2\/product_tag?post=1329"}],"curies":[{"name":"wp","href":"https:\/\/api.w.org\/{rel}","templated":true}]}}