{"id":1324,"date":"2025-02-26T19:58:56","date_gmt":"2025-02-26T19:58:56","guid":{"rendered":"https:\/\/bacaratds.com.ar\/cosechatardia\/?post_type=product&#038;p=1324"},"modified":"2025-09-05T22:25:49","modified_gmt":"2025-09-05T22:25:49","slug":"tannat-100-yeta-bodega-domingo-molina","status":"publish","type":"product","link":"https:\/\/bacaratds.com.ar\/cosechatardia\/producto\/tannat-100-yeta-bodega-domingo-molina\/","title":{"rendered":"Tannat 100% Yeta Bodega Domingo Molina"},"content":{"rendered":"<p>\u00abContra todo prejuicio, la Yeta puede ser la causa para grandes descubrimientos, como este vino \u00fanico que no se repetir\u00e1 jam\u00e1s\u00bb.<\/p>\n<p>Varietal: 100% Tannat.<\/p>\n<p>Vi\u00f1edo: Valle Rupestre (San Carlos), Salta<\/p>\n<p>Altitud: 2200 msnm.<\/p>\n<p>Elaboraci\u00f3n: fermentaci\u00f3n en tanques de acero inoxidable con levaduras seleccionadas.<\/p>\n<p>Sin crianza en madera.<\/p>\n<p>Cosecha 2019 &#8211; 2260 botellas<\/p>\n","protected":false},"excerpt":{"rendered":"<p>\u00abContra todo prejuicio, la Yeta puede ser la causa para grandes descubrimientos, como este vino \u00fanico que no se repetir\u00e1 jam\u00e1s\u00bb. Varietal: 100% Tannat. Vi\u00f1edo: Valle Rupestre (San Carlos), Salta Altitud: 2200 msnm. Elaboraci\u00f3n: fermentaci\u00f3n en tanques de acero inoxidable con levaduras seleccionadas. Sin crianza en madera. Cosecha 2019 &#8211; 2260 botellas<\/p>\n","protected":false},"featured_media":1325,"comment_status":"open","ping_status":"closed","template":"","meta":[],"product_brand":[117,118],"product_cat":[63,62],"product_tag":[],"class_list":{"0":"post-1324","1":"product","2":"type-product","3":"status-publish","4":"has-post-thumbnail","6":"product_brand-domingo-molina","7":"product_brand-yeta","8":"product_cat-vino-joven","9":"product_cat-vino-tinto","10":"product_shipping_class-a-coordinar-con-cliente","12":"first","13":"instock","14":"purchasable","15":"product-type-simple"},"_links":{"self":[{"href":"https:\/\/bacaratds.com.ar\/cosechatardia\/wp-json\/wp\/v2\/product\/1324","targetHints":{"allow":["GET"]}}],"collection":[{"href":"https:\/\/bacaratds.com.ar\/cosechatardia\/wp-json\/wp\/v2\/product"}],"about":[{"href":"https:\/\/bacaratds.com.ar\/cosechatardia\/wp-json\/wp\/v2\/types\/product"}],"replies":[{"embeddable":true,"href":"https:\/\/bacaratds.com.ar\/cosechatardia\/wp-json\/wp\/v2\/comments?post=1324"}],"wp:featuredmedia":[{"embeddable":true,"href":"https:\/\/bacaratds.com.ar\/cosechatardia\/wp-json\/wp\/v2\/media\/1325"}],"wp:attachment":[{"href":"https:\/\/bacaratds.com.ar\/cosechatardia\/wp-json\/wp\/v2\/media?parent=1324"}],"wp:term":[{"taxonomy":"product_brand","embeddable":true,"href":"https:\/\/bacaratds.com.ar\/cosechatardia\/wp-json\/wp\/v2\/product_brand?post=1324"},{"taxonomy":"product_cat","embeddable":true,"href":"https:\/\/bacaratds.com.ar\/cosechatardia\/wp-json\/wp\/v2\/product_cat?post=1324"},{"taxonomy":"product_tag","embeddable":true,"href":"https:\/\/bacaratds.com.ar\/cosechatardia\/wp-json\/wp\/v2\/product_tag?post=1324"}],"curies":[{"name":"wp","href":"https:\/\/api.w.org\/{rel}","templated":true}]}}