{"id":1313,"date":"2025-02-25T22:21:54","date_gmt":"2025-02-25T22:21:54","guid":{"rendered":"https:\/\/bacaratds.com.ar\/cosechatardia\/?post_type=product&#038;p=1313"},"modified":"2025-09-05T22:29:17","modified_gmt":"2025-09-05T22:29:17","slug":"malbec-tardio-tague-bodega-los-aromitos","status":"publish","type":"product","link":"https:\/\/bacaratds.com.ar\/cosechatardia\/producto\/malbec-tardio-tague-bodega-los-aromitos\/","title":{"rendered":"Malbec tard\u00edo Tag\u00fc\u00e9 Bodega Los Aromitos"},"content":{"rendered":"<div id=\"comp-k94tyw8f\" class=\"HcOXKn SxM0TO QxJLC3 lq2cno YQcXTT comp-k94tyw8f wixui-rich-text\" data-testid=\"richTextElement\">\n<h4 class=\"font_4 wixui-rich-text__text\"><span class=\"wixui-rich-text__text\">Tag\u00fc\u00e9 Malbec<\/span><\/h4>\n<\/div>\n<div id=\"comp-k94tyw9c\" class=\"HcOXKn SxM0TO QxJLC3 lq2cno YQcXTT comp-k94tyw9c wixui-rich-text\" data-testid=\"richTextElement\">\n<p class=\"font_8 wixui-rich-text__text\"><span class=\"wixui-rich-text__text\">Este malbec abocado de color rub\u00ed brillante.<\/span><\/p>\n<p class=\"font_8 wixui-rich-text__text\"><span class=\"wixui-rich-text__text\">Su nombre alude a la voz guaran\u00ed con las que se conoce a los habitantes de Entre R\u00edos.\u00a0<\/span><\/p>\n<\/div>\n","protected":false},"excerpt":{"rendered":"<p>Tag\u00fc\u00e9 Malbec Este malbec abocado de color rub\u00ed brillante. Su nombre alude a la voz guaran\u00ed con las que se conoce a los habitantes de Entre R\u00edos.\u00a0<\/p>\n","protected":false},"featured_media":1314,"comment_status":"open","ping_status":"closed","template":"","meta":[],"product_brand":[121],"product_cat":[62,69],"product_tag":[],"class_list":{"0":"post-1313","1":"product","2":"type-product","3":"status-publish","4":"has-post-thumbnail","6":"product_brand-bodega-los-aromitos","7":"product_cat-vino-tinto","8":"product_cat-vino-tinto-dulce-natural","9":"product_shipping_class-a-coordinar-con-cliente","11":"first","12":"instock","13":"purchasable","14":"product-type-simple"},"_links":{"self":[{"href":"https:\/\/bacaratds.com.ar\/cosechatardia\/wp-json\/wp\/v2\/product\/1313","targetHints":{"allow":["GET"]}}],"collection":[{"href":"https:\/\/bacaratds.com.ar\/cosechatardia\/wp-json\/wp\/v2\/product"}],"about":[{"href":"https:\/\/bacaratds.com.ar\/cosechatardia\/wp-json\/wp\/v2\/types\/product"}],"replies":[{"embeddable":true,"href":"https:\/\/bacaratds.com.ar\/cosechatardia\/wp-json\/wp\/v2\/comments?post=1313"}],"wp:featuredmedia":[{"embeddable":true,"href":"https:\/\/bacaratds.com.ar\/cosechatardia\/wp-json\/wp\/v2\/media\/1314"}],"wp:attachment":[{"href":"https:\/\/bacaratds.com.ar\/cosechatardia\/wp-json\/wp\/v2\/media?parent=1313"}],"wp:term":[{"taxonomy":"product_brand","embeddable":true,"href":"https:\/\/bacaratds.com.ar\/cosechatardia\/wp-json\/wp\/v2\/product_brand?post=1313"},{"taxonomy":"product_cat","embeddable":true,"href":"https:\/\/bacaratds.com.ar\/cosechatardia\/wp-json\/wp\/v2\/product_cat?post=1313"},{"taxonomy":"product_tag","embeddable":true,"href":"https:\/\/bacaratds.com.ar\/cosechatardia\/wp-json\/wp\/v2\/product_tag?post=1313"}],"curies":[{"name":"wp","href":"https:\/\/api.w.org\/{rel}","templated":true}]}}