{"id":1302,"date":"2025-02-25T21:44:43","date_gmt":"2025-02-25T21:44:43","guid":{"rendered":"https:\/\/bacaratds.com.ar\/cosechatardia\/?post_type=product&#038;p=1302"},"modified":"2026-02-20T19:12:31","modified_gmt":"2026-02-20T19:12:31","slug":"pinot-noir-reserve-trumpeter","status":"publish","type":"product","link":"https:\/\/bacaratds.com.ar\/cosechatardia\/producto\/pinot-noir-reserve-trumpeter\/","title":{"rendered":"Pinot Noir reserve Trumpeter"},"content":{"rendered":"<p>Variedad: 100% Pinot Noir Valle de Uco<\/p>\n<p>De los vi\u00f1edos al pie de la Cordillera de Los Andes, en una zona de gran amplitud t\u00e9rmica, cosechadas en su punto \u00f3ptimo de madurez.<\/p>\n<p>Crianza en barricas: 9 meses (30% roble franc\u00e9s nuevo y 70% de segundo uso).<\/p>\n<p>De color rojo rub\u00ed con matices rojizos. En nariz aparecen aromas frutados de frambuesas, ciruelas y de violetas, que con la presencia de la madera ofrecen un elegante aroma. La suavidad, finura y delicadeza de sus taninos le otorgan una textura sedosa y tambi\u00e9n compleja.<\/p>\n","protected":false},"excerpt":{"rendered":"<p>Variedad: 100% Pinot Noir Valle de Uco De los vi\u00f1edos al pie de la Cordillera de Los Andes, en una zona de gran amplitud t\u00e9rmica, cosechadas en su punto \u00f3ptimo de madurez. Crianza en barricas: 9 meses (30% roble franc\u00e9s nuevo y 70% de segundo uso). De color rojo rub\u00ed con matices rojizos. En nariz&hellip;<\/p>\n","protected":false},"featured_media":1304,"comment_status":"open","ping_status":"closed","template":"","meta":[],"product_brand":[122,123],"product_cat":[67,62],"product_tag":[],"class_list":{"0":"post-1302","1":"product","2":"type-product","3":"status-publish","4":"has-post-thumbnail","6":"product_brand-rutini-wines","7":"product_brand-trumpeter","8":"product_cat-vino-premium-vino-tinto","9":"product_cat-vino-tinto","10":"product_shipping_class-a-coordinar-con-cliente","12":"first","13":"instock","14":"purchasable","15":"product-type-simple"},"_links":{"self":[{"href":"https:\/\/bacaratds.com.ar\/cosechatardia\/wp-json\/wp\/v2\/product\/1302","targetHints":{"allow":["GET"]}}],"collection":[{"href":"https:\/\/bacaratds.com.ar\/cosechatardia\/wp-json\/wp\/v2\/product"}],"about":[{"href":"https:\/\/bacaratds.com.ar\/cosechatardia\/wp-json\/wp\/v2\/types\/product"}],"replies":[{"embeddable":true,"href":"https:\/\/bacaratds.com.ar\/cosechatardia\/wp-json\/wp\/v2\/comments?post=1302"}],"wp:featuredmedia":[{"embeddable":true,"href":"https:\/\/bacaratds.com.ar\/cosechatardia\/wp-json\/wp\/v2\/media\/1304"}],"wp:attachment":[{"href":"https:\/\/bacaratds.com.ar\/cosechatardia\/wp-json\/wp\/v2\/media?parent=1302"}],"wp:term":[{"taxonomy":"product_brand","embeddable":true,"href":"https:\/\/bacaratds.com.ar\/cosechatardia\/wp-json\/wp\/v2\/product_brand?post=1302"},{"taxonomy":"product_cat","embeddable":true,"href":"https:\/\/bacaratds.com.ar\/cosechatardia\/wp-json\/wp\/v2\/product_cat?post=1302"},{"taxonomy":"product_tag","embeddable":true,"href":"https:\/\/bacaratds.com.ar\/cosechatardia\/wp-json\/wp\/v2\/product_tag?post=1302"}],"curies":[{"name":"wp","href":"https:\/\/api.w.org\/{rel}","templated":true}]}}