{"id":1300,"date":"2025-02-25T21:35:22","date_gmt":"2025-02-25T21:35:22","guid":{"rendered":"https:\/\/bacaratds.com.ar\/cosechatardia\/?post_type=product&#038;p=1300"},"modified":"2026-02-20T19:12:45","modified_gmt":"2026-02-20T19:12:45","slug":"petit-verdot-reserve-trumpeter","status":"publish","type":"product","link":"https:\/\/bacaratds.com.ar\/cosechatardia\/producto\/petit-verdot-reserve-trumpeter\/","title":{"rendered":"Petit Verdot reserve Trumpeter"},"content":{"rendered":"<p>Variedad: 100% Petit Verdot de Valle de Uco.<\/p>\n<p>De los vi\u00f1edos al pie de la Cordillera de Los Andes, en una zona de gran amplitud t\u00e9rmica, fueron cosechadas en su punto \u00f3ptimo de madurez las uvas para elaborar este vino. Con el objeto de obtener la mayor concentraci\u00f3n posible sin la extracci\u00f3n de taninos secos, fue fermentado en nuevos tanques c\u00f3nicos de acero inoxidable.<\/p>\n<p>Crianza en barricas: 9 meses (30% roble franc\u00e9s nuevo y 70% de segundo uso).<\/p>\n<p>Se ha logrado un vino de color rojo viol\u00e1ceo intenso, con aromas de especias, notas mentoladas y bals\u00e1micas y una amplia gama arom\u00e1tica de frutos negros maduros acompa\u00f1ados con las notas de vainilla y chocolate aportadas por el roble. En boca es un vino de muy buena persistencia, de taninos suaves que acompa\u00f1an un lago final.<\/p>\n","protected":false},"excerpt":{"rendered":"<p>Variedad: 100% Petit Verdot de Valle de Uco. De los vi\u00f1edos al pie de la Cordillera de Los Andes, en una zona de gran amplitud t\u00e9rmica, fueron cosechadas en su punto \u00f3ptimo de madurez las uvas para elaborar este vino. Con el objeto de obtener la mayor concentraci\u00f3n posible sin la extracci\u00f3n de taninos secos,&hellip;<\/p>\n","protected":false},"featured_media":1301,"comment_status":"open","ping_status":"closed","template":"","meta":[],"product_brand":[122,123],"product_cat":[67,62],"product_tag":[],"class_list":{"0":"post-1300","1":"product","2":"type-product","3":"status-publish","4":"has-post-thumbnail","6":"product_brand-rutini-wines","7":"product_brand-trumpeter","8":"product_cat-vino-premium-vino-tinto","9":"product_cat-vino-tinto","10":"product_shipping_class-a-coordinar-con-cliente","12":"first","13":"instock","14":"purchasable","15":"product-type-simple"},"_links":{"self":[{"href":"https:\/\/bacaratds.com.ar\/cosechatardia\/wp-json\/wp\/v2\/product\/1300","targetHints":{"allow":["GET"]}}],"collection":[{"href":"https:\/\/bacaratds.com.ar\/cosechatardia\/wp-json\/wp\/v2\/product"}],"about":[{"href":"https:\/\/bacaratds.com.ar\/cosechatardia\/wp-json\/wp\/v2\/types\/product"}],"replies":[{"embeddable":true,"href":"https:\/\/bacaratds.com.ar\/cosechatardia\/wp-json\/wp\/v2\/comments?post=1300"}],"wp:featuredmedia":[{"embeddable":true,"href":"https:\/\/bacaratds.com.ar\/cosechatardia\/wp-json\/wp\/v2\/media\/1301"}],"wp:attachment":[{"href":"https:\/\/bacaratds.com.ar\/cosechatardia\/wp-json\/wp\/v2\/media?parent=1300"}],"wp:term":[{"taxonomy":"product_brand","embeddable":true,"href":"https:\/\/bacaratds.com.ar\/cosechatardia\/wp-json\/wp\/v2\/product_brand?post=1300"},{"taxonomy":"product_cat","embeddable":true,"href":"https:\/\/bacaratds.com.ar\/cosechatardia\/wp-json\/wp\/v2\/product_cat?post=1300"},{"taxonomy":"product_tag","embeddable":true,"href":"https:\/\/bacaratds.com.ar\/cosechatardia\/wp-json\/wp\/v2\/product_tag?post=1300"}],"curies":[{"name":"wp","href":"https:\/\/api.w.org\/{rel}","templated":true}]}}