{"id":1292,"date":"2025-02-25T20:33:38","date_gmt":"2025-02-25T20:33:38","guid":{"rendered":"https:\/\/bacaratds.com.ar\/cosechatardia\/?post_type=product&#038;p=1292"},"modified":"2026-02-20T19:17:11","modified_gmt":"2026-02-20T19:17:11","slug":"cabernet-franc-malbec-coleccion-rutini","status":"publish","type":"product","link":"https:\/\/bacaratds.com.ar\/cosechatardia\/producto\/cabernet-franc-malbec-coleccion-rutini\/","title":{"rendered":"Cabernet Franc Malbec Colecci\u00f3n Rutini"},"content":{"rendered":"<p>Variedad: 50% Cabernet Franc y 50% Malbec de Valle de Uco.<\/p>\n<p>Crianza: durante 12 meses en barricas de roble franc\u00e9s, 10% nuevo, 90% de segundo y tercer uso.<\/p>\n<p>Potencial de guarda: 6 a\u00f1os<\/p>\n<p>Color viol\u00e1ceo con destellos rub\u00ed. En nariz presenta aromas especiados de azafr\u00e1n, curry y ahumados. Se destacan tambi\u00e9n notas mentoladas, tomate cocido y or\u00e9gano fresco. En boca es un vino redondo, se destaca el gusto frutado de la ciruela y el cassis. Su acidez bien lograda le da un toque de frescura.<\/p>\n","protected":false},"excerpt":{"rendered":"<p>Variedad: 50% Cabernet Franc y 50% Malbec de Valle de Uco. Crianza: durante 12 meses en barricas de roble franc\u00e9s, 10% nuevo, 90% de segundo y tercer uso. Potencial de guarda: 6 a\u00f1os Color viol\u00e1ceo con destellos rub\u00ed. En nariz presenta aromas especiados de azafr\u00e1n, curry y ahumados. Se destacan tambi\u00e9n notas mentoladas, tomate cocido&hellip;<\/p>\n","protected":false},"featured_media":1293,"comment_status":"open","ping_status":"closed","template":"","meta":[],"product_brand":[122],"product_cat":[57,62],"product_tag":[],"class_list":{"0":"post-1292","1":"product","2":"type-product","3":"status-publish","4":"has-post-thumbnail","6":"product_brand-rutini-wines","7":"product_cat-vino-reserva","8":"product_cat-vino-tinto","9":"product_shipping_class-a-coordinar-con-cliente","11":"first","12":"instock","13":"purchasable","14":"product-type-simple"},"_links":{"self":[{"href":"https:\/\/bacaratds.com.ar\/cosechatardia\/wp-json\/wp\/v2\/product\/1292","targetHints":{"allow":["GET"]}}],"collection":[{"href":"https:\/\/bacaratds.com.ar\/cosechatardia\/wp-json\/wp\/v2\/product"}],"about":[{"href":"https:\/\/bacaratds.com.ar\/cosechatardia\/wp-json\/wp\/v2\/types\/product"}],"replies":[{"embeddable":true,"href":"https:\/\/bacaratds.com.ar\/cosechatardia\/wp-json\/wp\/v2\/comments?post=1292"}],"wp:featuredmedia":[{"embeddable":true,"href":"https:\/\/bacaratds.com.ar\/cosechatardia\/wp-json\/wp\/v2\/media\/1293"}],"wp:attachment":[{"href":"https:\/\/bacaratds.com.ar\/cosechatardia\/wp-json\/wp\/v2\/media?parent=1292"}],"wp:term":[{"taxonomy":"product_brand","embeddable":true,"href":"https:\/\/bacaratds.com.ar\/cosechatardia\/wp-json\/wp\/v2\/product_brand?post=1292"},{"taxonomy":"product_cat","embeddable":true,"href":"https:\/\/bacaratds.com.ar\/cosechatardia\/wp-json\/wp\/v2\/product_cat?post=1292"},{"taxonomy":"product_tag","embeddable":true,"href":"https:\/\/bacaratds.com.ar\/cosechatardia\/wp-json\/wp\/v2\/product_tag?post=1292"}],"curies":[{"name":"wp","href":"https:\/\/api.w.org\/{rel}","templated":true}]}}