{"id":1290,"date":"2025-02-25T20:22:03","date_gmt":"2025-02-25T20:22:03","guid":{"rendered":"https:\/\/bacaratds.com.ar\/cosechatardia\/?post_type=product&#038;p=1290"},"modified":"2026-02-20T19:17:25","modified_gmt":"2026-02-20T19:17:25","slug":"cabernet-sauvignon-malbec-coleccion-rutini","status":"publish","type":"product","link":"https:\/\/bacaratds.com.ar\/cosechatardia\/producto\/cabernet-sauvignon-malbec-coleccion-rutini\/","title":{"rendered":"Cabernet Sauvignon Malbec Colecci\u00f3n Rutini"},"content":{"rendered":"<p>Variedades: 50% Cabernet Sauvignon, 50% Malbec<\/p>\n<p>Crianza: se conserv\u00f3 durante 12 meses en barricas de roble franc\u00e9s nuevo (10%) y de segundo uso (90%).<\/p>\n<p>Color rojo rub\u00ed intenso. El d\u00fao de cepas de origen franc\u00e9s da como resultado un tinto armonioso y equilibrado: la Cabernet Sauvignon entrega su car\u00e1cter corp\u00f3reo y pleno, y la Malbec matiza el corte con taninos suaves y dulces, realzando una combinaci\u00f3n \u00fanica de aromas y sabores frutados.<\/p>\n","protected":false},"excerpt":{"rendered":"<p>Variedades: 50% Cabernet Sauvignon, 50% Malbec Crianza: se conserv\u00f3 durante 12 meses en barricas de roble franc\u00e9s nuevo (10%) y de segundo uso (90%). Color rojo rub\u00ed intenso. El d\u00fao de cepas de origen franc\u00e9s da como resultado un tinto armonioso y equilibrado: la Cabernet Sauvignon entrega su car\u00e1cter corp\u00f3reo y pleno, y la Malbec&hellip;<\/p>\n","protected":false},"featured_media":1291,"comment_status":"open","ping_status":"closed","template":"","meta":[],"product_brand":[122],"product_cat":[57,62],"product_tag":[],"class_list":{"0":"post-1290","1":"product","2":"type-product","3":"status-publish","4":"has-post-thumbnail","6":"product_brand-rutini-wines","7":"product_cat-vino-reserva","8":"product_cat-vino-tinto","9":"product_shipping_class-a-coordinar-con-cliente","11":"first","12":"instock","13":"purchasable","14":"product-type-simple"},"_links":{"self":[{"href":"https:\/\/bacaratds.com.ar\/cosechatardia\/wp-json\/wp\/v2\/product\/1290","targetHints":{"allow":["GET"]}}],"collection":[{"href":"https:\/\/bacaratds.com.ar\/cosechatardia\/wp-json\/wp\/v2\/product"}],"about":[{"href":"https:\/\/bacaratds.com.ar\/cosechatardia\/wp-json\/wp\/v2\/types\/product"}],"replies":[{"embeddable":true,"href":"https:\/\/bacaratds.com.ar\/cosechatardia\/wp-json\/wp\/v2\/comments?post=1290"}],"wp:featuredmedia":[{"embeddable":true,"href":"https:\/\/bacaratds.com.ar\/cosechatardia\/wp-json\/wp\/v2\/media\/1291"}],"wp:attachment":[{"href":"https:\/\/bacaratds.com.ar\/cosechatardia\/wp-json\/wp\/v2\/media?parent=1290"}],"wp:term":[{"taxonomy":"product_brand","embeddable":true,"href":"https:\/\/bacaratds.com.ar\/cosechatardia\/wp-json\/wp\/v2\/product_brand?post=1290"},{"taxonomy":"product_cat","embeddable":true,"href":"https:\/\/bacaratds.com.ar\/cosechatardia\/wp-json\/wp\/v2\/product_cat?post=1290"},{"taxonomy":"product_tag","embeddable":true,"href":"https:\/\/bacaratds.com.ar\/cosechatardia\/wp-json\/wp\/v2\/product_tag?post=1290"}],"curies":[{"name":"wp","href":"https:\/\/api.w.org\/{rel}","templated":true}]}}