{"id":1284,"date":"2025-02-24T23:07:38","date_gmt":"2025-02-24T23:07:38","guid":{"rendered":"https:\/\/bacaratds.com.ar\/cosechatardia\/?post_type=product&#038;p=1284"},"modified":"2026-02-20T19:18:06","modified_gmt":"2026-02-20T19:18:06","slug":"pinot-noir-coleccion-rutini","status":"publish","type":"product","link":"https:\/\/bacaratds.com.ar\/cosechatardia\/producto\/pinot-noir-coleccion-rutini\/","title":{"rendered":"Pinot Noir Colecci\u00f3n Rutini"},"content":{"rendered":"<p>Varietal: 100% Pinot Noir de Altamira<\/p>\n<p>Crianza: se conserv\u00f3 durante 12 meses en barricas 20% de roble franc\u00e9s nuevo y 80% roble franc\u00e9s de segundo y tercer uso.<\/p>\n<p>Potencial de guarda: 8 a\u00f1os.<\/p>\n<p>NOTAS DE CATA<\/p>\n<p>Color p\u00farpura de media intensidad con matices rojos. En nariz posee aromas a frutas rojas como cerezas y membrillo, con notas de vainilla y tabaco que le confiere el roble nuevo. En boca es un vino de gran cuerpo y concentraci\u00f3n, algo frutado, con taninos bien dulces.<\/p>\n","protected":false},"excerpt":{"rendered":"<p>Varietal: 100% Pinot Noir de Altamira Crianza: se conserv\u00f3 durante 12 meses en barricas 20% de roble franc\u00e9s nuevo y 80% roble franc\u00e9s de segundo y tercer uso. Potencial de guarda: 8 a\u00f1os. NOTAS DE CATA Color p\u00farpura de media intensidad con matices rojos. En nariz posee aromas a frutas rojas como cerezas y membrillo,&hellip;<\/p>\n","protected":false},"featured_media":1288,"comment_status":"open","ping_status":"closed","template":"","meta":[],"product_brand":[122],"product_cat":[57,62],"product_tag":[],"class_list":{"0":"post-1284","1":"product","2":"type-product","3":"status-publish","4":"has-post-thumbnail","6":"product_brand-rutini-wines","7":"product_cat-vino-reserva","8":"product_cat-vino-tinto","9":"product_shipping_class-a-coordinar-con-cliente","11":"first","12":"instock","13":"purchasable","14":"product-type-simple"},"_links":{"self":[{"href":"https:\/\/bacaratds.com.ar\/cosechatardia\/wp-json\/wp\/v2\/product\/1284","targetHints":{"allow":["GET"]}}],"collection":[{"href":"https:\/\/bacaratds.com.ar\/cosechatardia\/wp-json\/wp\/v2\/product"}],"about":[{"href":"https:\/\/bacaratds.com.ar\/cosechatardia\/wp-json\/wp\/v2\/types\/product"}],"replies":[{"embeddable":true,"href":"https:\/\/bacaratds.com.ar\/cosechatardia\/wp-json\/wp\/v2\/comments?post=1284"}],"wp:featuredmedia":[{"embeddable":true,"href":"https:\/\/bacaratds.com.ar\/cosechatardia\/wp-json\/wp\/v2\/media\/1288"}],"wp:attachment":[{"href":"https:\/\/bacaratds.com.ar\/cosechatardia\/wp-json\/wp\/v2\/media?parent=1284"}],"wp:term":[{"taxonomy":"product_brand","embeddable":true,"href":"https:\/\/bacaratds.com.ar\/cosechatardia\/wp-json\/wp\/v2\/product_brand?post=1284"},{"taxonomy":"product_cat","embeddable":true,"href":"https:\/\/bacaratds.com.ar\/cosechatardia\/wp-json\/wp\/v2\/product_cat?post=1284"},{"taxonomy":"product_tag","embeddable":true,"href":"https:\/\/bacaratds.com.ar\/cosechatardia\/wp-json\/wp\/v2\/product_tag?post=1284"}],"curies":[{"name":"wp","href":"https:\/\/api.w.org\/{rel}","templated":true}]}}