{"id":1282,"date":"2025-02-24T21:27:36","date_gmt":"2025-02-24T21:27:36","guid":{"rendered":"https:\/\/bacaratds.com.ar\/cosechatardia\/?post_type=product&#038;p=1282"},"modified":"2026-02-20T19:18:35","modified_gmt":"2026-02-20T19:18:35","slug":"malbec-coleccion-rutini","status":"publish","type":"product","link":"https:\/\/bacaratds.com.ar\/cosechatardia\/producto\/malbec-coleccion-rutini\/","title":{"rendered":"Malbec Colecci\u00f3n Rutini"},"content":{"rendered":"<p>Variedad: 100% malbec de Altamira, Gualtallary y La Consulta<\/p>\n<p>Crianza: se conserv\u00f3 durante 12 meses en barricas 20% de roble franc\u00e9s nuevo y 80% de segundo uso.<\/p>\n<p>NOTAS DE CATA<\/p>\n<p>Rojo viol\u00e1ceo, con matices azulados. En nariz, se destaca una gran complejidad arom\u00e1tica: notas de ciruelas entremezcladas con especias que recuerdan a vainilla, an\u00eds, pimienta negra y un fondo floral que recuerda a la flor de la violeta. En boca, se reafirman los acentos frutados, sus taninos envolventes y sedosos, bien presentes pero amables, destacan su personalidad y su gran complejidad.<\/p>\n","protected":false},"excerpt":{"rendered":"<p>Variedad: 100% malbec de Altamira, Gualtallary y La Consulta Crianza: se conserv\u00f3 durante 12 meses en barricas 20% de roble franc\u00e9s nuevo y 80% de segundo uso. NOTAS DE CATA Rojo viol\u00e1ceo, con matices azulados. En nariz, se destaca una gran complejidad arom\u00e1tica: notas de ciruelas entremezcladas con especias que recuerdan a vainilla, an\u00eds, pimienta&hellip;<\/p>\n","protected":false},"featured_media":1283,"comment_status":"open","ping_status":"closed","template":"","meta":[],"product_brand":[122],"product_cat":[64,62],"product_tag":[],"class_list":{"0":"post-1282","1":"product","2":"type-product","3":"status-publish","4":"has-post-thumbnail","6":"product_brand-rutini-wines","7":"product_cat-vino-joven-roble","8":"product_cat-vino-tinto","9":"product_shipping_class-a-coordinar-con-cliente","11":"first","12":"instock","13":"purchasable","14":"product-type-simple"},"_links":{"self":[{"href":"https:\/\/bacaratds.com.ar\/cosechatardia\/wp-json\/wp\/v2\/product\/1282","targetHints":{"allow":["GET"]}}],"collection":[{"href":"https:\/\/bacaratds.com.ar\/cosechatardia\/wp-json\/wp\/v2\/product"}],"about":[{"href":"https:\/\/bacaratds.com.ar\/cosechatardia\/wp-json\/wp\/v2\/types\/product"}],"replies":[{"embeddable":true,"href":"https:\/\/bacaratds.com.ar\/cosechatardia\/wp-json\/wp\/v2\/comments?post=1282"}],"wp:featuredmedia":[{"embeddable":true,"href":"https:\/\/bacaratds.com.ar\/cosechatardia\/wp-json\/wp\/v2\/media\/1283"}],"wp:attachment":[{"href":"https:\/\/bacaratds.com.ar\/cosechatardia\/wp-json\/wp\/v2\/media?parent=1282"}],"wp:term":[{"taxonomy":"product_brand","embeddable":true,"href":"https:\/\/bacaratds.com.ar\/cosechatardia\/wp-json\/wp\/v2\/product_brand?post=1282"},{"taxonomy":"product_cat","embeddable":true,"href":"https:\/\/bacaratds.com.ar\/cosechatardia\/wp-json\/wp\/v2\/product_cat?post=1282"},{"taxonomy":"product_tag","embeddable":true,"href":"https:\/\/bacaratds.com.ar\/cosechatardia\/wp-json\/wp\/v2\/product_tag?post=1282"}],"curies":[{"name":"wp","href":"https:\/\/api.w.org\/{rel}","templated":true}]}}