{"id":1280,"date":"2025-02-24T19:45:48","date_gmt":"2025-02-24T19:45:48","guid":{"rendered":"https:\/\/bacaratds.com.ar\/cosechatardia\/?post_type=product&#038;p=1280"},"modified":"2025-09-05T22:46:16","modified_gmt":"2025-09-05T22:46:16","slug":"cabernet-franc-el-enemigo","status":"publish","type":"product","link":"https:\/\/bacaratds.com.ar\/cosechatardia\/producto\/cabernet-franc-el-enemigo\/","title":{"rendered":"Cabernet Franc El Enemigo"},"content":{"rendered":"<p>Composici\u00f3n varietal: 90% Cabernet Franc 10% Malbec<\/p>\n<p><span>Vi\u00f1edo: <\/span><span>Gualtallary, Tupungato. Altitud: 1470 m.<\/span><\/p>\n<p><span>Tipo de suelo: Suelo <\/span><span>profundo-calc\u00e1reo y rocoso.<\/span><\/p>\n<p><span>Vinificaci\u00f3n: <\/span><span>Levadura salvaje, temperatura m\u00e1xima 28\u00b0C durante 22 d\u00edas, con 28 d\u00edas de maceraci\u00f3n. 5 tiempos de cosecha diferentes (5 semanas entre la primera y la \u00faltima).<\/span><\/p>\n<p><span>Crianza de <\/span><span>16 meses en barricas de roble franc\u00e9s, 20% nuevas.<\/span><\/p>\n<p><span>Alcohol: 13,5% vol<\/span><br \/>\n<span>Acidez \/ pH: 6,1 \/ 3,03<\/span><br \/>\n<span>Socio y En\u00f3logo: Alejandro Vigil<\/span><\/p>\n<p>Este Cabernet Franc es de color rojo rub\u00ed con tonos violetas suaves.<\/p>\n<p>En nariz, aromas intensos y notas concentradas de cassis, grosellas maduras y especias dulces que incluyen la pimienta negra.<\/p>\n<p>Su paso por roble ofrece notas integradas de cedro y vainilla. Impacto fresco y excelente estructura en boca, que recuerda a frutos rojos maduros con notas de eucalipto y pimienta negra. Este vino tiene un excelente equilibrio y elegancia con un final persistente bien estructurado.<\/p>\n<p>&nbsp;<\/p>\n","protected":false},"excerpt":{"rendered":"<p>Composici\u00f3n varietal: 90% Cabernet Franc 10% Malbec Vi\u00f1edo: Gualtallary, Tupungato. Altitud: 1470 m. Tipo de suelo: Suelo profundo-calc\u00e1reo y rocoso. Vinificaci\u00f3n: Levadura salvaje, temperatura m\u00e1xima 28\u00b0C durante 22 d\u00edas, con 28 d\u00edas de maceraci\u00f3n. 5 tiempos de cosecha diferentes (5 semanas entre la primera y la \u00faltima). Crianza de 16 meses en barricas de roble&hellip;<\/p>\n","protected":false},"featured_media":1281,"comment_status":"open","ping_status":"closed","template":"","meta":[],"product_brand":[115,116],"product_cat":[57,62],"product_tag":[],"class_list":{"0":"post-1280","1":"product","2":"type-product","3":"status-publish","4":"has-post-thumbnail","6":"product_brand-bodega-aleanna","7":"product_brand-el-enemigo","8":"product_cat-vino-reserva","9":"product_cat-vino-tinto","10":"product_shipping_class-a-coordinar-con-cliente","12":"first","13":"instock","14":"purchasable","15":"product-type-simple"},"_links":{"self":[{"href":"https:\/\/bacaratds.com.ar\/cosechatardia\/wp-json\/wp\/v2\/product\/1280","targetHints":{"allow":["GET"]}}],"collection":[{"href":"https:\/\/bacaratds.com.ar\/cosechatardia\/wp-json\/wp\/v2\/product"}],"about":[{"href":"https:\/\/bacaratds.com.ar\/cosechatardia\/wp-json\/wp\/v2\/types\/product"}],"replies":[{"embeddable":true,"href":"https:\/\/bacaratds.com.ar\/cosechatardia\/wp-json\/wp\/v2\/comments?post=1280"}],"wp:featuredmedia":[{"embeddable":true,"href":"https:\/\/bacaratds.com.ar\/cosechatardia\/wp-json\/wp\/v2\/media\/1281"}],"wp:attachment":[{"href":"https:\/\/bacaratds.com.ar\/cosechatardia\/wp-json\/wp\/v2\/media?parent=1280"}],"wp:term":[{"taxonomy":"product_brand","embeddable":true,"href":"https:\/\/bacaratds.com.ar\/cosechatardia\/wp-json\/wp\/v2\/product_brand?post=1280"},{"taxonomy":"product_cat","embeddable":true,"href":"https:\/\/bacaratds.com.ar\/cosechatardia\/wp-json\/wp\/v2\/product_cat?post=1280"},{"taxonomy":"product_tag","embeddable":true,"href":"https:\/\/bacaratds.com.ar\/cosechatardia\/wp-json\/wp\/v2\/product_tag?post=1280"}],"curies":[{"name":"wp","href":"https:\/\/api.w.org\/{rel}","templated":true}]}}