{"id":1276,"date":"2025-02-24T19:06:51","date_gmt":"2025-02-24T19:06:51","guid":{"rendered":"https:\/\/bacaratds.com.ar\/cosechatardia\/?post_type=product&#038;p=1276"},"modified":"2026-02-12T23:03:47","modified_gmt":"2026-02-12T23:03:47","slug":"pinot-noir-reserve-alamos","status":"publish","type":"product","link":"https:\/\/bacaratds.com.ar\/cosechatardia\/producto\/pinot-noir-reserve-alamos\/","title":{"rendered":"Pinot Noir reserve Alamos"},"content":{"rendered":"<p>Variedad: 100% Pinot Noir.<\/p>\n<p>Origen: Se han seleccionado las mejores hileras de tres vi\u00f1as de altura plantadas al pie de la Cordillera de Los Andes.<\/p>\n<p>Alcohol: 12.9%<\/p>\n<p>Elaboraci\u00f3n: Cosecha manual. Fermentaci\u00f3n con levaduras seleccionadas, m\u00e1xima temperatura de fermentaci\u00f3n 15\u00b0 C durante 40 d\u00edas. Sin fermentaci\u00f3n malol\u00e1ctica. Crianza en barricas de roble franc\u00e9s durante 14 meses.<\/p>\n","protected":false},"excerpt":{"rendered":"<p>Variedad: 100% Pinot Noir. Origen: Se han seleccionado las mejores hileras de tres vi\u00f1as de altura plantadas al pie de la Cordillera de Los Andes. Alcohol: 12.9% Elaboraci\u00f3n: Cosecha manual. Fermentaci\u00f3n con levaduras seleccionadas, m\u00e1xima temperatura de fermentaci\u00f3n 15\u00b0 C durante 40 d\u00edas. Sin fermentaci\u00f3n malol\u00e1ctica. Crianza en barricas de roble franc\u00e9s durante 14 meses.<\/p>\n","protected":false},"featured_media":1277,"comment_status":"open","ping_status":"closed","template":"","meta":[],"product_brand":[114],"product_cat":[57,62],"product_tag":[],"class_list":{"0":"post-1276","1":"product","2":"type-product","3":"status-publish","4":"has-post-thumbnail","6":"product_brand-alamos","7":"product_cat-vino-reserva","8":"product_cat-vino-tinto","9":"product_shipping_class-a-coordinar-con-cliente","11":"first","12":"instock","13":"purchasable","14":"product-type-simple"},"_links":{"self":[{"href":"https:\/\/bacaratds.com.ar\/cosechatardia\/wp-json\/wp\/v2\/product\/1276","targetHints":{"allow":["GET"]}}],"collection":[{"href":"https:\/\/bacaratds.com.ar\/cosechatardia\/wp-json\/wp\/v2\/product"}],"about":[{"href":"https:\/\/bacaratds.com.ar\/cosechatardia\/wp-json\/wp\/v2\/types\/product"}],"replies":[{"embeddable":true,"href":"https:\/\/bacaratds.com.ar\/cosechatardia\/wp-json\/wp\/v2\/comments?post=1276"}],"wp:featuredmedia":[{"embeddable":true,"href":"https:\/\/bacaratds.com.ar\/cosechatardia\/wp-json\/wp\/v2\/media\/1277"}],"wp:attachment":[{"href":"https:\/\/bacaratds.com.ar\/cosechatardia\/wp-json\/wp\/v2\/media?parent=1276"}],"wp:term":[{"taxonomy":"product_brand","embeddable":true,"href":"https:\/\/bacaratds.com.ar\/cosechatardia\/wp-json\/wp\/v2\/product_brand?post=1276"},{"taxonomy":"product_cat","embeddable":true,"href":"https:\/\/bacaratds.com.ar\/cosechatardia\/wp-json\/wp\/v2\/product_cat?post=1276"},{"taxonomy":"product_tag","embeddable":true,"href":"https:\/\/bacaratds.com.ar\/cosechatardia\/wp-json\/wp\/v2\/product_tag?post=1276"}],"curies":[{"name":"wp","href":"https:\/\/api.w.org\/{rel}","templated":true}]}}