{"id":1274,"date":"2025-02-24T18:58:46","date_gmt":"2025-02-24T18:58:46","guid":{"rendered":"https:\/\/bacaratds.com.ar\/cosechatardia\/?post_type=product&#038;p=1274"},"modified":"2026-02-12T23:03:59","modified_gmt":"2026-02-12T23:03:59","slug":"malbec-reserve-alamos","status":"publish","type":"product","link":"https:\/\/bacaratds.com.ar\/cosechatardia\/producto\/malbec-reserve-alamos\/","title":{"rendered":"Malbec reserve Alamos"},"content":{"rendered":"<p>Variedad: 100% malbec.<\/p>\n<p>Origen: Se han seleccionado las mejores hileras de 3 vi\u00f1as de altura plantadas al pie de la Cordillera de Los Andes.<\/p>\n<p>Elaboraci\u00f3n: fermentaci\u00f3n en barricas de roble de 225 litros. Crianza de 18 meses en barricas de roble franc\u00e9s y 8 meses en botella.<\/p>\n<p>Alcohol: 13.3%<\/p>\n<p>Presenta un color con intensas notas p\u00farpuras y oscuras t\u00edpicas de la variedad\u00a0 y de su zona de cultivo.<\/p>\n<p>Con aromas a frutos negros, especias, ar\u00e1ndanos, moka y tostado del roble.<\/p>\n<p>En boca es complejo, voluminoso y maduro, con notas de cassis y frutos negros. Fresca acidez y concentraci\u00f3n en buen balance. Persistencia notable por su paso por roble.<\/p>\n","protected":false},"excerpt":{"rendered":"<p>Variedad: 100% malbec. Origen: Se han seleccionado las mejores hileras de 3 vi\u00f1as de altura plantadas al pie de la Cordillera de Los Andes. Elaboraci\u00f3n: fermentaci\u00f3n en barricas de roble de 225 litros. Crianza de 18 meses en barricas de roble franc\u00e9s y 8 meses en botella. Alcohol: 13.3% Presenta un color con intensas notas&hellip;<\/p>\n","protected":false},"featured_media":1275,"comment_status":"open","ping_status":"closed","template":"","meta":[],"product_brand":[114],"product_cat":[57,62],"product_tag":[],"class_list":{"0":"post-1274","1":"product","2":"type-product","3":"status-publish","4":"has-post-thumbnail","6":"product_brand-alamos","7":"product_cat-vino-reserva","8":"product_cat-vino-tinto","9":"product_shipping_class-a-coordinar-con-cliente","11":"first","12":"instock","13":"purchasable","14":"product-type-simple"},"_links":{"self":[{"href":"https:\/\/bacaratds.com.ar\/cosechatardia\/wp-json\/wp\/v2\/product\/1274","targetHints":{"allow":["GET"]}}],"collection":[{"href":"https:\/\/bacaratds.com.ar\/cosechatardia\/wp-json\/wp\/v2\/product"}],"about":[{"href":"https:\/\/bacaratds.com.ar\/cosechatardia\/wp-json\/wp\/v2\/types\/product"}],"replies":[{"embeddable":true,"href":"https:\/\/bacaratds.com.ar\/cosechatardia\/wp-json\/wp\/v2\/comments?post=1274"}],"wp:featuredmedia":[{"embeddable":true,"href":"https:\/\/bacaratds.com.ar\/cosechatardia\/wp-json\/wp\/v2\/media\/1275"}],"wp:attachment":[{"href":"https:\/\/bacaratds.com.ar\/cosechatardia\/wp-json\/wp\/v2\/media?parent=1274"}],"wp:term":[{"taxonomy":"product_brand","embeddable":true,"href":"https:\/\/bacaratds.com.ar\/cosechatardia\/wp-json\/wp\/v2\/product_brand?post=1274"},{"taxonomy":"product_cat","embeddable":true,"href":"https:\/\/bacaratds.com.ar\/cosechatardia\/wp-json\/wp\/v2\/product_cat?post=1274"},{"taxonomy":"product_tag","embeddable":true,"href":"https:\/\/bacaratds.com.ar\/cosechatardia\/wp-json\/wp\/v2\/product_tag?post=1274"}],"curies":[{"name":"wp","href":"https:\/\/api.w.org\/{rel}","templated":true}]}}